{"id":6112,"date":"2026-05-13T19:20:08","date_gmt":"2026-05-14T00:20:08","guid":{"rendered":"https:\/\/www.escom.edu.co\/?page_id=6112"},"modified":"2026-05-13T19:40:36","modified_gmt":"2026-05-14T00:40:36","slug":"021-boletin-flisol-2026","status":"publish","type":"page","link":"https:\/\/www.escom.edu.co\/?page_id=6112","title":{"rendered":"021 Boletin FLISOL 2026"},"content":{"rendered":"\t\t<div data-elementor-type=\"wp-page\" data-elementor-id=\"6112\" class=\"elementor elementor-6112\">\n\t\t\t\t<div class=\"elementor-element elementor-element-7704d6e e-flex e-con-boxed e-con e-parent\" data-id=\"7704d6e\" data-element_type=\"container\" data-e-type=\"container\">\n\t\t\t\t\t<div class=\"e-con-inner\">\n\t\t<div class=\"elementor-element elementor-element-3ce7b87 e-con-full e-flex e-con e-child\" data-id=\"3ce7b87\" data-element_type=\"container\" data-e-type=\"container\">\n\t\t\t\t<div class=\"elementor-element elementor-element-5883cfe elementor-widget__width-initial elementor-widget elementor-widget-heading\" data-id=\"5883cfe\" data-element_type=\"widget\" data-e-type=\"widget\" data-widget_type=\"heading.default\">\n\t\t\t\t<div class=\"elementor-widget-container\">\n\t\t\t\t\t<h2 class=\"elementor-heading-title elementor-size-default\">Bolet\u00edn de Prensa <br> No. 021 <br> Fecha 12 de Mayo del 2026<\/h2>\t\t\t\t<\/div>\n\t\t\t\t<\/div>\n\t\t\t\t<\/div>\n\t\t\t\t\t<\/div>\n\t\t\t\t<\/div>\n\t\t<div class=\"elementor-element elementor-element-0ba2608 e-flex e-con-boxed e-con e-parent\" data-id=\"0ba2608\" data-element_type=\"container\" data-e-type=\"container\">\n\t\t\t\t\t<div class=\"e-con-inner\">\n\t\t\t\t<div class=\"elementor-element elementor-element-ae919e7 elementor-widget elementor-widget-heading\" data-id=\"ae919e7\" data-element_type=\"widget\" data-e-type=\"widget\" data-widget_type=\"heading.default\">\n\t\t\t\t<div class=\"elementor-widget-container\">\n\t\t\t\t\t<h2 class=\"elementor-heading-title elementor-size-default\">Ej\u00e9rcito Nacional particip\u00f3 en el FLISOL 2026 en Facatativ\u00e1<\/h2>\t\t\t\t<\/div>\n\t\t\t\t<\/div>\n\t\t\t\t\t<\/div>\n\t\t\t\t<\/div>\n\t\t<div class=\"elementor-element elementor-element-81c966b e-flex e-con-boxed e-con e-parent\" data-id=\"81c966b\" data-element_type=\"container\" data-e-type=\"container\">\n\t\t\t\t\t<div class=\"e-con-inner\">\n\t\t<div class=\"elementor-element elementor-element-1f79f5a e-con-full e-flex e-con e-child\" data-id=\"1f79f5a\" data-element_type=\"container\" data-e-type=\"container\">\n\t\t\t\t<div class=\"elementor-element elementor-element-e007998 elementor-pagination-position-outside elementor-widget elementor-widget-image-carousel\" data-id=\"e007998\" data-element_type=\"widget\" data-e-type=\"widget\" data-settings=\"{&quot;navigation&quot;:&quot;dots&quot;,&quot;slides_to_show&quot;:&quot;2&quot;,&quot;autoplay&quot;:&quot;yes&quot;,&quot;pause_on_hover&quot;:&quot;yes&quot;,&quot;pause_on_interaction&quot;:&quot;yes&quot;,&quot;autoplay_speed&quot;:5000,&quot;infinite&quot;:&quot;yes&quot;,&quot;speed&quot;:500,&quot;image_spacing_custom&quot;:{&quot;unit&quot;:&quot;px&quot;,&quot;size&quot;:20,&quot;sizes&quot;:[]},&quot;image_spacing_custom_tablet&quot;:{&quot;unit&quot;:&quot;px&quot;,&quot;size&quot;:&quot;&quot;,&quot;sizes&quot;:[]},&quot;image_spacing_custom_mobile&quot;:{&quot;unit&quot;:&quot;px&quot;,&quot;size&quot;:&quot;&quot;,&quot;sizes&quot;:[]}}\" data-widget_type=\"image-carousel.default\">\n\t\t\t\t<div class=\"elementor-widget-container\">\n\t\t\t\t\t\t\t<div class=\"elementor-image-carousel-wrapper swiper\" role=\"region\" aria-roledescription=\"carousel\" aria-label=\"Carrusel de im\u00e1genes\" dir=\"ltr\">\n\t\t\t<div class=\"elementor-image-carousel swiper-wrapper\" aria-live=\"off\">\n\t\t\t\t\t\t\t\t<div class=\"swiper-slide\" role=\"group\" aria-roledescription=\"slide\" aria-label=\"1 de 3\"><figure class=\"swiper-slide-inner\"><img fetchpriority=\"high\" decoding=\"async\" src=\"https:\/\/www.escom.edu.co\/wp-content\/uploads\/2026\/05\/fli1.jpg\" alt=\"fli1\" class=\"swiper-slide-image\" width=\"625\" height=\"417\" \/><\/figure><\/div><div class=\"swiper-slide\" role=\"group\" aria-roledescription=\"slide\" aria-label=\"2 de 3\"><figure class=\"swiper-slide-inner\"><img decoding=\"async\" src=\"https:\/\/www.escom.edu.co\/wp-content\/uploads\/2026\/05\/fli2.jpg\" alt=\"fli2\" class=\"swiper-slide-image\" width=\"624\" height=\"416\" \/><\/figure><\/div><div class=\"swiper-slide\" role=\"group\" aria-roledescription=\"slide\" aria-label=\"3 de 3\"><figure class=\"swiper-slide-inner\"><img decoding=\"async\" src=\"https:\/\/www.escom.edu.co\/wp-content\/uploads\/2026\/05\/fli3.jpg\" alt=\"fli3\" class=\"swiper-slide-image\" width=\"623\" height=\"415\" \/><\/figure><\/div>\t\t\t<\/div>\n\t\t\t\t\t\t\t\n\t\t\t\t\t\t\t\t\t<div class=\"swiper-pagination\"><\/div>\n\t\t\t\t\t\t\t\t\t<\/div>\n\t\t\t\t\t\t<\/div>\n\t\t\t\t<\/div>\n\t\t\t\t<\/div>\n\t\t\t\t\t<\/div>\n\t\t\t\t<\/div>\n\t\t<div class=\"elementor-element elementor-element-d91be54 e-flex e-con-boxed e-con e-parent\" data-id=\"d91be54\" data-element_type=\"container\" data-e-type=\"container\">\n\t\t\t\t\t<div class=\"e-con-inner\">\n\t\t<div class=\"elementor-element elementor-element-a00c74c e-con-full e-flex e-con e-child\" data-id=\"a00c74c\" data-element_type=\"container\" data-e-type=\"container\">\n\t\t\t\t<div class=\"elementor-element elementor-element-1b1c72d elementor-widget elementor-widget-text-editor\" data-id=\"1b1c72d\" data-element_type=\"widget\" data-e-type=\"widget\" data-widget_type=\"text-editor.default\">\n\t\t\t\t<div class=\"elementor-widget-container\">\n\t\t\t\t\t\t\t\t\t<p>La Escuela de Comunicaciones Militares de Facatativ\u00e1 fue anfitriona del Festival Latinoamericano de Instalaci\u00f3n de Software Libre, FLISOL 2026, desarrollado en el Teatro de Comunicaciones, en articulaci\u00f3n con la Universidad Nacional Abierta y a Distancia, UNAD, y la Instituci\u00f3n Universitaria Comando de Educaci\u00f3n y Doctrina del Ej\u00e9rcito Nacional, IU CEDOC.<\/p><p>La jornada acad\u00e9mica, titulada \u00abHorizontes Abiertos: Aplicaciones Multidisciplinarias de Software Libre y An\u00e1lisis de Datos\u00bb, tuvo como prop\u00f3sito promover el intercambio de experiencias acad\u00e9micas, investigativas y tecnol\u00f3gicas en torno al uso del software libre, el an\u00e1lisis de datos y sus aplicaciones en distintos campos del conocimiento.<\/p><p>El evento reuni\u00f3 a estudiantes, docentes, investigadores, semilleros de investigaci\u00f3n, j\u00f3venes investigadores, representantes de instituciones de educaci\u00f3n superior y entidades gubernamentales, consolid\u00e1ndose como un espacio de di\u00e1logo, aprendizaje y cooperaci\u00f3n interinstitucional orientado al fortalecimiento del conocimiento abierto y la apropiaci\u00f3n tecnol\u00f3gica.<\/p><p>Durante la jornada se desarrollaron tres conferencias magistrales. La ingeniera Laura Juliana Leal Lugo present\u00f3 la ponencia \u00abExploraci\u00f3n Bioinform\u00e1tica con<\/p><p>Software Libre del Potencial Degradador de Microorganismos de la Plastisfera\u00bb, enfocada en el uso de herramientas bioinform\u00e1ticas aplicadas a problem\u00e1ticas ambientales y biotecnol\u00f3gicas. Posteriormente, el mayor Francisco Leonardo Patarroyo Benavides, oficial de la Escuela de Comunicaciones Militares, con la conferencia \u00abAn\u00e1lisis de Datos para la Planificaci\u00f3n de Redes T\u00e1cticas con Software Libre\u00bb, resaltando la importancia del an\u00e1lisis de datos como herramienta para la planificaci\u00f3n, optimizaci\u00f3n y toma de decisiones en entornos t\u00e1cticos y operacionales.<\/p><p>Por \u00faltimo, la actividad cerr\u00f3 con la intervenci\u00f3n de la ingeniera Nadia Luz Su\u00e1rez Albarrac\u00edn, quien expuso la conferencia \u00abGeointeligencia Artificial con Software Libre: aplicaciones pr\u00e1cticas con SIG\u00bb, orientada al uso de sistemas de informaci\u00f3n geogr\u00e1fica, inteligencia artificial y herramientas libres aplicadas al an\u00e1lisis territorial. As\u00ed mismo, la Direcci\u00f3n TIC de la Alcald\u00eda de Facatativ\u00e1, liderada por el doctor Mauricio Pinto y su equipo de trabajo, socializ\u00f3 la FacaApp, una herramienta tecnol\u00f3gica dise\u00f1ada para aportar beneficios a la comunidad facatative\u00f1a y fortalecer los procesos de interacci\u00f3n digital en el municipio.<\/p><p>Con la realizaci\u00f3n de este evento, la Escuela de Comunicaciones Militares, como instituci\u00f3n anfitriona, reafirm\u00f3 su compromiso con la formaci\u00f3n integral, la transferencia de conocimiento, la innovaci\u00f3n y la generaci\u00f3n de espacios acad\u00e9micos que contribuyen al desarrollo educativo, tecnol\u00f3gico y social de la regi\u00f3n y del pa\u00eds.<\/p><p><strong>Prensa ESCOM<\/strong><\/p>\t\t\t\t\t\t\t\t<\/div>\n\t\t\t\t<\/div>\n\t\t\t\t<\/div>\n\t\t\t\t\t<\/div>\n\t\t\t\t<\/div>\n\t\t\t\t<\/div>\n\t\t","protected":false},"excerpt":{"rendered":"<p>Bolet\u00edn de Prensa No. 021 Fecha 12 de Mayo del 2026 Ej\u00e9rcito Nacional particip\u00f3 en el FLISOL 2026 en Facatativ\u00e1 La Escuela de Comunicaciones Militares de Facatativ\u00e1 fue anfitriona del Festival Latinoamericano de Instalaci\u00f3n de Software Libre, FLISOL 2026, desarrollado en el Teatro de Comunicaciones, en articulaci\u00f3n con la Universidad Nacional Abierta y a Distancia, [&hellip;]<\/p>\n","protected":false},"author":1,"featured_media":0,"parent":0,"menu_order":0,"comment_status":"closed","ping_status":"closed","template":"","meta":{"footnotes":""},"class_list":["post-6112","page","type-page","status-publish","hentry"],"_links":{"self":[{"href":"https:\/\/www.escom.edu.co\/index.php?rest_route=\/wp\/v2\/pages\/6112","targetHints":{"allow":["GET"]}}],"collection":[{"href":"https:\/\/www.escom.edu.co\/index.php?rest_route=\/wp\/v2\/pages"}],"about":[{"href":"https:\/\/www.escom.edu.co\/index.php?rest_route=\/wp\/v2\/types\/page"}],"author":[{"embeddable":true,"href":"https:\/\/www.escom.edu.co\/index.php?rest_route=\/wp\/v2\/users\/1"}],"replies":[{"embeddable":true,"href":"https:\/\/www.escom.edu.co\/index.php?rest_route=%2Fwp%2Fv2%2Fcomments&post=6112"}],"version-history":[{"count":28,"href":"https:\/\/www.escom.edu.co\/index.php?rest_route=\/wp\/v2\/pages\/6112\/revisions"}],"predecessor-version":[{"id":6168,"href":"https:\/\/www.escom.edu.co\/index.php?rest_route=\/wp\/v2\/pages\/6112\/revisions\/6168"}],"wp:attachment":[{"href":"https:\/\/www.escom.edu.co\/index.php?rest_route=%2Fwp%2Fv2%2Fmedia&parent=6112"}],"curies":[{"name":"wp","href":"https:\/\/api.w.org\/{rel}","templated":true}]}}