{"id":6059,"date":"2026-04-27T21:09:29","date_gmt":"2026-04-28T02:09:29","guid":{"rendered":"https:\/\/www.escom.edu.co\/?page_id=6059"},"modified":"2026-04-27T21:13:58","modified_gmt":"2026-04-28T02:13:58","slug":"017-stand-capacidades-comunicaciones","status":"publish","type":"page","link":"https:\/\/www.escom.edu.co\/?page_id=6059","title":{"rendered":"017 Stand Capacidades Comunicaciones"},"content":{"rendered":"\t\t<div data-elementor-type=\"wp-page\" data-elementor-id=\"6059\" class=\"elementor elementor-6059\">\n\t\t\t\t<div class=\"elementor-element elementor-element-1c171b6 e-flex e-con-boxed e-con e-parent\" data-id=\"1c171b6\" data-element_type=\"container\" data-e-type=\"container\">\n\t\t\t\t\t<div class=\"e-con-inner\">\n\t\t<div class=\"elementor-element elementor-element-652acff e-con-full e-flex e-con e-child\" data-id=\"652acff\" data-element_type=\"container\" data-e-type=\"container\">\n\t\t\t\t<div class=\"elementor-element elementor-element-6449404 elementor-widget__width-initial elementor-widget elementor-widget-heading\" data-id=\"6449404\" data-element_type=\"widget\" data-e-type=\"widget\" data-widget_type=\"heading.default\">\n\t\t\t\t<div class=\"elementor-widget-container\">\n\t\t\t\t\t<h2 class=\"elementor-heading-title elementor-size-default\">Bolet\u00edn de Prensa <br> No. 017<br> Fecha 7 de Abril del 2026<\/h2>\t\t\t\t<\/div>\n\t\t\t\t<\/div>\n\t\t\t\t<\/div>\n\t\t\t\t\t<\/div>\n\t\t\t\t<\/div>\n\t\t<div class=\"elementor-element elementor-element-0e204ea e-flex e-con-boxed e-con e-parent\" data-id=\"0e204ea\" data-element_type=\"container\" data-e-type=\"container\">\n\t\t\t\t\t<div class=\"e-con-inner\">\n\t\t\t\t<div class=\"elementor-element elementor-element-afc493a elementor-widget elementor-widget-heading\" data-id=\"afc493a\" data-element_type=\"widget\" data-e-type=\"widget\" data-widget_type=\"heading.default\">\n\t\t\t\t<div class=\"elementor-widget-container\">\n\t\t\t\t\t<h2 class=\"elementor-heading-title elementor-size-default\">Stand de Capacidades del Arma de Comunicaciones fortalece la formaci\u00f3n de dragoneantes en Tolemaida<\/h2>\t\t\t\t<\/div>\n\t\t\t\t<\/div>\n\t\t\t\t\t<\/div>\n\t\t\t\t<\/div>\n\t\t<div class=\"elementor-element elementor-element-9969c34 e-flex e-con-boxed e-con e-parent\" data-id=\"9969c34\" data-element_type=\"container\" data-e-type=\"container\">\n\t\t\t\t\t<div class=\"e-con-inner\">\n\t\t<div class=\"elementor-element elementor-element-ccd4281 e-con-full e-flex e-con e-child\" data-id=\"ccd4281\" data-element_type=\"container\" data-e-type=\"container\">\n\t\t\t\t<div class=\"elementor-element elementor-element-2493fd6 elementor-pagination-position-outside elementor-widget elementor-widget-image-carousel\" data-id=\"2493fd6\" data-element_type=\"widget\" data-e-type=\"widget\" data-settings=\"{&quot;navigation&quot;:&quot;dots&quot;,&quot;autoplay&quot;:&quot;yes&quot;,&quot;pause_on_hover&quot;:&quot;yes&quot;,&quot;pause_on_interaction&quot;:&quot;yes&quot;,&quot;autoplay_speed&quot;:5000,&quot;infinite&quot;:&quot;yes&quot;,&quot;speed&quot;:500,&quot;image_spacing_custom&quot;:{&quot;unit&quot;:&quot;px&quot;,&quot;size&quot;:20,&quot;sizes&quot;:[]},&quot;image_spacing_custom_tablet&quot;:{&quot;unit&quot;:&quot;px&quot;,&quot;size&quot;:&quot;&quot;,&quot;sizes&quot;:[]},&quot;image_spacing_custom_mobile&quot;:{&quot;unit&quot;:&quot;px&quot;,&quot;size&quot;:&quot;&quot;,&quot;sizes&quot;:[]}}\" data-widget_type=\"image-carousel.default\">\n\t\t\t\t<div class=\"elementor-widget-container\">\n\t\t\t\t\t\t\t<div class=\"elementor-image-carousel-wrapper swiper\" role=\"region\" aria-roledescription=\"carousel\" aria-label=\"Carrusel de im\u00e1genes\" dir=\"ltr\">\n\t\t\t<div class=\"elementor-image-carousel swiper-wrapper\" aria-live=\"off\">\n\t\t\t\t\t\t\t\t<div class=\"swiper-slide\" role=\"group\" aria-roledescription=\"slide\" aria-label=\"1 de 4\"><figure class=\"swiper-slide-inner\"><img fetchpriority=\"high\" decoding=\"async\" src=\"https:\/\/www.escom.edu.co\/wp-content\/uploads\/2026\/04\/sc4.jpg\" alt=\"sc4\" class=\"swiper-slide-image\" width=\"525\" height=\"393\" \/><\/figure><\/div><div class=\"swiper-slide\" role=\"group\" aria-roledescription=\"slide\" aria-label=\"2 de 4\"><figure class=\"swiper-slide-inner\"><img decoding=\"async\" src=\"https:\/\/www.escom.edu.co\/wp-content\/uploads\/2026\/04\/sc1.jpg\" alt=\"sc1\" class=\"swiper-slide-image\" width=\"536\" height=\"402\" \/><\/figure><\/div><div class=\"swiper-slide\" role=\"group\" aria-roledescription=\"slide\" aria-label=\"3 de 4\"><figure class=\"swiper-slide-inner\"><img decoding=\"async\" src=\"https:\/\/www.escom.edu.co\/wp-content\/uploads\/2026\/04\/sc2.jpg\" alt=\"sc2\" class=\"swiper-slide-image\" width=\"529\" height=\"397\" \/><\/figure><\/div><div class=\"swiper-slide\" role=\"group\" aria-roledescription=\"slide\" aria-label=\"4 de 4\"><figure class=\"swiper-slide-inner\"><img loading=\"lazy\" decoding=\"async\" src=\"https:\/\/www.escom.edu.co\/wp-content\/uploads\/2026\/04\/sc3.jpg\" alt=\"sc3\" class=\"swiper-slide-image\" width=\"521\" height=\"391\" \/><\/figure><\/div>\t\t\t<\/div>\n\t\t\t\t\t\t\t\n\t\t\t\t\t\t\t\t\t<div class=\"swiper-pagination\"><\/div>\n\t\t\t\t\t\t\t\t\t<\/div>\n\t\t\t\t\t\t<\/div>\n\t\t\t\t<\/div>\n\t\t\t\t<\/div>\n\t\t\t\t\t<\/div>\n\t\t\t\t<\/div>\n\t\t<div class=\"elementor-element elementor-element-78eab20 e-flex e-con-boxed e-con e-parent\" data-id=\"78eab20\" data-element_type=\"container\" data-e-type=\"container\">\n\t\t\t\t\t<div class=\"e-con-inner\">\n\t\t<div class=\"elementor-element elementor-element-004732c e-con-full e-flex e-con e-child\" data-id=\"004732c\" data-element_type=\"container\" data-e-type=\"container\">\n\t\t\t\t<div class=\"elementor-element elementor-element-a582f5c elementor-widget elementor-widget-text-editor\" data-id=\"a582f5c\" data-element_type=\"widget\" data-e-type=\"widget\" data-widget_type=\"text-editor.default\">\n\t\t\t\t<div class=\"elementor-widget-container\">\n\t\t\t\t\t\t\t\t\t<p>La Escuela de Comunicaciones Militares llev\u00f3 a cabo el Stand de Capacidades del Arma de Comunicaciones el d\u00eda 07 de abril de 2026 a las 14:00 horas, en las instalaciones del Fuerte Militar de Tolemaida, sector Los Mangos, actividad dirigida al personal de Dragoneantes de la Escuela Militar de Suboficiales \u201cInocencio Chinc\u00e1\u201d.<\/p><p>Esta actividad acad\u00e9mica y operacional tuvo como objetivo principal dar a conocer, fortalecer y consolidar las capacidades del Arma de Comunicaciones, resaltando su importancia estrat\u00e9gica dentro del desarrollo de las operaciones militares. A trav\u00e9s de este espacio, los dragoneantes tuvieron la oportunidad de ampliar sus conocimientos en aspectos tecnol\u00f3gicos, doctrinales y operacionales, fundamentales para el ejercicio de sus futuras funciones como suboficiales del Ej\u00e9rcito Nacional.<\/p><p>Durante la jornada, se realiz\u00f3 la exposici\u00f3n de diferentes sistemas, equipos y capacidades propias del Arma de Comunicaciones, evidenciando el avance y modernizaci\u00f3n de los medios tecnol\u00f3gicos empleados para garantizar la conectividad, el mando y control, as\u00ed como la interoperabilidad en escenarios operacionales. Asimismo, se destac\u00f3 el papel fundamental de las comunicaciones como elemento transversal que permite la coordinaci\u00f3n efectiva de las unidades en el cumplimiento de la misi\u00f3n institucional.<\/p><p>El desarrollo de este stand permiti\u00f3 fortalecer en los participantes la comprensi\u00f3n sobre la relevancia del Arma de Comunicaciones en el apoyo a las operaciones militares, reafirmando su papel estrat\u00e9gico en la seguridad y defensa nacional, as\u00ed como en la toma oportuna de decisiones en el campo de operaciones.<\/p><p>Con este tipo de iniciativas, la Escuela de Comunicaciones Militares contin\u00faa contribuyendo al fortalecimiento de las capacidades institucionales, promoviendo la formaci\u00f3n integral del personal militar mediante espacios de aprendizaje que integran la doctrina, la tecnolog\u00eda y la experiencia operacional.<\/p><p>\u201cCiencia \u2013 Dominio \u2013 Vigilancia\u201d<\/p><p><strong>Prensa ESCOM<\/strong><\/p>\t\t\t\t\t\t\t\t<\/div>\n\t\t\t\t<\/div>\n\t\t\t\t<\/div>\n\t\t\t\t\t<\/div>\n\t\t\t\t<\/div>\n\t\t<div class=\"elementor-element elementor-element-d7f68f0 e-grid e-con-boxed e-con e-parent\" data-id=\"d7f68f0\" data-element_type=\"container\" data-e-type=\"container\">\n\t\t\t\t\t<div class=\"e-con-inner\">\n\t\t\t\t<div class=\"elementor-element elementor-element-9c798fc elementor-widget elementor-widget-site-logo\" data-id=\"9c798fc\" data-element_type=\"widget\" data-e-type=\"widget\" data-settings=\"{&quot;align&quot;:&quot;center&quot;,&quot;width&quot;:{&quot;unit&quot;:&quot;%&quot;,&quot;size&quot;:&quot;&quot;,&quot;sizes&quot;:[]},&quot;width_tablet&quot;:{&quot;unit&quot;:&quot;%&quot;,&quot;size&quot;:&quot;&quot;,&quot;sizes&quot;:[]},&quot;width_mobile&quot;:{&quot;unit&quot;:&quot;%&quot;,&quot;size&quot;:&quot;&quot;,&quot;sizes&quot;:[]},&quot;space&quot;:{&quot;unit&quot;:&quot;%&quot;,&quot;size&quot;:&quot;&quot;,&quot;sizes&quot;:[]},&quot;space_tablet&quot;:{&quot;unit&quot;:&quot;%&quot;,&quot;size&quot;:&quot;&quot;,&quot;sizes&quot;:[]},&quot;space_mobile&quot;:{&quot;unit&quot;:&quot;%&quot;,&quot;size&quot;:&quot;&quot;,&quot;sizes&quot;:[]},&quot;image_border_radius&quot;:{&quot;unit&quot;:&quot;px&quot;,&quot;top&quot;:&quot;&quot;,&quot;right&quot;:&quot;&quot;,&quot;bottom&quot;:&quot;&quot;,&quot;left&quot;:&quot;&quot;,&quot;isLinked&quot;:true},&quot;image_border_radius_tablet&quot;:{&quot;unit&quot;:&quot;px&quot;,&quot;top&quot;:&quot;&quot;,&quot;right&quot;:&quot;&quot;,&quot;bottom&quot;:&quot;&quot;,&quot;left&quot;:&quot;&quot;,&quot;isLinked&quot;:true},&quot;image_border_radius_mobile&quot;:{&quot;unit&quot;:&quot;px&quot;,&quot;top&quot;:&quot;&quot;,&quot;right&quot;:&quot;&quot;,&quot;bottom&quot;:&quot;&quot;,&quot;left&quot;:&quot;&quot;,&quot;isLinked&quot;:true},&quot;caption_padding&quot;:{&quot;unit&quot;:&quot;px&quot;,&quot;top&quot;:&quot;&quot;,&quot;right&quot;:&quot;&quot;,&quot;bottom&quot;:&quot;&quot;,&quot;left&quot;:&quot;&quot;,&quot;isLinked&quot;:true},&quot;caption_padding_tablet&quot;:{&quot;unit&quot;:&quot;px&quot;,&quot;top&quot;:&quot;&quot;,&quot;right&quot;:&quot;&quot;,&quot;bottom&quot;:&quot;&quot;,&quot;left&quot;:&quot;&quot;,&quot;isLinked&quot;:true},&quot;caption_padding_mobile&quot;:{&quot;unit&quot;:&quot;px&quot;,&quot;top&quot;:&quot;&quot;,&quot;right&quot;:&quot;&quot;,&quot;bottom&quot;:&quot;&quot;,&quot;left&quot;:&quot;&quot;,&quot;isLinked&quot;:true},&quot;caption_space&quot;:{&quot;unit&quot;:&quot;px&quot;,&quot;size&quot;:0,&quot;sizes&quot;:[]},&quot;caption_space_tablet&quot;:{&quot;unit&quot;:&quot;px&quot;,&quot;size&quot;:&quot;&quot;,&quot;sizes&quot;:[]},&quot;caption_space_mobile&quot;:{&quot;unit&quot;:&quot;px&quot;,&quot;size&quot;:&quot;&quot;,&quot;sizes&quot;:[]}}\" data-widget_type=\"site-logo.default\">\n\t\t\t\t<div class=\"elementor-widget-container\">\n\t\t\t\t\t\t\t<div class=\"hfe-site-logo\">\n\t\t\t\t\t\t\t\t\t\t\t\t\t<a data-elementor-open-lightbox=\"\"  class='elementor-clickable' href=\"https:\/\/www.escom.edu.co\">\n\t\t\t\t\t\t\t<div class=\"hfe-site-logo-set\">           \n\t\t\t\t<div class=\"hfe-site-logo-container\">\n\t\t\t\t\t\t\t\t\t<img loading=\"lazy\" decoding=\"async\" src=\"https:\/\/www.escom.edu.co\/wp-content\/uploads\/2024\/07\/logos-1-300x300.png\" alt=\"default-logo\" class=\"hfe-site-logo-img elementor-animation-\" width=\"300\" height=\"300\" \/>\n\t\t\t\t<\/div>\n\t\t\t<\/div>\n\t\t\t\t\t\t\t<\/a>\n\t\t\t\t\t\t<\/div>  \n\t\t\t\t\t\t\t<\/div>\n\t\t\t\t<\/div>\n\t\t\t\t<div class=\"elementor-element elementor-element-cd3ac8d elementor-widget__width-auto elementor-widget elementor-widget-text-editor\" data-id=\"cd3ac8d\" data-element_type=\"widget\" data-e-type=\"widget\" data-widget_type=\"text-editor.default\">\n\t\t\t\t<div class=\"elementor-widget-container\">\n\t\t\t\t\t\t\t\t\t<p style=\"text-align: left;\">Calle 5 No. 15 \u2013 00<span style=\"color: var( --e-global-color-text ); letter-spacing: 0px; background-color: var( --e-global-color-c696dce );\">, Barrio Dos Caminos<\/span><\/p>\n<p style=\"text-align: left;\">Cant\u00f3n Militar de Comunicaciones<\/p>\n<p style=\"text-align: left;\">C\u00f3digo postal: 253051<\/p>\n<p>Email: <a href=\"mailto:admisiones.escom@cedoc.edu.co\">admisiones.escom@cedoc.edu.co<\/a><\/p>\n<p>Contacto: 3133003799<\/p>\n<p>Facatativ\u00e1 &#8211; Cundinamarca<\/p>\t\t\t\t\t\t\t\t<\/div>\n\t\t\t\t<\/div>\n\t\t\t\t\t<\/div>\n\t\t\t\t<\/div>\n\t\t\t\t<\/div>\n\t\t","protected":false},"excerpt":{"rendered":"<p>Bolet\u00edn de Prensa No. 017 Fecha 7 de Abril del 2026 Stand de Capacidades del Arma de Comunicaciones fortalece la formaci\u00f3n de dragoneantes en Tolemaida La Escuela de Comunicaciones Militares llev\u00f3 a cabo el Stand de Capacidades del Arma de Comunicaciones el d\u00eda 07 de abril de 2026 a las 14:00 horas, en las instalaciones [&hellip;]<\/p>\n","protected":false},"author":1,"featured_media":0,"parent":0,"menu_order":0,"comment_status":"closed","ping_status":"closed","template":"","meta":{"footnotes":""},"class_list":["post-6059","page","type-page","status-publish","hentry"],"_links":{"self":[{"href":"https:\/\/www.escom.edu.co\/index.php?rest_route=\/wp\/v2\/pages\/6059","targetHints":{"allow":["GET"]}}],"collection":[{"href":"https:\/\/www.escom.edu.co\/index.php?rest_route=\/wp\/v2\/pages"}],"about":[{"href":"https:\/\/www.escom.edu.co\/index.php?rest_route=\/wp\/v2\/types\/page"}],"author":[{"embeddable":true,"href":"https:\/\/www.escom.edu.co\/index.php?rest_route=\/wp\/v2\/users\/1"}],"replies":[{"embeddable":true,"href":"https:\/\/www.escom.edu.co\/index.php?rest_route=%2Fwp%2Fv2%2Fcomments&post=6059"}],"version-history":[{"count":7,"href":"https:\/\/www.escom.edu.co\/index.php?rest_route=\/wp\/v2\/pages\/6059\/revisions"}],"predecessor-version":[{"id":6071,"href":"https:\/\/www.escom.edu.co\/index.php?rest_route=\/wp\/v2\/pages\/6059\/revisions\/6071"}],"wp:attachment":[{"href":"https:\/\/www.escom.edu.co\/index.php?rest_route=%2Fwp%2Fv2%2Fmedia&parent=6059"}],"curies":[{"name":"wp","href":"https:\/\/api.w.org\/{rel}","templated":true}]}}