{"id":6038,"date":"2026-04-27T19:24:14","date_gmt":"2026-04-28T00:24:14","guid":{"rendered":"https:\/\/www.escom.edu.co\/?page_id=6038"},"modified":"2026-04-27T19:25:46","modified_gmt":"2026-04-28T00:25:46","slug":"019-boletin-escom-impulso-y-transformacion","status":"publish","type":"page","link":"https:\/\/www.escom.edu.co\/?page_id=6038","title":{"rendered":"019 Boletin ESCOM impulso y transformaci\u00f3n"},"content":{"rendered":"\t\t<div data-elementor-type=\"wp-page\" data-elementor-id=\"6038\" class=\"elementor elementor-6038\">\n\t\t\t\t<div class=\"elementor-element elementor-element-43bf054 e-flex e-con-boxed e-con e-parent\" data-id=\"43bf054\" data-element_type=\"container\" data-e-type=\"container\">\n\t\t\t\t\t<div class=\"e-con-inner\">\n\t\t<div class=\"elementor-element elementor-element-fffd621 e-con-full e-flex e-con e-child\" data-id=\"fffd621\" data-element_type=\"container\" data-e-type=\"container\">\n\t\t\t\t<div class=\"elementor-element elementor-element-a0026e3 elementor-widget__width-initial elementor-widget elementor-widget-heading\" data-id=\"a0026e3\" data-element_type=\"widget\" data-e-type=\"widget\" data-widget_type=\"heading.default\">\n\t\t\t\t<div class=\"elementor-widget-container\">\n\t\t\t\t\t<h2 class=\"elementor-heading-title elementor-size-default\">Bolet\u00edn de Prensa <br> No. 019 <br> Fecha 18 de Abril del 2026<\/h2>\t\t\t\t<\/div>\n\t\t\t\t<\/div>\n\t\t\t\t<\/div>\n\t\t\t\t\t<\/div>\n\t\t\t\t<\/div>\n\t\t<div class=\"elementor-element elementor-element-3ebf05c e-flex e-con-boxed e-con e-parent\" data-id=\"3ebf05c\" data-element_type=\"container\" data-e-type=\"container\">\n\t\t\t\t\t<div class=\"e-con-inner\">\n\t\t\t\t<div class=\"elementor-element elementor-element-ee16272 elementor-widget elementor-widget-heading\" data-id=\"ee16272\" data-element_type=\"widget\" data-e-type=\"widget\" data-widget_type=\"heading.default\">\n\t\t\t\t<div class=\"elementor-widget-container\">\n\t\t\t\t\t<h2 class=\"elementor-heading-title elementor-size-default\">Escuela de Comunicaciones Militares representa a Colombia en el Campeonato Internacional de Rob\u00f3tica RSM Challenge 2026<\/h2>\t\t\t\t<\/div>\n\t\t\t\t<\/div>\n\t\t\t\t\t<\/div>\n\t\t\t\t<\/div>\n\t\t<div class=\"elementor-element elementor-element-b1e2e8e e-flex e-con-boxed e-con e-parent\" data-id=\"b1e2e8e\" data-element_type=\"container\" data-e-type=\"container\">\n\t\t\t\t\t<div class=\"e-con-inner\">\n\t\t<div class=\"elementor-element elementor-element-18b55f9 e-con-full e-flex e-con e-child\" data-id=\"18b55f9\" data-element_type=\"container\" data-e-type=\"container\">\n\t\t\t\t<div class=\"elementor-element elementor-element-11e04f4 elementor-pagination-position-outside elementor-widget elementor-widget-image-carousel\" data-id=\"11e04f4\" data-element_type=\"widget\" data-e-type=\"widget\" data-settings=\"{&quot;navigation&quot;:&quot;dots&quot;,&quot;autoplay&quot;:&quot;yes&quot;,&quot;pause_on_hover&quot;:&quot;yes&quot;,&quot;pause_on_interaction&quot;:&quot;yes&quot;,&quot;autoplay_speed&quot;:5000,&quot;infinite&quot;:&quot;yes&quot;,&quot;speed&quot;:500,&quot;image_spacing_custom&quot;:{&quot;unit&quot;:&quot;px&quot;,&quot;size&quot;:20,&quot;sizes&quot;:[]},&quot;image_spacing_custom_tablet&quot;:{&quot;unit&quot;:&quot;px&quot;,&quot;size&quot;:&quot;&quot;,&quot;sizes&quot;:[]},&quot;image_spacing_custom_mobile&quot;:{&quot;unit&quot;:&quot;px&quot;,&quot;size&quot;:&quot;&quot;,&quot;sizes&quot;:[]}}\" data-widget_type=\"image-carousel.default\">\n\t\t\t\t<div class=\"elementor-widget-container\">\n\t\t\t\t\t\t\t<div class=\"elementor-image-carousel-wrapper swiper\" role=\"region\" aria-roledescription=\"carousel\" aria-label=\"Carrusel de im\u00e1genes\" dir=\"ltr\">\n\t\t\t<div class=\"elementor-image-carousel swiper-wrapper\" aria-live=\"off\">\n\t\t\t\t\t\t\t\t<div class=\"swiper-slide\" role=\"group\" aria-roledescription=\"slide\" aria-label=\"1 de 4\"><figure class=\"swiper-slide-inner\"><img fetchpriority=\"high\" decoding=\"async\" src=\"https:\/\/www.escom.edu.co\/wp-content\/uploads\/2026\/04\/rob5-1024x768.jpeg\" alt=\"rob5\" class=\"swiper-slide-image\" width=\"1024\" height=\"768\" \/><\/figure><\/div><div class=\"swiper-slide\" role=\"group\" aria-roledescription=\"slide\" aria-label=\"2 de 4\"><figure class=\"swiper-slide-inner\"><img decoding=\"async\" src=\"https:\/\/www.escom.edu.co\/wp-content\/uploads\/2026\/04\/rob10-1024x768.jpeg\" alt=\"rob10\" class=\"swiper-slide-image\" width=\"1024\" height=\"768\" \/><\/figure><\/div><div class=\"swiper-slide\" role=\"group\" aria-roledescription=\"slide\" aria-label=\"3 de 4\"><figure class=\"swiper-slide-inner\"><img decoding=\"async\" src=\"https:\/\/www.escom.edu.co\/wp-content\/uploads\/2026\/04\/rob4-1024x768.jpeg\" alt=\"rob4\" class=\"swiper-slide-image\" width=\"1024\" height=\"768\" \/><\/figure><\/div><div class=\"swiper-slide\" role=\"group\" aria-roledescription=\"slide\" aria-label=\"4 de 4\"><figure class=\"swiper-slide-inner\"><img loading=\"lazy\" decoding=\"async\" src=\"https:\/\/www.escom.edu.co\/wp-content\/uploads\/2026\/04\/rob7-1024x768.jpeg\" alt=\"rob7\" class=\"swiper-slide-image\" width=\"1024\" height=\"768\" \/><\/figure><\/div>\t\t\t<\/div>\n\t\t\t\t\t\t\t\n\t\t\t\t\t\t\t\t\t<div class=\"swiper-pagination\"><\/div>\n\t\t\t\t\t\t\t\t\t<\/div>\n\t\t\t\t\t\t<\/div>\n\t\t\t\t<\/div>\n\t\t\t\t<\/div>\n\t\t\t\t\t<\/div>\n\t\t\t\t<\/div>\n\t\t<div class=\"elementor-element elementor-element-9dbe34c e-flex e-con-boxed e-con e-parent\" data-id=\"9dbe34c\" data-element_type=\"container\" data-e-type=\"container\">\n\t\t\t\t\t<div class=\"e-con-inner\">\n\t\t<div class=\"elementor-element elementor-element-36edf8d e-con-full e-flex e-con e-child\" data-id=\"36edf8d\" data-element_type=\"container\" data-e-type=\"container\">\n\t\t\t\t<div class=\"elementor-element elementor-element-dca21c9 elementor-widget elementor-widget-text-editor\" data-id=\"dca21c9\" data-element_type=\"widget\" data-e-type=\"widget\" data-widget_type=\"text-editor.default\">\n\t\t\t\t<div class=\"elementor-widget-container\">\n\t\t\t\t\t\t\t\t\t<p>En el marco del fortalecimiento permanente de las capacidades institucionales en ciencia, tecnolog\u00eda e innovaci\u00f3n, el Ej\u00e9rcito Nacional de Colombia, a trav\u00e9s de la Escuela de Comunicaciones Militares, participa en el Campeonato Internacional de Rob\u00f3tica RSM Challenge 2026, una de las competencias m\u00e1s destacadas de Latinoam\u00e9rica, en la que equipos de diferentes pa\u00edses dise\u00f1an, construyen y enfrentan robots en pruebas t\u00e9cnicas y de combate.<\/p><p>La competencia se desarrolla del 17 al 21 de abril en Mogi das Cruzes, Brasil, y re\u00fane a estudiantes y universidades que compiten en diversas categor\u00edas de rob\u00f3tica. Su esencia se\u00a0centra en el dise\u00f1o y programaci\u00f3n de robots funcionales, la participaci\u00f3n en enfrentamientos o pruebas t\u00e9cnicas seg\u00fan cada categor\u00eda, y el fomento de la innovaci\u00f3n, la ingenier\u00eda y el trabajo en equipo.<\/p><p>La delegaci\u00f3n del Ej\u00e9rcito Nacional est\u00e1 integrada por el mayor Jos\u00e9 David Hern\u00e1ndez Sep\u00falveda, el\u00a0 subteniente Pablo Enrique Sierra Velandia, la subteniente Laura Daniela Robles Montero, el sargento viceprimero Jonathan Rodr\u00edguez Rivera, el sargento viceprimero Juli\u00e1n Vera Mart\u00ednez, el sargento segundo Ubaldo P\u00e9rez Qui\u00f1\u00f3nez y el cabo primero Yariserh P\u00e9rez Guti\u00e9rrez, quienes hacen parte del semillero de la Escuela de Comunicaciones y fueron seleccionados por sus capacidades y habilidades para representar al pa\u00eds en esta competencia de car\u00e1cter internacional.<\/p><p>El reto del equipo militar consiste en dise\u00f1ar robots que cumplan con reglas espec\u00edficas en dise\u00f1o, peso y funcionamiento, y enfrentarse a competidores de distintos pa\u00edses, donde se eval\u00faan habilidades como la estrategia, la resistencia, el control y el desempe\u00f1o tecnol\u00f3gico.<\/p><p>La participaci\u00f3n en el RSM Challenge 2026 es el resultado de un proceso riguroso de capacitaci\u00f3n, entrenamiento y fortalecimiento de competencias en \u00e1reas estrat\u00e9gicas como la rob\u00f3tica, la programaci\u00f3n, la electr\u00f3nica, la automatizaci\u00f3n y el desarrollo de soluciones tecnol\u00f3gicas aplicadas, conocimientos esenciales en un entorno marcado por la transformaci\u00f3n digital y la innovaci\u00f3n.<\/p><p>Estos escenarios internacionales abren espacios para seguir consolidando la educaci\u00f3n militar y el fortalecimiento de las capacidades de oficiales y suboficiales que se forman en el Centro de Educaci\u00f3n Militar (CEMIL). La presencia de la delegaci\u00f3n colombiana en Brasil reafirma el papel de la educaci\u00f3n militar como motor de transformaci\u00f3n y generaci\u00f3n de capacidades estrat\u00e9gicas, evidenciando la calidad de la formaci\u00f3n impartida por la IU CEDOC &#8211; Escuela de Comunicaciones, por medio de su pregrado en Ingenier\u00eda Electr\u00f3nica y Telecomunicaciones.<\/p><p><strong>Prensa ESCOM<\/strong><\/p>\t\t\t\t\t\t\t\t<\/div>\n\t\t\t\t<\/div>\n\t\t\t\t<\/div>\n\t\t\t\t\t<\/div>\n\t\t\t\t<\/div>\n\t\t<div class=\"elementor-element elementor-element-c683472 e-grid e-con-boxed e-con e-parent\" data-id=\"c683472\" data-element_type=\"container\" data-e-type=\"container\">\n\t\t\t\t\t<div class=\"e-con-inner\">\n\t\t\t\t<div class=\"elementor-element elementor-element-e9aa782 elementor-widget elementor-widget-site-logo\" data-id=\"e9aa782\" data-element_type=\"widget\" data-e-type=\"widget\" data-settings=\"{&quot;align&quot;:&quot;center&quot;,&quot;width&quot;:{&quot;unit&quot;:&quot;%&quot;,&quot;size&quot;:&quot;&quot;,&quot;sizes&quot;:[]},&quot;width_tablet&quot;:{&quot;unit&quot;:&quot;%&quot;,&quot;size&quot;:&quot;&quot;,&quot;sizes&quot;:[]},&quot;width_mobile&quot;:{&quot;unit&quot;:&quot;%&quot;,&quot;size&quot;:&quot;&quot;,&quot;sizes&quot;:[]},&quot;space&quot;:{&quot;unit&quot;:&quot;%&quot;,&quot;size&quot;:&quot;&quot;,&quot;sizes&quot;:[]},&quot;space_tablet&quot;:{&quot;unit&quot;:&quot;%&quot;,&quot;size&quot;:&quot;&quot;,&quot;sizes&quot;:[]},&quot;space_mobile&quot;:{&quot;unit&quot;:&quot;%&quot;,&quot;size&quot;:&quot;&quot;,&quot;sizes&quot;:[]},&quot;image_border_radius&quot;:{&quot;unit&quot;:&quot;px&quot;,&quot;top&quot;:&quot;&quot;,&quot;right&quot;:&quot;&quot;,&quot;bottom&quot;:&quot;&quot;,&quot;left&quot;:&quot;&quot;,&quot;isLinked&quot;:true},&quot;image_border_radius_tablet&quot;:{&quot;unit&quot;:&quot;px&quot;,&quot;top&quot;:&quot;&quot;,&quot;right&quot;:&quot;&quot;,&quot;bottom&quot;:&quot;&quot;,&quot;left&quot;:&quot;&quot;,&quot;isLinked&quot;:true},&quot;image_border_radius_mobile&quot;:{&quot;unit&quot;:&quot;px&quot;,&quot;top&quot;:&quot;&quot;,&quot;right&quot;:&quot;&quot;,&quot;bottom&quot;:&quot;&quot;,&quot;left&quot;:&quot;&quot;,&quot;isLinked&quot;:true},&quot;caption_padding&quot;:{&quot;unit&quot;:&quot;px&quot;,&quot;top&quot;:&quot;&quot;,&quot;right&quot;:&quot;&quot;,&quot;bottom&quot;:&quot;&quot;,&quot;left&quot;:&quot;&quot;,&quot;isLinked&quot;:true},&quot;caption_padding_tablet&quot;:{&quot;unit&quot;:&quot;px&quot;,&quot;top&quot;:&quot;&quot;,&quot;right&quot;:&quot;&quot;,&quot;bottom&quot;:&quot;&quot;,&quot;left&quot;:&quot;&quot;,&quot;isLinked&quot;:true},&quot;caption_padding_mobile&quot;:{&quot;unit&quot;:&quot;px&quot;,&quot;top&quot;:&quot;&quot;,&quot;right&quot;:&quot;&quot;,&quot;bottom&quot;:&quot;&quot;,&quot;left&quot;:&quot;&quot;,&quot;isLinked&quot;:true},&quot;caption_space&quot;:{&quot;unit&quot;:&quot;px&quot;,&quot;size&quot;:0,&quot;sizes&quot;:[]},&quot;caption_space_tablet&quot;:{&quot;unit&quot;:&quot;px&quot;,&quot;size&quot;:&quot;&quot;,&quot;sizes&quot;:[]},&quot;caption_space_mobile&quot;:{&quot;unit&quot;:&quot;px&quot;,&quot;size&quot;:&quot;&quot;,&quot;sizes&quot;:[]}}\" data-widget_type=\"site-logo.default\">\n\t\t\t\t<div class=\"elementor-widget-container\">\n\t\t\t\t\t\t\t<div class=\"hfe-site-logo\">\n\t\t\t\t\t\t\t\t\t\t\t\t\t<a data-elementor-open-lightbox=\"\"  class='elementor-clickable' href=\"https:\/\/www.escom.edu.co\">\n\t\t\t\t\t\t\t<div class=\"hfe-site-logo-set\">           \n\t\t\t\t<div class=\"hfe-site-logo-container\">\n\t\t\t\t\t\t\t\t\t<img loading=\"lazy\" decoding=\"async\" src=\"https:\/\/www.escom.edu.co\/wp-content\/uploads\/2024\/07\/logos-1-300x300.png\" alt=\"default-logo\" class=\"hfe-site-logo-img elementor-animation-\" width=\"300\" height=\"300\" \/>\n\t\t\t\t<\/div>\n\t\t\t<\/div>\n\t\t\t\t\t\t\t<\/a>\n\t\t\t\t\t\t<\/div>  \n\t\t\t\t\t\t\t<\/div>\n\t\t\t\t<\/div>\n\t\t\t\t<div class=\"elementor-element elementor-element-21db47f elementor-widget__width-auto elementor-widget elementor-widget-text-editor\" data-id=\"21db47f\" data-element_type=\"widget\" data-e-type=\"widget\" data-widget_type=\"text-editor.default\">\n\t\t\t\t<div class=\"elementor-widget-container\">\n\t\t\t\t\t\t\t\t\t<p style=\"text-align: left;\">Calle 5 No. 15 \u2013 00<span style=\"color: var( --e-global-color-text ); letter-spacing: 0px; background-color: var( --e-global-color-c696dce );\">, Barrio Dos Caminos<\/span><\/p>\n<p style=\"text-align: left;\">Cant\u00f3n Militar de Comunicaciones<\/p>\n<p style=\"text-align: left;\">C\u00f3digo postal: 253051<\/p>\n<p>Email: <a href=\"mailto:admisiones.escom@cedoc.edu.co\">admisiones.escom@cedoc.edu.co<\/a><\/p>\n<p>Contacto: 3133003799<\/p>\n<p>Facatativ\u00e1 &#8211; Cundinamarca<\/p>\t\t\t\t\t\t\t\t<\/div>\n\t\t\t\t<\/div>\n\t\t\t\t\t<\/div>\n\t\t\t\t<\/div>\n\t\t\t\t<\/div>\n\t\t","protected":false},"excerpt":{"rendered":"<p>Bolet\u00edn de Prensa No. 019 Fecha 18 de Abril del 2026 Escuela de Comunicaciones Militares representa a Colombia en el Campeonato Internacional de Rob\u00f3tica RSM Challenge 2026 En el marco del fortalecimiento permanente de las capacidades institucionales en ciencia, tecnolog\u00eda e innovaci\u00f3n, el Ej\u00e9rcito Nacional de Colombia, a trav\u00e9s de la Escuela de Comunicaciones Militares, [&hellip;]<\/p>\n","protected":false},"author":1,"featured_media":0,"parent":0,"menu_order":0,"comment_status":"closed","ping_status":"closed","template":"","meta":{"footnotes":""},"class_list":["post-6038","page","type-page","status-publish","hentry"],"_links":{"self":[{"href":"https:\/\/www.escom.edu.co\/index.php?rest_route=\/wp\/v2\/pages\/6038","targetHints":{"allow":["GET"]}}],"collection":[{"href":"https:\/\/www.escom.edu.co\/index.php?rest_route=\/wp\/v2\/pages"}],"about":[{"href":"https:\/\/www.escom.edu.co\/index.php?rest_route=\/wp\/v2\/types\/page"}],"author":[{"embeddable":true,"href":"https:\/\/www.escom.edu.co\/index.php?rest_route=\/wp\/v2\/users\/1"}],"replies":[{"embeddable":true,"href":"https:\/\/www.escom.edu.co\/index.php?rest_route=%2Fwp%2Fv2%2Fcomments&post=6038"}],"version-history":[{"count":6,"href":"https:\/\/www.escom.edu.co\/index.php?rest_route=\/wp\/v2\/pages\/6038\/revisions"}],"predecessor-version":[{"id":6049,"href":"https:\/\/www.escom.edu.co\/index.php?rest_route=\/wp\/v2\/pages\/6038\/revisions\/6049"}],"wp:attachment":[{"href":"https:\/\/www.escom.edu.co\/index.php?rest_route=%2Fwp%2Fv2%2Fmedia&parent=6038"}],"curies":[{"name":"wp","href":"https:\/\/api.w.org\/{rel}","templated":true}]}}