{"id":5956,"date":"2026-03-21T15:09:41","date_gmt":"2026-03-21T20:09:41","guid":{"rendered":"https:\/\/www.escom.edu.co\/?page_id=5956"},"modified":"2026-03-21T15:12:23","modified_gmt":"2026-03-21T20:12:23","slug":"boletin-no-014-especializacion-gerencia-ti","status":"publish","type":"page","link":"https:\/\/www.escom.edu.co\/?page_id=5956","title":{"rendered":"Boletin No. 014 Especializaci\u00f3n Gerencia TI"},"content":{"rendered":"\t\t<div data-elementor-type=\"wp-page\" data-elementor-id=\"5956\" class=\"elementor elementor-5956\">\n\t\t\t\t<div class=\"elementor-element elementor-element-67d4a21 e-flex e-con-boxed e-con e-parent\" data-id=\"67d4a21\" data-element_type=\"container\" data-e-type=\"container\">\n\t\t\t\t\t<div class=\"e-con-inner\">\n\t\t<div class=\"elementor-element elementor-element-94a2e68 e-con-full e-flex e-con e-child\" data-id=\"94a2e68\" data-element_type=\"container\" data-e-type=\"container\">\n\t\t\t\t<div class=\"elementor-element elementor-element-8981bab elementor-widget elementor-widget-heading\" data-id=\"8981bab\" data-element_type=\"widget\" data-e-type=\"widget\" data-widget_type=\"heading.default\">\n\t\t\t\t<div class=\"elementor-widget-container\">\n\t\t\t\t\t<h2 class=\"elementor-heading-title elementor-size-default\">Bolet\u00edn de Prensa <br> No. 014  <br> Fecha 17 de Marzo del 2026<\/h2>\t\t\t\t<\/div>\n\t\t\t\t<\/div>\n\t\t\t\t<\/div>\n\t\t\t\t\t<\/div>\n\t\t\t\t<\/div>\n\t\t<div class=\"elementor-element elementor-element-12be956 e-flex e-con-boxed e-con e-parent\" data-id=\"12be956\" data-element_type=\"container\" data-e-type=\"container\">\n\t\t\t\t\t<div class=\"e-con-inner\">\n\t\t\t\t<div class=\"elementor-element elementor-element-c73acab elementor-widget elementor-widget-heading\" data-id=\"c73acab\" data-element_type=\"widget\" data-e-type=\"widget\" data-widget_type=\"heading.default\">\n\t\t\t\t<div class=\"elementor-widget-container\">\n\t\t\t\t\t<h2 class=\"elementor-heading-title elementor-size-default\">Especializaci\u00f3n en Gerencia de las Tecnolog\u00edas de la Informaci\u00f3n y las Comunicaciones en la Escuela de Comunicaciones<\/h2>\t\t\t\t<\/div>\n\t\t\t\t<\/div>\n\t\t\t\t\t<\/div>\n\t\t\t\t<\/div>\n\t\t<div class=\"elementor-element elementor-element-ec3840e e-flex e-con-boxed e-con e-parent\" data-id=\"ec3840e\" data-element_type=\"container\" data-e-type=\"container\">\n\t\t\t\t\t<div class=\"e-con-inner\">\n\t\t<div class=\"elementor-element elementor-element-9b20c39 e-con-full e-flex e-con e-child\" data-id=\"9b20c39\" data-element_type=\"container\" data-e-type=\"container\">\n\t\t\t\t<div class=\"elementor-element elementor-element-5b93211 elementor-widget elementor-widget-image\" data-id=\"5b93211\" data-element_type=\"widget\" data-e-type=\"widget\" data-widget_type=\"image.default\">\n\t\t\t\t<div class=\"elementor-widget-container\">\n\t\t\t\t\t\t\t\t\t\t\t\t\t\t\t\t<a href=\"https:\/\/www.escom.edu.co\/wp-content\/uploads\/2026\/03\/broshure-ESP-GERENCIA-TIC.pdf\" target=\"_blank\">\n\t\t\t\t\t\t\t<img fetchpriority=\"high\" decoding=\"async\" width=\"800\" height=\"665\" src=\"https:\/\/www.escom.edu.co\/wp-content\/uploads\/2026\/03\/DISENO-ESP-GERENCIA-TIC-02.jpg-1024x851.jpeg\" class=\"attachment-large size-large wp-image-5862\" alt=\"\" srcset=\"https:\/\/www.escom.edu.co\/wp-content\/uploads\/2026\/03\/DISENO-ESP-GERENCIA-TIC-02.jpg-1024x851.jpeg 1024w, https:\/\/www.escom.edu.co\/wp-content\/uploads\/2026\/03\/DISENO-ESP-GERENCIA-TIC-02.jpg-300x249.jpeg 300w, https:\/\/www.escom.edu.co\/wp-content\/uploads\/2026\/03\/DISENO-ESP-GERENCIA-TIC-02.jpg-768x638.jpeg 768w, https:\/\/www.escom.edu.co\/wp-content\/uploads\/2026\/03\/DISENO-ESP-GERENCIA-TIC-02.jpg-1536x1276.jpeg 1536w, https:\/\/www.escom.edu.co\/wp-content\/uploads\/2026\/03\/DISENO-ESP-GERENCIA-TIC-02.jpg-2048x1701.jpeg 2048w\" sizes=\"(max-width: 800px) 100vw, 800px\" \/>\t\t\t\t\t\t\t\t<\/a>\n\t\t\t\t\t\t\t\t\t\t\t\t\t\t\t<\/div>\n\t\t\t\t<\/div>\n\t\t\t\t<\/div>\n\t\t\t\t\t<\/div>\n\t\t\t\t<\/div>\n\t\t<div class=\"elementor-element elementor-element-57e7194 e-flex e-con-boxed e-con e-parent\" data-id=\"57e7194\" data-element_type=\"container\" data-e-type=\"container\">\n\t\t\t\t\t<div class=\"e-con-inner\">\n\t\t<div class=\"elementor-element elementor-element-7bab910 e-con-full e-flex e-con e-child\" data-id=\"7bab910\" data-element_type=\"container\" data-e-type=\"container\">\n\t\t\t\t<div class=\"elementor-element elementor-element-7e36df4 elementor-widget elementor-widget-text-editor\" data-id=\"7e36df4\" data-element_type=\"widget\" data-e-type=\"widget\" data-widget_type=\"text-editor.default\">\n\t\t\t\t<div class=\"elementor-widget-container\">\n\t\t\t\t\t\t\t\t\t<p>La Instituci\u00f3n Universitaria IU CEDOC\u2013ESCOM abre inscripciones para la Especializaci\u00f3n en Gerencia de las Tecnolog\u00edas de la Informaci\u00f3n y las Comunicaciones, TIC; un programa de posgrado orientado a fortalecer las capacidades estrat\u00e9gicas y de liderazgo en la gesti\u00f3n de entornos tecnol\u00f3gicos y digitales.<\/p><p>Esta especializaci\u00f3n est\u00e1 dirigida a profesionales militares y civiles interesados en profundizar sus conocimientos en la direcci\u00f3n y administraci\u00f3n de proyectos tecnol\u00f3gicos, as\u00ed como en el dise\u00f1o e implementaci\u00f3n de soluciones innovadoras que contribuyan al desarrollo organizacional y a la transformaci\u00f3n digital de las instituciones.<\/p><p>Durante el proceso de formaci\u00f3n, los estudiantes adquirir\u00e1n herramientas para la gesti\u00f3n estrat\u00e9gica de las tecnolog\u00edas de la informaci\u00f3n, la toma de decisiones en entornos digitales, la administraci\u00f3n de recursos tecnol\u00f3gicos y la implementaci\u00f3n de modelos de innovaci\u00f3n y competitividad. Estas competencias son fundamentales para enfrentar los retos que plantea la evoluci\u00f3n tecnol\u00f3gica en los diferentes sectores productivos.<\/p><p>El programa tiene una duraci\u00f3n de un a\u00f1o y se desarrollar\u00e1 en modalidad presencial, los d\u00edas s\u00e1bados, de 8:00 a. m. a 6:45 p. m., en las instalaciones de la IU CEDOC\u2013ESCOM, ubicadas en el municipio de Facatativ\u00e1, Cundinamarca.<\/p><p>Con esta iniciativa, la IU CEDOC\u2013ESCOM contin\u00faa fortaleciendo su compromiso con la educaci\u00f3n superior de calidad, promoviendo programas que impulsan el conocimiento, la innovaci\u00f3n y el liderazgo en el campo de las tecnolog\u00edas de la informaci\u00f3n y las comunicaciones.<\/p><p>Para mayor informaci\u00f3n sobre el proceso de inscripci\u00f3n, los interesados pueden comunicarse al 313 300 3799, visitar el sitio web www.escom.edu.co o acercarse a la sede ubicada en la Calle 5 15-00, Facatativ\u00e1, Cundinamarca.<\/p><p><strong>Prensa ESCOM<\/strong><\/p>\t\t\t\t\t\t\t\t<\/div>\n\t\t\t\t<\/div>\n\t\t\t\t<\/div>\n\t\t\t\t\t<\/div>\n\t\t\t\t<\/div>\n\t\t<div class=\"elementor-element elementor-element-eacb933 e-grid e-con-boxed e-con e-parent\" data-id=\"eacb933\" data-element_type=\"container\" data-e-type=\"container\">\n\t\t\t\t\t<div class=\"e-con-inner\">\n\t\t\t\t<div class=\"elementor-element elementor-element-137d83c elementor-widget elementor-widget-site-logo\" data-id=\"137d83c\" data-element_type=\"widget\" data-e-type=\"widget\" data-settings=\"{&quot;align&quot;:&quot;center&quot;,&quot;width&quot;:{&quot;unit&quot;:&quot;%&quot;,&quot;size&quot;:&quot;&quot;,&quot;sizes&quot;:[]},&quot;width_tablet&quot;:{&quot;unit&quot;:&quot;%&quot;,&quot;size&quot;:&quot;&quot;,&quot;sizes&quot;:[]},&quot;width_mobile&quot;:{&quot;unit&quot;:&quot;%&quot;,&quot;size&quot;:&quot;&quot;,&quot;sizes&quot;:[]},&quot;space&quot;:{&quot;unit&quot;:&quot;%&quot;,&quot;size&quot;:&quot;&quot;,&quot;sizes&quot;:[]},&quot;space_tablet&quot;:{&quot;unit&quot;:&quot;%&quot;,&quot;size&quot;:&quot;&quot;,&quot;sizes&quot;:[]},&quot;space_mobile&quot;:{&quot;unit&quot;:&quot;%&quot;,&quot;size&quot;:&quot;&quot;,&quot;sizes&quot;:[]},&quot;image_border_radius&quot;:{&quot;unit&quot;:&quot;px&quot;,&quot;top&quot;:&quot;&quot;,&quot;right&quot;:&quot;&quot;,&quot;bottom&quot;:&quot;&quot;,&quot;left&quot;:&quot;&quot;,&quot;isLinked&quot;:true},&quot;image_border_radius_tablet&quot;:{&quot;unit&quot;:&quot;px&quot;,&quot;top&quot;:&quot;&quot;,&quot;right&quot;:&quot;&quot;,&quot;bottom&quot;:&quot;&quot;,&quot;left&quot;:&quot;&quot;,&quot;isLinked&quot;:true},&quot;image_border_radius_mobile&quot;:{&quot;unit&quot;:&quot;px&quot;,&quot;top&quot;:&quot;&quot;,&quot;right&quot;:&quot;&quot;,&quot;bottom&quot;:&quot;&quot;,&quot;left&quot;:&quot;&quot;,&quot;isLinked&quot;:true},&quot;caption_padding&quot;:{&quot;unit&quot;:&quot;px&quot;,&quot;top&quot;:&quot;&quot;,&quot;right&quot;:&quot;&quot;,&quot;bottom&quot;:&quot;&quot;,&quot;left&quot;:&quot;&quot;,&quot;isLinked&quot;:true},&quot;caption_padding_tablet&quot;:{&quot;unit&quot;:&quot;px&quot;,&quot;top&quot;:&quot;&quot;,&quot;right&quot;:&quot;&quot;,&quot;bottom&quot;:&quot;&quot;,&quot;left&quot;:&quot;&quot;,&quot;isLinked&quot;:true},&quot;caption_padding_mobile&quot;:{&quot;unit&quot;:&quot;px&quot;,&quot;top&quot;:&quot;&quot;,&quot;right&quot;:&quot;&quot;,&quot;bottom&quot;:&quot;&quot;,&quot;left&quot;:&quot;&quot;,&quot;isLinked&quot;:true},&quot;caption_space&quot;:{&quot;unit&quot;:&quot;px&quot;,&quot;size&quot;:0,&quot;sizes&quot;:[]},&quot;caption_space_tablet&quot;:{&quot;unit&quot;:&quot;px&quot;,&quot;size&quot;:&quot;&quot;,&quot;sizes&quot;:[]},&quot;caption_space_mobile&quot;:{&quot;unit&quot;:&quot;px&quot;,&quot;size&quot;:&quot;&quot;,&quot;sizes&quot;:[]}}\" data-widget_type=\"site-logo.default\">\n\t\t\t\t<div class=\"elementor-widget-container\">\n\t\t\t\t\t\t\t<div class=\"hfe-site-logo\">\n\t\t\t\t\t\t\t\t\t\t\t\t\t<a data-elementor-open-lightbox=\"\"  class='elementor-clickable' href=\"https:\/\/www.escom.edu.co\">\n\t\t\t\t\t\t\t<div class=\"hfe-site-logo-set\">           \n\t\t\t\t<div class=\"hfe-site-logo-container\">\n\t\t\t\t\t\t\t\t\t<img decoding=\"async\" src=\"https:\/\/www.escom.edu.co\/wp-content\/uploads\/2024\/07\/logos-1-300x300.png\" alt=\"default-logo\" class=\"hfe-site-logo-img elementor-animation-\" width=\"300\" height=\"300\" \/>\n\t\t\t\t<\/div>\n\t\t\t<\/div>\n\t\t\t\t\t\t\t<\/a>\n\t\t\t\t\t\t<\/div>  \n\t\t\t\t\t\t\t<\/div>\n\t\t\t\t<\/div>\n\t\t\t\t<div class=\"elementor-element elementor-element-c5f50f5 elementor-widget__width-auto elementor-widget elementor-widget-text-editor\" data-id=\"c5f50f5\" data-element_type=\"widget\" data-e-type=\"widget\" data-widget_type=\"text-editor.default\">\n\t\t\t\t<div class=\"elementor-widget-container\">\n\t\t\t\t\t\t\t\t\t<p style=\"text-align: left;\">Calle 5 No. 15 \u2013 00<span style=\"color: var( --e-global-color-text ); letter-spacing: 0px; background-color: var( --e-global-color-c696dce );\">, Barrio Dos Caminos<\/span><\/p>\n<p style=\"text-align: left;\">Cant\u00f3n Militar de Comunicaciones<\/p>\n<p style=\"text-align: left;\">C\u00f3digo postal: 253051<\/p>\n<p>Email: <a href=\"mailto:admisiones.escom@cedoc.edu.co\">admisiones.escom@cedoc.edu.co<\/a><\/p>\n<p>Contacto: 3133003799<\/p>\n<p>Facatativ\u00e1 &#8211; Cundinamarca<\/p>\t\t\t\t\t\t\t\t<\/div>\n\t\t\t\t<\/div>\n\t\t\t\t\t<\/div>\n\t\t\t\t<\/div>\n\t\t\t\t<\/div>\n\t\t","protected":false},"excerpt":{"rendered":"<p>Bolet\u00edn de Prensa No. 014 Fecha 17 de Marzo del 2026 Especializaci\u00f3n en Gerencia de las Tecnolog\u00edas de la Informaci\u00f3n y las Comunicaciones en la Escuela de Comunicaciones La Instituci\u00f3n Universitaria IU CEDOC\u2013ESCOM abre inscripciones para la Especializaci\u00f3n en Gerencia de las Tecnolog\u00edas de la Informaci\u00f3n y las Comunicaciones, TIC; un programa de posgrado orientado [&hellip;]<\/p>\n","protected":false},"author":1,"featured_media":0,"parent":0,"menu_order":0,"comment_status":"closed","ping_status":"closed","template":"","meta":{"footnotes":""},"class_list":["post-5956","page","type-page","status-publish","hentry"],"_links":{"self":[{"href":"https:\/\/www.escom.edu.co\/index.php?rest_route=\/wp\/v2\/pages\/5956","targetHints":{"allow":["GET"]}}],"collection":[{"href":"https:\/\/www.escom.edu.co\/index.php?rest_route=\/wp\/v2\/pages"}],"about":[{"href":"https:\/\/www.escom.edu.co\/index.php?rest_route=\/wp\/v2\/types\/page"}],"author":[{"embeddable":true,"href":"https:\/\/www.escom.edu.co\/index.php?rest_route=\/wp\/v2\/users\/1"}],"replies":[{"embeddable":true,"href":"https:\/\/www.escom.edu.co\/index.php?rest_route=%2Fwp%2Fv2%2Fcomments&post=5956"}],"version-history":[{"count":4,"href":"https:\/\/www.escom.edu.co\/index.php?rest_route=\/wp\/v2\/pages\/5956\/revisions"}],"predecessor-version":[{"id":5964,"href":"https:\/\/www.escom.edu.co\/index.php?rest_route=\/wp\/v2\/pages\/5956\/revisions\/5964"}],"wp:attachment":[{"href":"https:\/\/www.escom.edu.co\/index.php?rest_route=%2Fwp%2Fv2%2Fmedia&parent=5956"}],"curies":[{"name":"wp","href":"https:\/\/api.w.org\/{rel}","templated":true}]}}