{"id":5931,"date":"2026-03-14T08:56:03","date_gmt":"2026-03-14T13:56:03","guid":{"rendered":"https:\/\/www.escom.edu.co\/?page_id=5931"},"modified":"2026-03-21T15:07:42","modified_gmt":"2026-03-21T20:07:42","slug":"boletin-no-013-especializacion-ciberseguridad","status":"publish","type":"page","link":"https:\/\/www.escom.edu.co\/?page_id=5931","title":{"rendered":"Boletin No. 013 Especializaci\u00f3n Ciberseguridad"},"content":{"rendered":"\t\t<div data-elementor-type=\"wp-page\" data-elementor-id=\"5931\" class=\"elementor elementor-5931\">\n\t\t\t\t<div class=\"elementor-element elementor-element-aa84e50 e-flex e-con-boxed e-con e-parent\" data-id=\"aa84e50\" data-element_type=\"container\" data-e-type=\"container\">\n\t\t\t\t\t<div class=\"e-con-inner\">\n\t\t<div class=\"elementor-element elementor-element-26560c0 e-con-full e-flex e-con e-child\" data-id=\"26560c0\" data-element_type=\"container\" data-e-type=\"container\">\n\t\t\t\t<div class=\"elementor-element elementor-element-5cb3cbc elementor-widget elementor-widget-heading\" data-id=\"5cb3cbc\" data-element_type=\"widget\" data-e-type=\"widget\" data-widget_type=\"heading.default\">\n\t\t\t\t<div class=\"elementor-widget-container\">\n\t\t\t\t\t<h2 class=\"elementor-heading-title elementor-size-default\">Bolet\u00edn de Prensa <br> No. 013  <br> Fecha 10 de Marzo del 2026<\/h2>\t\t\t\t<\/div>\n\t\t\t\t<\/div>\n\t\t\t\t<\/div>\n\t\t\t\t\t<\/div>\n\t\t\t\t<\/div>\n\t\t<div class=\"elementor-element elementor-element-2b4f9f5 e-flex e-con-boxed e-con e-parent\" data-id=\"2b4f9f5\" data-element_type=\"container\" data-e-type=\"container\">\n\t\t\t\t\t<div class=\"e-con-inner\">\n\t\t\t\t<div class=\"elementor-element elementor-element-719d130 elementor-widget elementor-widget-heading\" data-id=\"719d130\" data-element_type=\"widget\" data-e-type=\"widget\" data-widget_type=\"heading.default\">\n\t\t\t\t<div class=\"elementor-widget-container\">\n\t\t\t\t\t<h2 class=\"elementor-heading-title elementor-size-default\">Especializaci\u00f3n en Ciberseguridad en la Escuela de Comunicaciones Militares, ESCOM<\/h2>\t\t\t\t<\/div>\n\t\t\t\t<\/div>\n\t\t\t\t\t<\/div>\n\t\t\t\t<\/div>\n\t\t<div class=\"elementor-element elementor-element-8c54e2e e-flex e-con-boxed e-con e-parent\" data-id=\"8c54e2e\" data-element_type=\"container\" data-e-type=\"container\">\n\t\t\t\t\t<div class=\"e-con-inner\">\n\t\t<div class=\"elementor-element elementor-element-af72a66 e-con-full e-flex e-con e-child\" data-id=\"af72a66\" data-element_type=\"container\" data-e-type=\"container\">\n\t\t\t\t<div class=\"elementor-element elementor-element-98b0bae elementor-widget elementor-widget-image\" data-id=\"98b0bae\" data-element_type=\"widget\" data-e-type=\"widget\" data-widget_type=\"image.default\">\n\t\t\t\t<div class=\"elementor-widget-container\">\n\t\t\t\t\t\t\t\t\t\t\t\t\t\t\t\t<a href=\"https:\/\/www.escom.edu.co\/wp-content\/uploads\/2026\/03\/broshure-ESPE-CIBERSEGURIDAD.pdf\" target=\"_blank\">\n\t\t\t\t\t\t\t<img fetchpriority=\"high\" decoding=\"async\" width=\"800\" height=\"665\" src=\"https:\/\/www.escom.edu.co\/wp-content\/uploads\/2026\/03\/DISENO-ESP-CIBER.jpg-1024x851.jpeg\" class=\"attachment-large size-large wp-image-5863\" alt=\"\" srcset=\"https:\/\/www.escom.edu.co\/wp-content\/uploads\/2026\/03\/DISENO-ESP-CIBER.jpg-1024x851.jpeg 1024w, https:\/\/www.escom.edu.co\/wp-content\/uploads\/2026\/03\/DISENO-ESP-CIBER.jpg-300x249.jpeg 300w, https:\/\/www.escom.edu.co\/wp-content\/uploads\/2026\/03\/DISENO-ESP-CIBER.jpg-768x638.jpeg 768w, https:\/\/www.escom.edu.co\/wp-content\/uploads\/2026\/03\/DISENO-ESP-CIBER.jpg-1536x1276.jpeg 1536w, https:\/\/www.escom.edu.co\/wp-content\/uploads\/2026\/03\/DISENO-ESP-CIBER.jpg-2048x1701.jpeg 2048w\" sizes=\"(max-width: 800px) 100vw, 800px\" \/>\t\t\t\t\t\t\t\t<\/a>\n\t\t\t\t\t\t\t\t\t\t\t\t\t\t\t<\/div>\n\t\t\t\t<\/div>\n\t\t\t\t<\/div>\n\t\t\t\t\t<\/div>\n\t\t\t\t<\/div>\n\t\t<div class=\"elementor-element elementor-element-179eaa0 e-flex e-con-boxed e-con e-parent\" data-id=\"179eaa0\" data-element_type=\"container\" data-e-type=\"container\">\n\t\t\t\t\t<div class=\"e-con-inner\">\n\t\t<div class=\"elementor-element elementor-element-9e03c77 e-con-full e-flex e-con e-child\" data-id=\"9e03c77\" data-element_type=\"container\" data-e-type=\"container\">\n\t\t\t\t<div class=\"elementor-element elementor-element-8b5bf7e elementor-widget elementor-widget-text-editor\" data-id=\"8b5bf7e\" data-element_type=\"widget\" data-e-type=\"widget\" data-widget_type=\"text-editor.default\">\n\t\t\t\t<div class=\"elementor-widget-container\">\n\t\t\t\t\t\t\t\t\t<p><em>La Instituci\u00f3n Universitaria IU Cedoc-Escom abri\u00f3 inscripciones para la Especializaci\u00f3n en Ciberseguridad, un programa de posgrado orientado a fortalecer las competencias profesionales en la protecci\u00f3n de la informaci\u00f3n y la seguridad de los sistemas digitales. <\/em><\/p><p>La oferta acad\u00e9mica est\u00e1 dirigida a profesionales interesados en prevenir, identificar y gestionar riesgos cibern\u00e9ticos, as\u00ed como en dise\u00f1ar estrategias de seguridad inform\u00e1tica que permitan proteger los datos y la infraestructura tecnol\u00f3gica de las organizaciones.<\/p><p>Durante el programa, los interesados desarrollar\u00e1n una formaci\u00f3n integral que incluye gesti\u00f3n del riesgo digital, seguridad en redes, sistemas y servicios en la nube, gobernanza y cumplimiento normativo, respuesta a incidentes y an\u00e1lisis forense, entre otros temas relacionados con la seguridad inform\u00e1tica.<\/p><p>El programa tendr\u00e1 una duraci\u00f3n de un a\u00f1o y se desarrollar\u00e1 en modalidad presencial los d\u00edas s\u00e1bados, de 8:00 a. m. a 6:45 p. m., en las instalaciones de la IU Cedoc-Escom, ubicadas en el municipio de Facatativ\u00e1, Cundinamarca.<\/p><p>Con esta especializaci\u00f3n, la instituci\u00f3n busca contribuir al fortalecimiento del talento humano en \u00e1reas estrat\u00e9gicas para el pa\u00eds, formando especialistas capaces de enfrentar los desaf\u00edos actuales en seguridad digital, protecci\u00f3n de la informaci\u00f3n y gesti\u00f3n de incidentes cibern\u00e9ticos.<\/p><p>Para obtener mayor informaci\u00f3n, los interesados pueden comunicarse al 313 300 3799, visitar el sitio web www.escom.edu.co o acercarse a la sede ubicada en la Calle 5 n.\u00b0 15-00, Facatativ\u00e1, Cundinamarca. El programa est\u00e1 abierto al p\u00fablico en general y a las familias de los integrantes de las Fuerzas Militares.<\/p><p><strong>Prensa ESCOM<\/strong><\/p>\t\t\t\t\t\t\t\t<\/div>\n\t\t\t\t<\/div>\n\t\t\t\t<\/div>\n\t\t\t\t\t<\/div>\n\t\t\t\t<\/div>\n\t\t<div class=\"elementor-element elementor-element-574e8ef e-grid e-con-boxed e-con e-parent\" data-id=\"574e8ef\" data-element_type=\"container\" data-e-type=\"container\">\n\t\t\t\t\t<div class=\"e-con-inner\">\n\t\t\t\t<div class=\"elementor-element elementor-element-28c2e66 elementor-widget elementor-widget-site-logo\" data-id=\"28c2e66\" data-element_type=\"widget\" data-e-type=\"widget\" data-settings=\"{&quot;align&quot;:&quot;center&quot;,&quot;width&quot;:{&quot;unit&quot;:&quot;%&quot;,&quot;size&quot;:&quot;&quot;,&quot;sizes&quot;:[]},&quot;width_tablet&quot;:{&quot;unit&quot;:&quot;%&quot;,&quot;size&quot;:&quot;&quot;,&quot;sizes&quot;:[]},&quot;width_mobile&quot;:{&quot;unit&quot;:&quot;%&quot;,&quot;size&quot;:&quot;&quot;,&quot;sizes&quot;:[]},&quot;space&quot;:{&quot;unit&quot;:&quot;%&quot;,&quot;size&quot;:&quot;&quot;,&quot;sizes&quot;:[]},&quot;space_tablet&quot;:{&quot;unit&quot;:&quot;%&quot;,&quot;size&quot;:&quot;&quot;,&quot;sizes&quot;:[]},&quot;space_mobile&quot;:{&quot;unit&quot;:&quot;%&quot;,&quot;size&quot;:&quot;&quot;,&quot;sizes&quot;:[]},&quot;image_border_radius&quot;:{&quot;unit&quot;:&quot;px&quot;,&quot;top&quot;:&quot;&quot;,&quot;right&quot;:&quot;&quot;,&quot;bottom&quot;:&quot;&quot;,&quot;left&quot;:&quot;&quot;,&quot;isLinked&quot;:true},&quot;image_border_radius_tablet&quot;:{&quot;unit&quot;:&quot;px&quot;,&quot;top&quot;:&quot;&quot;,&quot;right&quot;:&quot;&quot;,&quot;bottom&quot;:&quot;&quot;,&quot;left&quot;:&quot;&quot;,&quot;isLinked&quot;:true},&quot;image_border_radius_mobile&quot;:{&quot;unit&quot;:&quot;px&quot;,&quot;top&quot;:&quot;&quot;,&quot;right&quot;:&quot;&quot;,&quot;bottom&quot;:&quot;&quot;,&quot;left&quot;:&quot;&quot;,&quot;isLinked&quot;:true},&quot;caption_padding&quot;:{&quot;unit&quot;:&quot;px&quot;,&quot;top&quot;:&quot;&quot;,&quot;right&quot;:&quot;&quot;,&quot;bottom&quot;:&quot;&quot;,&quot;left&quot;:&quot;&quot;,&quot;isLinked&quot;:true},&quot;caption_padding_tablet&quot;:{&quot;unit&quot;:&quot;px&quot;,&quot;top&quot;:&quot;&quot;,&quot;right&quot;:&quot;&quot;,&quot;bottom&quot;:&quot;&quot;,&quot;left&quot;:&quot;&quot;,&quot;isLinked&quot;:true},&quot;caption_padding_mobile&quot;:{&quot;unit&quot;:&quot;px&quot;,&quot;top&quot;:&quot;&quot;,&quot;right&quot;:&quot;&quot;,&quot;bottom&quot;:&quot;&quot;,&quot;left&quot;:&quot;&quot;,&quot;isLinked&quot;:true},&quot;caption_space&quot;:{&quot;unit&quot;:&quot;px&quot;,&quot;size&quot;:0,&quot;sizes&quot;:[]},&quot;caption_space_tablet&quot;:{&quot;unit&quot;:&quot;px&quot;,&quot;size&quot;:&quot;&quot;,&quot;sizes&quot;:[]},&quot;caption_space_mobile&quot;:{&quot;unit&quot;:&quot;px&quot;,&quot;size&quot;:&quot;&quot;,&quot;sizes&quot;:[]}}\" data-widget_type=\"site-logo.default\">\n\t\t\t\t<div class=\"elementor-widget-container\">\n\t\t\t\t\t\t\t<div class=\"hfe-site-logo\">\n\t\t\t\t\t\t\t\t\t\t\t\t\t<a data-elementor-open-lightbox=\"\"  class='elementor-clickable' href=\"https:\/\/www.escom.edu.co\">\n\t\t\t\t\t\t\t<div class=\"hfe-site-logo-set\">           \n\t\t\t\t<div class=\"hfe-site-logo-container\">\n\t\t\t\t\t\t\t\t\t<img decoding=\"async\" src=\"https:\/\/www.escom.edu.co\/wp-content\/uploads\/2024\/07\/logos-1-300x300.png\" alt=\"default-logo\" class=\"hfe-site-logo-img elementor-animation-\" width=\"300\" height=\"300\" \/>\n\t\t\t\t<\/div>\n\t\t\t<\/div>\n\t\t\t\t\t\t\t<\/a>\n\t\t\t\t\t\t<\/div>  \n\t\t\t\t\t\t\t<\/div>\n\t\t\t\t<\/div>\n\t\t\t\t<div class=\"elementor-element elementor-element-325338b elementor-widget__width-auto elementor-widget elementor-widget-text-editor\" data-id=\"325338b\" data-element_type=\"widget\" data-e-type=\"widget\" data-widget_type=\"text-editor.default\">\n\t\t\t\t<div class=\"elementor-widget-container\">\n\t\t\t\t\t\t\t\t\t<p style=\"text-align: left;\">Calle 5 No. 15 \u2013 00<span style=\"color: var( --e-global-color-text ); letter-spacing: 0px; background-color: var( --e-global-color-c696dce );\">, Barrio Dos Caminos<\/span><\/p>\n<p style=\"text-align: left;\">Cant\u00f3n Militar de Comunicaciones<\/p>\n<p style=\"text-align: left;\">C\u00f3digo postal: 253051<\/p>\n<p>Email: <a href=\"mailto:admisiones.escom@cedoc.edu.co\">admisiones.escom@cedoc.edu.co<\/a><\/p>\n<p>Contacto: 3133003799<\/p>\n<p>Facatativ\u00e1 &#8211; Cundinamarca<\/p>\t\t\t\t\t\t\t\t<\/div>\n\t\t\t\t<\/div>\n\t\t\t\t\t<\/div>\n\t\t\t\t<\/div>\n\t\t\t\t<\/div>\n\t\t","protected":false},"excerpt":{"rendered":"<p>Bolet\u00edn de Prensa No. 013 Fecha 10 de Marzo del 2026 Especializaci\u00f3n en Ciberseguridad en la Escuela de Comunicaciones Militares, ESCOM La Instituci\u00f3n Universitaria IU Cedoc-Escom abri\u00f3 inscripciones para la Especializaci\u00f3n en Ciberseguridad, un programa de posgrado orientado a fortalecer las competencias profesionales en la protecci\u00f3n de la informaci\u00f3n y la seguridad de los sistemas [&hellip;]<\/p>\n","protected":false},"author":1,"featured_media":0,"parent":0,"menu_order":0,"comment_status":"closed","ping_status":"closed","template":"","meta":{"footnotes":""},"class_list":["post-5931","page","type-page","status-publish","hentry"],"_links":{"self":[{"href":"https:\/\/www.escom.edu.co\/index.php?rest_route=\/wp\/v2\/pages\/5931","targetHints":{"allow":["GET"]}}],"collection":[{"href":"https:\/\/www.escom.edu.co\/index.php?rest_route=\/wp\/v2\/pages"}],"about":[{"href":"https:\/\/www.escom.edu.co\/index.php?rest_route=\/wp\/v2\/types\/page"}],"author":[{"embeddable":true,"href":"https:\/\/www.escom.edu.co\/index.php?rest_route=\/wp\/v2\/users\/1"}],"replies":[{"embeddable":true,"href":"https:\/\/www.escom.edu.co\/index.php?rest_route=%2Fwp%2Fv2%2Fcomments&post=5931"}],"version-history":[{"count":7,"href":"https:\/\/www.escom.edu.co\/index.php?rest_route=\/wp\/v2\/pages\/5931\/revisions"}],"predecessor-version":[{"id":5960,"href":"https:\/\/www.escom.edu.co\/index.php?rest_route=\/wp\/v2\/pages\/5931\/revisions\/5960"}],"wp:attachment":[{"href":"https:\/\/www.escom.edu.co\/index.php?rest_route=%2Fwp%2Fv2%2Fmedia&parent=5931"}],"curies":[{"name":"wp","href":"https:\/\/api.w.org\/{rel}","templated":true}]}}