{"id":4038,"date":"2025-11-08T09:32:39","date_gmt":"2025-11-08T14:32:39","guid":{"rendered":"https:\/\/www.escom.edu.co\/?page_id=4038"},"modified":"2025-11-08T09:41:42","modified_gmt":"2025-11-08T14:41:42","slug":"013-escom-impulsa-innovacion","status":"publish","type":"page","link":"https:\/\/www.escom.edu.co\/?page_id=4038","title":{"rendered":"013 Boletin ESCOM impulsa innovaci\u00f3n"},"content":{"rendered":"\t\t<div data-elementor-type=\"wp-page\" data-elementor-id=\"4038\" class=\"elementor elementor-4038\">\n\t\t\t\t<div class=\"elementor-element elementor-element-d164d4c e-flex e-con-boxed e-con e-parent\" data-id=\"d164d4c\" data-element_type=\"container\" data-e-type=\"container\">\n\t\t\t\t\t<div class=\"e-con-inner\">\n\t\t<div class=\"elementor-element elementor-element-4397fa0 e-con-full e-flex e-con e-child\" data-id=\"4397fa0\" data-element_type=\"container\" data-e-type=\"container\">\n\t\t\t\t<div class=\"elementor-element elementor-element-0be8333 elementor-widget__width-initial elementor-widget elementor-widget-heading\" data-id=\"0be8333\" data-element_type=\"widget\" data-e-type=\"widget\" data-widget_type=\"heading.default\">\n\t\t\t\t<div class=\"elementor-widget-container\">\n\t\t\t\t\t<h2 class=\"elementor-heading-title elementor-size-default\">Bolet\u00edn de Prensa <br> No. 013 <br> Fecha 04 de Noviembre del 2025<\/h2>\t\t\t\t<\/div>\n\t\t\t\t<\/div>\n\t\t\t\t<\/div>\n\t\t\t\t\t<\/div>\n\t\t\t\t<\/div>\n\t\t<div class=\"elementor-element elementor-element-cc78aec e-flex e-con-boxed e-con e-parent\" data-id=\"cc78aec\" data-element_type=\"container\" data-e-type=\"container\">\n\t\t\t\t\t<div class=\"e-con-inner\">\n\t\t\t\t<div class=\"elementor-element elementor-element-ea677b0 elementor-widget elementor-widget-heading\" data-id=\"ea677b0\" data-element_type=\"widget\" data-e-type=\"widget\" data-widget_type=\"heading.default\">\n\t\t\t\t<div class=\"elementor-widget-container\">\n\t\t\t\t\t<h2 class=\"elementor-heading-title elementor-size-default\">La Escuela de Comunicaciones Militares impulsa la innovaci\u00f3n y fortalece la Sabana de Occidente. <br><br>Rob\u00f3tica, talento joven y formaci\u00f3n acad\u00e9mica: un impacto que trasciende.<\/h2>\t\t\t\t<\/div>\n\t\t\t\t<\/div>\n\t\t\t\t\t<\/div>\n\t\t\t\t<\/div>\n\t\t<div class=\"elementor-element elementor-element-675d9ab e-flex e-con-boxed e-con e-parent\" data-id=\"675d9ab\" data-element_type=\"container\" data-e-type=\"container\">\n\t\t\t\t\t<div class=\"e-con-inner\">\n\t\t<div class=\"elementor-element elementor-element-405205e e-con-full e-flex e-con e-child\" data-id=\"405205e\" data-element_type=\"container\" data-e-type=\"container\">\n\t\t\t\t<div class=\"elementor-element elementor-element-41b644c elementor-pagination-position-outside elementor-widget elementor-widget-image-carousel\" data-id=\"41b644c\" data-element_type=\"widget\" data-e-type=\"widget\" data-settings=\"{&quot;navigation&quot;:&quot;dots&quot;,&quot;autoplay&quot;:&quot;yes&quot;,&quot;pause_on_hover&quot;:&quot;yes&quot;,&quot;pause_on_interaction&quot;:&quot;yes&quot;,&quot;autoplay_speed&quot;:5000,&quot;infinite&quot;:&quot;yes&quot;,&quot;speed&quot;:500,&quot;image_spacing_custom&quot;:{&quot;unit&quot;:&quot;px&quot;,&quot;size&quot;:20,&quot;sizes&quot;:[]},&quot;image_spacing_custom_tablet&quot;:{&quot;unit&quot;:&quot;px&quot;,&quot;size&quot;:&quot;&quot;,&quot;sizes&quot;:[]},&quot;image_spacing_custom_mobile&quot;:{&quot;unit&quot;:&quot;px&quot;,&quot;size&quot;:&quot;&quot;,&quot;sizes&quot;:[]}}\" data-widget_type=\"image-carousel.default\">\n\t\t\t\t<div class=\"elementor-widget-container\">\n\t\t\t\t\t\t\t<div class=\"elementor-image-carousel-wrapper swiper\" role=\"region\" aria-roledescription=\"carousel\" aria-label=\"Carrusel de im\u00e1genes\" dir=\"ltr\">\n\t\t\t<div class=\"elementor-image-carousel swiper-wrapper\" aria-live=\"off\">\n\t\t\t\t\t\t\t\t<div class=\"swiper-slide\" role=\"group\" aria-roledescription=\"slide\" aria-label=\"1 de 3\"><figure class=\"swiper-slide-inner\"><img fetchpriority=\"high\" decoding=\"async\" src=\"https:\/\/www.escom.edu.co\/wp-content\/uploads\/2025\/11\/I3-1024x768.jpeg\" alt=\"I3\" class=\"swiper-slide-image\" width=\"1024\" height=\"768\" \/><\/figure><\/div><div class=\"swiper-slide\" role=\"group\" aria-roledescription=\"slide\" aria-label=\"2 de 3\"><figure class=\"swiper-slide-inner\"><img decoding=\"async\" src=\"https:\/\/www.escom.edu.co\/wp-content\/uploads\/2025\/11\/I2-1024x768.jpeg\" alt=\"I2\" class=\"swiper-slide-image\" width=\"1024\" height=\"768\" \/><\/figure><\/div><div class=\"swiper-slide\" role=\"group\" aria-roledescription=\"slide\" aria-label=\"3 de 3\"><figure class=\"swiper-slide-inner\"><img decoding=\"async\" src=\"https:\/\/www.escom.edu.co\/wp-content\/uploads\/2025\/11\/I1-1024x768.jpeg\" alt=\"I1\" class=\"swiper-slide-image\" width=\"1024\" height=\"768\" \/><\/figure><\/div>\t\t\t<\/div>\n\t\t\t\t\t\t\t\n\t\t\t\t\t\t\t\t\t<div class=\"swiper-pagination\"><\/div>\n\t\t\t\t\t\t\t\t\t<\/div>\n\t\t\t\t\t\t<\/div>\n\t\t\t\t<\/div>\n\t\t\t\t<\/div>\n\t\t\t\t\t<\/div>\n\t\t\t\t<\/div>\n\t\t<div class=\"elementor-element elementor-element-5b4c8a2 e-flex e-con-boxed e-con e-parent\" data-id=\"5b4c8a2\" data-element_type=\"container\" data-e-type=\"container\">\n\t\t\t\t\t<div class=\"e-con-inner\">\n\t\t<div class=\"elementor-element elementor-element-b909d9d e-con-full e-flex e-con e-child\" data-id=\"b909d9d\" data-element_type=\"container\" data-e-type=\"container\">\n\t\t\t\t<div class=\"elementor-element elementor-element-8d2136d elementor-widget elementor-widget-text-editor\" data-id=\"8d2136d\" data-element_type=\"widget\" data-e-type=\"widget\" data-widget_type=\"text-editor.default\">\n\t\t\t\t<div class=\"elementor-widget-container\">\n\t\t\t\t\t\t\t\t\t<p>La Escuela de Comunicaciones Militares, en alianza con la Universidad Nacional Abierta y a Distancia, consolid\u00f3 InnovaBot como espacio de formaci\u00f3n y desarrollo que reuni\u00f3 a m\u00e1s de 480 competidores y cerca de 700 asistentes en Facatativ\u00e1. M\u00e1s all\u00e1 de una competencia de rob\u00f3tica, el evento evidenci\u00f3 la capacidad de la ESCOM para proyectarse como motor acad\u00e9mico, cient\u00edfico y tecnol\u00f3gico de la regi\u00f3n.<\/p><p>Con la participaci\u00f3n de estudiantes y equipos provenientes de distintos municipios de la Sabana de Occidente, InnovaBot demostr\u00f3 c\u00f3mo la Escuela de Comunicaciones Militares abre sus puertas a la comunidad para fortalecer la educaci\u00f3n en ciencia, tecnolog\u00eda e innovaci\u00f3n. La jornada integr\u00f3 teor\u00eda y pr\u00e1ctica, posicionando la rob\u00f3tica como eje para despertar el talento y la creatividad de las nuevas generaciones.<\/p><p>El impacto de la Escuela de Comunicaciones Militares trasciende la formaci\u00f3n de los miembros de las Fuerzas Militares, extendi\u00e9ndose hacia la comunidad civil mediante espacios acad\u00e9micos que estimulan habilidades clave para el presente y el futuro, como la resoluci\u00f3n de problemas, el liderazgo y el trabajo colaborativo. As\u00ed, Facatativ\u00e1 y los municipios vecinos encuentran en la Escuela un aliado estrat\u00e9gico para el crecimiento educativo y social.<\/p><p>El concurso de rob\u00f3tica se convirti\u00f3 en un ejemplo tangible de c\u00f3mo la Escuela fortalece los lazos con la regi\u00f3n, fomenta la integraci\u00f3n cultural y genera oportunidades de aprendizaje de alto nivel. Cada iniciativa como InnovaBot reafirma la capacidad institucional de la Escuela de Comunicaciones Militares para impactar positivamente su entorno, posicion\u00e1ndose como referente de innovaci\u00f3n y desarrollo en la Sabana de Occidente.<\/p><p>La experiencia dej\u00f3 huella tambi\u00e9n en los participantes. Laura Villamil, estudiante de la regi\u00f3n, afirm\u00f3: \u00abLa experiencia en InnovaBot 2025 permiti\u00f3 conocer m\u00e1s acerca de la rob\u00f3tica y la innovaci\u00f3n que se est\u00e1 llevando en el \u00e1mbito de la tecnolog\u00eda. Fue muy enriquecedor ver las diferentes competencias y expositores que participaron de esta experiencia. No solo era mostrar qui\u00e9n era el mejor, sino todo lo que se ha logrado. Muy contenta de este espacio tan bonito\u00bb.<\/p><p>En la misma l\u00ednea, Santiago Garc\u00eda, integrante de uno de los equipos de rob\u00f3tica, expres\u00f3: \u00abCompetir en InnovaBot fue un reto incre\u00edble. M\u00e1s all\u00e1 de las pruebas t\u00e9cnicas, lo m\u00e1s valioso fue el aprendizaje en equipo y la oportunidad de compartir con personas de diferentes municipios. La Escuela de Comunicaciones Militares nos demostr\u00f3 que la tecnolog\u00eda no tiene l\u00edmites cuando se combina con disciplina y creatividad\u00bb.<\/p><p><strong>Prensa ESCOM<\/strong><\/p>\t\t\t\t\t\t\t\t<\/div>\n\t\t\t\t<\/div>\n\t\t\t\t<\/div>\n\t\t\t\t\t<\/div>\n\t\t\t\t<\/div>\n\t\t<div class=\"elementor-element elementor-element-e885006 e-grid e-con-boxed e-con e-parent\" data-id=\"e885006\" data-element_type=\"container\" data-e-type=\"container\">\n\t\t\t\t\t<div class=\"e-con-inner\">\n\t\t\t\t<div class=\"elementor-element elementor-element-75cea59 elementor-widget elementor-widget-site-logo\" data-id=\"75cea59\" data-element_type=\"widget\" data-e-type=\"widget\" data-settings=\"{&quot;align&quot;:&quot;center&quot;,&quot;width&quot;:{&quot;unit&quot;:&quot;%&quot;,&quot;size&quot;:&quot;&quot;,&quot;sizes&quot;:[]},&quot;width_tablet&quot;:{&quot;unit&quot;:&quot;%&quot;,&quot;size&quot;:&quot;&quot;,&quot;sizes&quot;:[]},&quot;width_mobile&quot;:{&quot;unit&quot;:&quot;%&quot;,&quot;size&quot;:&quot;&quot;,&quot;sizes&quot;:[]},&quot;space&quot;:{&quot;unit&quot;:&quot;%&quot;,&quot;size&quot;:&quot;&quot;,&quot;sizes&quot;:[]},&quot;space_tablet&quot;:{&quot;unit&quot;:&quot;%&quot;,&quot;size&quot;:&quot;&quot;,&quot;sizes&quot;:[]},&quot;space_mobile&quot;:{&quot;unit&quot;:&quot;%&quot;,&quot;size&quot;:&quot;&quot;,&quot;sizes&quot;:[]},&quot;image_border_radius&quot;:{&quot;unit&quot;:&quot;px&quot;,&quot;top&quot;:&quot;&quot;,&quot;right&quot;:&quot;&quot;,&quot;bottom&quot;:&quot;&quot;,&quot;left&quot;:&quot;&quot;,&quot;isLinked&quot;:true},&quot;image_border_radius_tablet&quot;:{&quot;unit&quot;:&quot;px&quot;,&quot;top&quot;:&quot;&quot;,&quot;right&quot;:&quot;&quot;,&quot;bottom&quot;:&quot;&quot;,&quot;left&quot;:&quot;&quot;,&quot;isLinked&quot;:true},&quot;image_border_radius_mobile&quot;:{&quot;unit&quot;:&quot;px&quot;,&quot;top&quot;:&quot;&quot;,&quot;right&quot;:&quot;&quot;,&quot;bottom&quot;:&quot;&quot;,&quot;left&quot;:&quot;&quot;,&quot;isLinked&quot;:true},&quot;caption_padding&quot;:{&quot;unit&quot;:&quot;px&quot;,&quot;top&quot;:&quot;&quot;,&quot;right&quot;:&quot;&quot;,&quot;bottom&quot;:&quot;&quot;,&quot;left&quot;:&quot;&quot;,&quot;isLinked&quot;:true},&quot;caption_padding_tablet&quot;:{&quot;unit&quot;:&quot;px&quot;,&quot;top&quot;:&quot;&quot;,&quot;right&quot;:&quot;&quot;,&quot;bottom&quot;:&quot;&quot;,&quot;left&quot;:&quot;&quot;,&quot;isLinked&quot;:true},&quot;caption_padding_mobile&quot;:{&quot;unit&quot;:&quot;px&quot;,&quot;top&quot;:&quot;&quot;,&quot;right&quot;:&quot;&quot;,&quot;bottom&quot;:&quot;&quot;,&quot;left&quot;:&quot;&quot;,&quot;isLinked&quot;:true},&quot;caption_space&quot;:{&quot;unit&quot;:&quot;px&quot;,&quot;size&quot;:0,&quot;sizes&quot;:[]},&quot;caption_space_tablet&quot;:{&quot;unit&quot;:&quot;px&quot;,&quot;size&quot;:&quot;&quot;,&quot;sizes&quot;:[]},&quot;caption_space_mobile&quot;:{&quot;unit&quot;:&quot;px&quot;,&quot;size&quot;:&quot;&quot;,&quot;sizes&quot;:[]}}\" data-widget_type=\"site-logo.default\">\n\t\t\t\t<div class=\"elementor-widget-container\">\n\t\t\t\t\t\t\t<div class=\"hfe-site-logo\">\n\t\t\t\t\t\t\t\t\t\t\t\t\t<a data-elementor-open-lightbox=\"\"  class='elementor-clickable' href=\"https:\/\/www.escom.edu.co\">\n\t\t\t\t\t\t\t<div class=\"hfe-site-logo-set\">           \n\t\t\t\t<div class=\"hfe-site-logo-container\">\n\t\t\t\t\t\t\t\t\t<img loading=\"lazy\" decoding=\"async\" src=\"https:\/\/www.escom.edu.co\/wp-content\/uploads\/2024\/07\/logos-1-300x300.png\" alt=\"default-logo\" class=\"hfe-site-logo-img elementor-animation-\" width=\"300\" height=\"300\" \/>\n\t\t\t\t<\/div>\n\t\t\t<\/div>\n\t\t\t\t\t\t\t<\/a>\n\t\t\t\t\t\t<\/div>  \n\t\t\t\t\t\t\t<\/div>\n\t\t\t\t<\/div>\n\t\t\t\t<div class=\"elementor-element elementor-element-968c8c1 elementor-widget__width-auto elementor-widget elementor-widget-text-editor\" data-id=\"968c8c1\" data-element_type=\"widget\" data-e-type=\"widget\" data-widget_type=\"text-editor.default\">\n\t\t\t\t<div class=\"elementor-widget-container\">\n\t\t\t\t\t\t\t\t\t<p style=\"text-align: left;\">Calle 5 No. 15 \u2013 00<span style=\"color: var( --e-global-color-text ); letter-spacing: 0px; background-color: var( --e-global-color-c696dce );\">, Barrio Dos Caminos<\/span><\/p>\n<p style=\"text-align: left;\">Cant\u00f3n Militar de Comunicaciones<\/p>\n<p style=\"text-align: left;\">C\u00f3digo postal: 253051<\/p>\n<p>Email: <a href=\"mailto:admisiones.escom@cedoc.edu.co\">admisiones.escom@cedoc.edu.co<\/a><\/p>\n<p>Contacto: 3133003799<\/p>\n<p>Facatativ\u00e1 &#8211; Cundinamarca<\/p>\t\t\t\t\t\t\t\t<\/div>\n\t\t\t\t<\/div>\n\t\t\t\t\t<\/div>\n\t\t\t\t<\/div>\n\t\t\t\t<\/div>\n\t\t","protected":false},"excerpt":{"rendered":"<p>Bolet\u00edn de Prensa No. 013 Fecha 04 de Noviembre del 2025 La Escuela de Comunicaciones Militares impulsa la innovaci\u00f3n y fortalece la Sabana de Occidente. Rob\u00f3tica, talento joven y formaci\u00f3n acad\u00e9mica: un impacto que trasciende. La Escuela de Comunicaciones Militares, en alianza con la Universidad Nacional Abierta y a Distancia, consolid\u00f3 InnovaBot como espacio de [&hellip;]<\/p>\n","protected":false},"author":1,"featured_media":0,"parent":0,"menu_order":0,"comment_status":"closed","ping_status":"closed","template":"","meta":{"footnotes":""},"class_list":["post-4038","page","type-page","status-publish","hentry"],"_links":{"self":[{"href":"https:\/\/www.escom.edu.co\/index.php?rest_route=\/wp\/v2\/pages\/4038","targetHints":{"allow":["GET"]}}],"collection":[{"href":"https:\/\/www.escom.edu.co\/index.php?rest_route=\/wp\/v2\/pages"}],"about":[{"href":"https:\/\/www.escom.edu.co\/index.php?rest_route=\/wp\/v2\/types\/page"}],"author":[{"embeddable":true,"href":"https:\/\/www.escom.edu.co\/index.php?rest_route=\/wp\/v2\/users\/1"}],"replies":[{"embeddable":true,"href":"https:\/\/www.escom.edu.co\/index.php?rest_route=%2Fwp%2Fv2%2Fcomments&post=4038"}],"version-history":[{"count":5,"href":"https:\/\/www.escom.edu.co\/index.php?rest_route=\/wp\/v2\/pages\/4038\/revisions"}],"predecessor-version":[{"id":4047,"href":"https:\/\/www.escom.edu.co\/index.php?rest_route=\/wp\/v2\/pages\/4038\/revisions\/4047"}],"wp:attachment":[{"href":"https:\/\/www.escom.edu.co\/index.php?rest_route=%2Fwp%2Fv2%2Fmedia&parent=4038"}],"curies":[{"name":"wp","href":"https:\/\/api.w.org\/{rel}","templated":true}]}}