{"id":3785,"date":"2025-08-30T17:36:38","date_gmt":"2025-08-30T22:36:38","guid":{"rendered":"https:\/\/www.escom.edu.co\/?page_id=3785"},"modified":"2025-08-30T17:37:33","modified_gmt":"2025-08-30T22:37:33","slug":"010-boletin-inscripciones-abiertas","status":"publish","type":"page","link":"https:\/\/www.escom.edu.co\/?page_id=3785","title":{"rendered":"010 Boletin Inscripciones Abiertas"},"content":{"rendered":"\t\t<div data-elementor-type=\"wp-page\" data-elementor-id=\"3785\" class=\"elementor elementor-3785\">\n\t\t\t\t<div class=\"elementor-element elementor-element-228cad9 e-flex e-con-boxed e-con e-parent\" data-id=\"228cad9\" data-element_type=\"container\" data-e-type=\"container\">\n\t\t\t\t\t<div class=\"e-con-inner\">\n\t\t<div class=\"elementor-element elementor-element-548ce1e e-con-full e-flex e-con e-child\" data-id=\"548ce1e\" data-element_type=\"container\" data-e-type=\"container\">\n\t\t\t\t<div class=\"elementor-element elementor-element-56e1044 elementor-widget__width-initial elementor-widget elementor-widget-heading\" data-id=\"56e1044\" data-element_type=\"widget\" data-e-type=\"widget\" data-widget_type=\"heading.default\">\n\t\t\t\t<div class=\"elementor-widget-container\">\n\t\t\t\t\t<h2 class=\"elementor-heading-title elementor-size-default\">Bolet\u00edn de Prensa <br> No. 010 <br> Fecha 13 de Agosto del 2025<\/h2>\t\t\t\t<\/div>\n\t\t\t\t<\/div>\n\t\t\t\t<\/div>\n\t\t\t\t\t<\/div>\n\t\t\t\t<\/div>\n\t\t<div class=\"elementor-element elementor-element-e8f8af3 e-flex e-con-boxed e-con e-parent\" data-id=\"e8f8af3\" data-element_type=\"container\" data-e-type=\"container\">\n\t\t\t\t\t<div class=\"e-con-inner\">\n\t\t\t\t<div class=\"elementor-element elementor-element-964d4eb elementor-widget elementor-widget-heading\" data-id=\"964d4eb\" data-element_type=\"widget\" data-e-type=\"widget\" data-widget_type=\"heading.default\">\n\t\t\t\t<div class=\"elementor-widget-container\">\n\t\t\t\t\t<h2 class=\"elementor-heading-title elementor-size-default\">Escuela de Comunicaciones Militares abre inscripciones para<br> Ingenier\u00eda Electr\u00f3nica y Telecomunicaciones<\/h2>\t\t\t\t<\/div>\n\t\t\t\t<\/div>\n\t\t\t\t\t<\/div>\n\t\t\t\t<\/div>\n\t\t<div class=\"elementor-element elementor-element-99fcbb8 e-flex e-con-boxed e-con e-parent\" data-id=\"99fcbb8\" data-element_type=\"container\" data-e-type=\"container\">\n\t\t\t\t\t<div class=\"e-con-inner\">\n\t\t\t\t<div class=\"elementor-element elementor-element-0eddfcb elementor-widget elementor-widget-image\" data-id=\"0eddfcb\" data-element_type=\"widget\" data-e-type=\"widget\" data-widget_type=\"image.default\">\n\t\t\t\t<div class=\"elementor-widget-container\">\n\t\t\t\t\t\t\t\t\t\t\t\t\t\t\t<img fetchpriority=\"high\" decoding=\"async\" width=\"800\" height=\"600\" src=\"https:\/\/www.escom.edu.co\/wp-content\/uploads\/2025\/08\/banner-ofertas-educativas-1-1024x768.jpg\" class=\"attachment-large size-large wp-image-3787\" alt=\"\" srcset=\"https:\/\/www.escom.edu.co\/wp-content\/uploads\/2025\/08\/banner-ofertas-educativas-1-1024x768.jpg 1024w, https:\/\/www.escom.edu.co\/wp-content\/uploads\/2025\/08\/banner-ofertas-educativas-1-300x225.jpg 300w, https:\/\/www.escom.edu.co\/wp-content\/uploads\/2025\/08\/banner-ofertas-educativas-1-768x576.jpg 768w, https:\/\/www.escom.edu.co\/wp-content\/uploads\/2025\/08\/banner-ofertas-educativas-1-1536x1152.jpg 1536w, https:\/\/www.escom.edu.co\/wp-content\/uploads\/2025\/08\/banner-ofertas-educativas-1-2048x1536.jpg 2048w\" sizes=\"(max-width: 800px) 100vw, 800px\" \/>\t\t\t\t\t\t\t\t\t\t\t\t\t\t\t<\/div>\n\t\t\t\t<\/div>\n\t\t\t\t\t<\/div>\n\t\t\t\t<\/div>\n\t\t<div class=\"elementor-element elementor-element-5e07aff e-flex e-con-boxed e-con e-parent\" data-id=\"5e07aff\" data-element_type=\"container\" data-e-type=\"container\">\n\t\t\t\t\t<div class=\"e-con-inner\">\n\t\t<div class=\"elementor-element elementor-element-365e5f8 e-con-full e-flex e-con e-child\" data-id=\"365e5f8\" data-element_type=\"container\" data-e-type=\"container\">\n\t\t\t\t<div class=\"elementor-element elementor-element-01b050d elementor-widget elementor-widget-text-editor\" data-id=\"01b050d\" data-element_type=\"widget\" data-e-type=\"widget\" data-widget_type=\"text-editor.default\">\n\t\t\t\t<div class=\"elementor-widget-container\">\n\t\t\t\t\t\t\t\t\t<p>Convi\u00e9rtase en el profesional que conecta innovaci\u00f3n, tecnolog\u00eda y defensa.<\/p><p>La Escuela de Comunicaciones Militares anuncia la apertura de inscripciones para su programa de Ingenier\u00eda en Electr\u00f3nica y Telecomunicaciones, una carrera de 10 semestres en modalidad presencial que iniciar\u00e1 clases en febrero de 2026 en las instalaciones del Batall\u00f3n de Comunicaciones, en Facatativ\u00e1, Cundinamarca, las inscripciones estar\u00e1n abiertas del 1 de agosto al 30 de noviembre de 2025 para todos los aspirantes que sean bachilleres y hayan presentado las pruebas del ICFES.<\/p><p>Este programa est\u00e1 dise\u00f1ado para formar ingenieros capaces de liderar procesos de desarrollo, gesti\u00f3n y mantenimiento de sistemas electr\u00f3nicos y de telecomunicaciones, integrando conocimientos en \u00e1reas como electr\u00f3nica anal\u00f3gica y digital, telecomunicaciones, redes, sistemas de transmisi\u00f3n, programaci\u00f3n y gesti\u00f3n de proyectos tecnol\u00f3gicos; su plan de estudios, estructurado con altos est\u00e1ndares acad\u00e9micos, combina teor\u00eda, laboratorios especializados y pr\u00e1cticas, brindando una s\u00f3lida preparaci\u00f3n para enfrentar los retos del mundo interconectado.<\/p><p>La Ingenier\u00eda en Electr\u00f3nica y Telecomunicaciones de la Escuela de Comunicaciones Militares se distingue por su enfoque integral, que combina ciencia, tecnolog\u00eda y estrategia, formando profesionales con habilidades t\u00e9cnicas y competencias en liderazgo, trabajo en equipo y pensamiento cr\u00edtico, est\u00e1 dirigida tanto a quienes buscan proyectarse en el sector de las telecomunicaciones y la electr\u00f3nica, como a quienes deseen contribuir al desarrollo tecnol\u00f3gico en contextos de defensa, seguridad y servicio a la naci\u00f3n.<\/p><p>Con una formaci\u00f3n que articula el conocimiento cient\u00edfico con la aplicaci\u00f3n pr\u00e1ctica y un entorno acad\u00e9mico respaldado por laboratorios modernos y docentes expertos, la Escuela ofrece a sus estudiantes una experiencia educativa que fortalece su perfil profesional y les abre oportunidades en diversos campos laborales, desde la industria tecnol\u00f3gica y de telecomunicaciones hasta la consultor\u00eda y la investigaci\u00f3n aplicada.<\/p><p><strong>Prensa ESCOM<\/strong><\/p>\t\t\t\t\t\t\t\t<\/div>\n\t\t\t\t<\/div>\n\t\t\t\t<\/div>\n\t\t\t\t\t<\/div>\n\t\t\t\t<\/div>\n\t\t<div class=\"elementor-element elementor-element-718888a e-grid e-con-boxed e-con e-parent\" data-id=\"718888a\" data-element_type=\"container\" data-e-type=\"container\">\n\t\t\t\t\t<div class=\"e-con-inner\">\n\t\t\t\t<div class=\"elementor-element elementor-element-83e375a elementor-widget elementor-widget-site-logo\" data-id=\"83e375a\" data-element_type=\"widget\" data-e-type=\"widget\" data-settings=\"{&quot;align&quot;:&quot;center&quot;,&quot;width&quot;:{&quot;unit&quot;:&quot;%&quot;,&quot;size&quot;:&quot;&quot;,&quot;sizes&quot;:[]},&quot;width_tablet&quot;:{&quot;unit&quot;:&quot;%&quot;,&quot;size&quot;:&quot;&quot;,&quot;sizes&quot;:[]},&quot;width_mobile&quot;:{&quot;unit&quot;:&quot;%&quot;,&quot;size&quot;:&quot;&quot;,&quot;sizes&quot;:[]},&quot;space&quot;:{&quot;unit&quot;:&quot;%&quot;,&quot;size&quot;:&quot;&quot;,&quot;sizes&quot;:[]},&quot;space_tablet&quot;:{&quot;unit&quot;:&quot;%&quot;,&quot;size&quot;:&quot;&quot;,&quot;sizes&quot;:[]},&quot;space_mobile&quot;:{&quot;unit&quot;:&quot;%&quot;,&quot;size&quot;:&quot;&quot;,&quot;sizes&quot;:[]},&quot;image_border_radius&quot;:{&quot;unit&quot;:&quot;px&quot;,&quot;top&quot;:&quot;&quot;,&quot;right&quot;:&quot;&quot;,&quot;bottom&quot;:&quot;&quot;,&quot;left&quot;:&quot;&quot;,&quot;isLinked&quot;:true},&quot;image_border_radius_tablet&quot;:{&quot;unit&quot;:&quot;px&quot;,&quot;top&quot;:&quot;&quot;,&quot;right&quot;:&quot;&quot;,&quot;bottom&quot;:&quot;&quot;,&quot;left&quot;:&quot;&quot;,&quot;isLinked&quot;:true},&quot;image_border_radius_mobile&quot;:{&quot;unit&quot;:&quot;px&quot;,&quot;top&quot;:&quot;&quot;,&quot;right&quot;:&quot;&quot;,&quot;bottom&quot;:&quot;&quot;,&quot;left&quot;:&quot;&quot;,&quot;isLinked&quot;:true},&quot;caption_padding&quot;:{&quot;unit&quot;:&quot;px&quot;,&quot;top&quot;:&quot;&quot;,&quot;right&quot;:&quot;&quot;,&quot;bottom&quot;:&quot;&quot;,&quot;left&quot;:&quot;&quot;,&quot;isLinked&quot;:true},&quot;caption_padding_tablet&quot;:{&quot;unit&quot;:&quot;px&quot;,&quot;top&quot;:&quot;&quot;,&quot;right&quot;:&quot;&quot;,&quot;bottom&quot;:&quot;&quot;,&quot;left&quot;:&quot;&quot;,&quot;isLinked&quot;:true},&quot;caption_padding_mobile&quot;:{&quot;unit&quot;:&quot;px&quot;,&quot;top&quot;:&quot;&quot;,&quot;right&quot;:&quot;&quot;,&quot;bottom&quot;:&quot;&quot;,&quot;left&quot;:&quot;&quot;,&quot;isLinked&quot;:true},&quot;caption_space&quot;:{&quot;unit&quot;:&quot;px&quot;,&quot;size&quot;:0,&quot;sizes&quot;:[]},&quot;caption_space_tablet&quot;:{&quot;unit&quot;:&quot;px&quot;,&quot;size&quot;:&quot;&quot;,&quot;sizes&quot;:[]},&quot;caption_space_mobile&quot;:{&quot;unit&quot;:&quot;px&quot;,&quot;size&quot;:&quot;&quot;,&quot;sizes&quot;:[]}}\" data-widget_type=\"site-logo.default\">\n\t\t\t\t<div class=\"elementor-widget-container\">\n\t\t\t\t\t\t\t<div class=\"hfe-site-logo\">\n\t\t\t\t\t\t\t\t\t\t\t\t\t<a data-elementor-open-lightbox=\"\"  class='elementor-clickable' href=\"https:\/\/www.escom.edu.co\">\n\t\t\t\t\t\t\t<div class=\"hfe-site-logo-set\">           \n\t\t\t\t<div class=\"hfe-site-logo-container\">\n\t\t\t\t\t\t\t\t\t<img decoding=\"async\" src=\"https:\/\/www.escom.edu.co\/wp-content\/uploads\/2024\/07\/logos-1-300x300.png\" alt=\"default-logo\" class=\"hfe-site-logo-img elementor-animation-\" width=\"300\" height=\"300\" \/>\n\t\t\t\t<\/div>\n\t\t\t<\/div>\n\t\t\t\t\t\t\t<\/a>\n\t\t\t\t\t\t<\/div>  \n\t\t\t\t\t\t\t<\/div>\n\t\t\t\t<\/div>\n\t\t\t\t<div class=\"elementor-element elementor-element-28a673b elementor-widget__width-auto elementor-widget elementor-widget-text-editor\" data-id=\"28a673b\" data-element_type=\"widget\" data-e-type=\"widget\" data-widget_type=\"text-editor.default\">\n\t\t\t\t<div class=\"elementor-widget-container\">\n\t\t\t\t\t\t\t\t\t<p style=\"text-align: left;\">Calle 5 No. 15 \u2013 00<span style=\"color: var( --e-global-color-text ); letter-spacing: 0px; background-color: var( --e-global-color-c696dce );\">, Barrio Dos Caminos<\/span><\/p>\n<p style=\"text-align: left;\">Cant\u00f3n Militar de Comunicaciones<\/p>\n<p style=\"text-align: left;\">C\u00f3digo postal: 253051<\/p>\n<p>Email: <a href=\"mailto:admisiones.escom@cedoc.edu.co\">admisiones.escom@cedoc.edu.co<\/a><\/p>\n<p>Contacto: 3133003799<\/p>\n<p>Facatativ\u00e1 &#8211; Cundinamarca<\/p>\t\t\t\t\t\t\t\t<\/div>\n\t\t\t\t<\/div>\n\t\t\t\t\t<\/div>\n\t\t\t\t<\/div>\n\t\t\t\t<\/div>\n\t\t","protected":false},"excerpt":{"rendered":"<p>Bolet\u00edn de Prensa No. 010 Fecha 13 de Agosto del 2025 Escuela de Comunicaciones Militares abre inscripciones para Ingenier\u00eda Electr\u00f3nica y Telecomunicaciones Convi\u00e9rtase en el profesional que conecta innovaci\u00f3n, tecnolog\u00eda y defensa. La Escuela de Comunicaciones Militares anuncia la apertura de inscripciones para su programa de Ingenier\u00eda en Electr\u00f3nica y Telecomunicaciones, una carrera de 10 [&hellip;]<\/p>\n","protected":false},"author":1,"featured_media":0,"parent":0,"menu_order":0,"comment_status":"closed","ping_status":"closed","template":"","meta":{"footnotes":""},"class_list":["post-3785","page","type-page","status-publish","hentry"],"_links":{"self":[{"href":"https:\/\/www.escom.edu.co\/index.php?rest_route=\/wp\/v2\/pages\/3785","targetHints":{"allow":["GET"]}}],"collection":[{"href":"https:\/\/www.escom.edu.co\/index.php?rest_route=\/wp\/v2\/pages"}],"about":[{"href":"https:\/\/www.escom.edu.co\/index.php?rest_route=\/wp\/v2\/types\/page"}],"author":[{"embeddable":true,"href":"https:\/\/www.escom.edu.co\/index.php?rest_route=\/wp\/v2\/users\/1"}],"replies":[{"embeddable":true,"href":"https:\/\/www.escom.edu.co\/index.php?rest_route=%2Fwp%2Fv2%2Fcomments&post=3785"}],"version-history":[{"count":4,"href":"https:\/\/www.escom.edu.co\/index.php?rest_route=\/wp\/v2\/pages\/3785\/revisions"}],"predecessor-version":[{"id":3791,"href":"https:\/\/www.escom.edu.co\/index.php?rest_route=\/wp\/v2\/pages\/3785\/revisions\/3791"}],"wp:attachment":[{"href":"https:\/\/www.escom.edu.co\/index.php?rest_route=%2Fwp%2Fv2%2Fmedia&parent=3785"}],"curies":[{"name":"wp","href":"https:\/\/api.w.org\/{rel}","templated":true}]}}