{"id":3736,"date":"2025-08-26T19:44:53","date_gmt":"2025-08-27T00:44:53","guid":{"rendered":"https:\/\/www.escom.edu.co\/?page_id=3736"},"modified":"2025-08-26T19:50:07","modified_gmt":"2025-08-27T00:50:07","slug":"009-boletin-7-de-agosto","status":"publish","type":"page","link":"https:\/\/www.escom.edu.co\/?page_id=3736","title":{"rendered":"009 Boletin 7 de Agosto"},"content":{"rendered":"\t\t<div data-elementor-type=\"wp-page\" data-elementor-id=\"3736\" class=\"elementor elementor-3736\">\n\t\t\t\t<div class=\"elementor-element elementor-element-5c784e4 e-flex e-con-boxed e-con e-parent\" data-id=\"5c784e4\" data-element_type=\"container\" data-e-type=\"container\">\n\t\t\t\t\t<div class=\"e-con-inner\">\n\t\t<div class=\"elementor-element elementor-element-46152f9 e-con-full e-flex e-con e-child\" data-id=\"46152f9\" data-element_type=\"container\" data-e-type=\"container\">\n\t\t\t\t<div class=\"elementor-element elementor-element-637708f elementor-widget__width-initial elementor-widget elementor-widget-heading\" data-id=\"637708f\" data-element_type=\"widget\" data-e-type=\"widget\" data-widget_type=\"heading.default\">\n\t\t\t\t<div class=\"elementor-widget-container\">\n\t\t\t\t\t<h2 class=\"elementor-heading-title elementor-size-default\">Bolet\u00edn de Prensa <br> No. 009 <br> Fecha 07 de Agosto del 2025<\/h2>\t\t\t\t<\/div>\n\t\t\t\t<\/div>\n\t\t\t\t<\/div>\n\t\t\t\t\t<\/div>\n\t\t\t\t<\/div>\n\t\t<div class=\"elementor-element elementor-element-d6e19e1 e-flex e-con-boxed e-con e-parent\" data-id=\"d6e19e1\" data-element_type=\"container\" data-e-type=\"container\">\n\t\t\t\t\t<div class=\"e-con-inner\">\n\t\t\t\t<div class=\"elementor-element elementor-element-188fc6e elementor-widget elementor-widget-heading\" data-id=\"188fc6e\" data-element_type=\"widget\" data-e-type=\"widget\" data-widget_type=\"heading.default\">\n\t\t\t\t<div class=\"elementor-widget-container\">\n\t\t\t\t\t<h2 class=\"elementor-heading-title elementor-size-default\">7 de agosto: La batalla que cambi\u00f3 la historia de Colombia<\/h2>\t\t\t\t<\/div>\n\t\t\t\t<\/div>\n\t\t\t\t\t<\/div>\n\t\t\t\t<\/div>\n\t\t<div class=\"elementor-element elementor-element-8880f3f e-flex e-con-boxed e-con e-parent\" data-id=\"8880f3f\" data-element_type=\"container\" data-e-type=\"container\">\n\t\t\t\t\t<div class=\"e-con-inner\">\n\t\t\t\t<div class=\"elementor-element elementor-element-2f3b81a elementor-widget elementor-widget-image\" data-id=\"2f3b81a\" data-element_type=\"widget\" data-e-type=\"widget\" data-widget_type=\"image.default\">\n\t\t\t\t<div class=\"elementor-widget-container\">\n\t\t\t\t\t\t\t\t\t\t\t\t\t\t\t<img fetchpriority=\"high\" decoding=\"async\" width=\"800\" height=\"600\" src=\"https:\/\/www.escom.edu.co\/wp-content\/uploads\/2025\/08\/foto-7-de-agosto-1024x768.jpg\" class=\"attachment-large size-large wp-image-3748\" alt=\"\" srcset=\"https:\/\/www.escom.edu.co\/wp-content\/uploads\/2025\/08\/foto-7-de-agosto-1024x768.jpg 1024w, https:\/\/www.escom.edu.co\/wp-content\/uploads\/2025\/08\/foto-7-de-agosto-300x225.jpg 300w, https:\/\/www.escom.edu.co\/wp-content\/uploads\/2025\/08\/foto-7-de-agosto-768x576.jpg 768w, https:\/\/www.escom.edu.co\/wp-content\/uploads\/2025\/08\/foto-7-de-agosto-1536x1152.jpg 1536w, https:\/\/www.escom.edu.co\/wp-content\/uploads\/2025\/08\/foto-7-de-agosto-2048x1536.jpg 2048w\" sizes=\"(max-width: 800px) 100vw, 800px\" \/>\t\t\t\t\t\t\t\t\t\t\t\t\t\t\t<\/div>\n\t\t\t\t<\/div>\n\t\t\t\t\t<\/div>\n\t\t\t\t<\/div>\n\t\t<div class=\"elementor-element elementor-element-5741c46 e-flex e-con-boxed e-con e-parent\" data-id=\"5741c46\" data-element_type=\"container\" data-e-type=\"container\">\n\t\t\t\t\t<div class=\"e-con-inner\">\n\t\t<div class=\"elementor-element elementor-element-a711e11 e-con-full e-flex e-con e-child\" data-id=\"a711e11\" data-element_type=\"container\" data-e-type=\"container\">\n\t\t\t\t<div class=\"elementor-element elementor-element-8b7936f elementor-widget elementor-widget-text-editor\" data-id=\"8b7936f\" data-element_type=\"widget\" data-e-type=\"widget\" data-widget_type=\"text-editor.default\">\n\t\t\t\t<div class=\"elementor-widget-container\">\n\t\t\t\t\t\t\t\t\t<p>Un d\u00eda de gloria nacional que marc\u00f3 el fin del dominio espa\u00f1ol y el nacimiento de una rep\u00fablica libre<\/p><p>El 7 de agosto de 1819 se libr\u00f3 la Batalla de Boyac\u00e1, una confrontaci\u00f3n decisiva entre el Ej\u00e9rcito Libertador, liderado por Sim\u00f3n Bol\u00edvar y Francisco de Paula Santander, y la Tercera Divisi\u00f3n Realista del Imperio espa\u00f1ol, bajo el mando del coronel Jos\u00e9 Mar\u00eda Barreiro, este enfrentamiento, ocurrido cerca del Puente de Boyac\u00e1 en el departamento que lleva el mismo nombre, sell\u00f3 la independencia de la Nueva Granada y dio paso a la construcci\u00f3n de una rep\u00fablica soberana, esta fecha, que hoy celebramos como s\u00edmbolo de libertad, es tambi\u00e9n el D\u00eda del Ej\u00e9rcito Nacional, en honor a quienes forjaron la independencia y a quienes contin\u00faan defendiendo la naci\u00f3n.<\/p><p>La victoria en Boyac\u00e1 fue el resultado de una campa\u00f1a militar extraordinaria, tras cruzar los Andes en una de las haza\u00f1as m\u00e1s memorables de la historia militar latinoamericana, el Ej\u00e9rcito Libertador sorprendi\u00f3 a las tropas espa\u00f1olas con una maniobra envolvente, el combate dur\u00f3 cerca de seis horas y finaliz\u00f3 con la rendici\u00f3n del enemigo, esta acci\u00f3n permiti\u00f3 que los patriotas tomaran Santa Fe sin resistencia y consolidaran el control sobre el territorio, la derrota realista marc\u00f3 el declive definitivo del dominio espa\u00f1ol en el norte de Suram\u00e9rica.<\/p><p>La trascendencia de la Batalla de Boyac\u00e1 no solo reside en su impacto militar, sino tambi\u00e9n en su valor simb\u00f3lico, fue el desenlace de un proceso iniciado el 20 de julio de 1810 y liderado por hombres y mujeres que lucharon por el ideal de una naci\u00f3n libre, nombres como Pedro Pascasio Mart\u00ednez, Inocencio Chinc\u00e1 y Simona Amaya representan el coraje de un pueblo que se uni\u00f3 por un prop\u00f3sito com\u00fan, dos a\u00f1os m\u00e1s tarde, en 1821, el Congreso de C\u00facuta consolidar\u00eda este esfuerzo colectivo mediante la creaci\u00f3n de la Gran Colombia.<\/p><p>El 7 de agosto es una fecha clave para Colombia: conmemora la independencia y resalta el papel del Ej\u00e9rcito Nacional, que desde la gesta libertadora ha evolucionado para proteger la soberan\u00eda, la seguridad y los derechos de los colombianos, hoy, miles de soldados se forman con vocaci\u00f3n de servicio, honrando el legado de Boyac\u00e1, celebrar esta fecha no solo recuerda una batalla, sino que reafirma nuestro compromiso con la libertad, la justicia y la construcci\u00f3n de un pa\u00eds m\u00e1s consciente, justo y en paz.<\/p><p><strong>Prensa ESCOM<\/strong><\/p>\t\t\t\t\t\t\t\t<\/div>\n\t\t\t\t<\/div>\n\t\t\t\t<\/div>\n\t\t\t\t\t<\/div>\n\t\t\t\t<\/div>\n\t\t<div class=\"elementor-element elementor-element-f2fdb51 e-grid e-con-boxed e-con e-parent\" data-id=\"f2fdb51\" data-element_type=\"container\" data-e-type=\"container\">\n\t\t\t\t\t<div class=\"e-con-inner\">\n\t\t\t\t<div class=\"elementor-element elementor-element-af97a55 elementor-widget elementor-widget-site-logo\" data-id=\"af97a55\" data-element_type=\"widget\" data-e-type=\"widget\" data-settings=\"{&quot;align&quot;:&quot;center&quot;,&quot;width&quot;:{&quot;unit&quot;:&quot;%&quot;,&quot;size&quot;:&quot;&quot;,&quot;sizes&quot;:[]},&quot;width_tablet&quot;:{&quot;unit&quot;:&quot;%&quot;,&quot;size&quot;:&quot;&quot;,&quot;sizes&quot;:[]},&quot;width_mobile&quot;:{&quot;unit&quot;:&quot;%&quot;,&quot;size&quot;:&quot;&quot;,&quot;sizes&quot;:[]},&quot;space&quot;:{&quot;unit&quot;:&quot;%&quot;,&quot;size&quot;:&quot;&quot;,&quot;sizes&quot;:[]},&quot;space_tablet&quot;:{&quot;unit&quot;:&quot;%&quot;,&quot;size&quot;:&quot;&quot;,&quot;sizes&quot;:[]},&quot;space_mobile&quot;:{&quot;unit&quot;:&quot;%&quot;,&quot;size&quot;:&quot;&quot;,&quot;sizes&quot;:[]},&quot;image_border_radius&quot;:{&quot;unit&quot;:&quot;px&quot;,&quot;top&quot;:&quot;&quot;,&quot;right&quot;:&quot;&quot;,&quot;bottom&quot;:&quot;&quot;,&quot;left&quot;:&quot;&quot;,&quot;isLinked&quot;:true},&quot;image_border_radius_tablet&quot;:{&quot;unit&quot;:&quot;px&quot;,&quot;top&quot;:&quot;&quot;,&quot;right&quot;:&quot;&quot;,&quot;bottom&quot;:&quot;&quot;,&quot;left&quot;:&quot;&quot;,&quot;isLinked&quot;:true},&quot;image_border_radius_mobile&quot;:{&quot;unit&quot;:&quot;px&quot;,&quot;top&quot;:&quot;&quot;,&quot;right&quot;:&quot;&quot;,&quot;bottom&quot;:&quot;&quot;,&quot;left&quot;:&quot;&quot;,&quot;isLinked&quot;:true},&quot;caption_padding&quot;:{&quot;unit&quot;:&quot;px&quot;,&quot;top&quot;:&quot;&quot;,&quot;right&quot;:&quot;&quot;,&quot;bottom&quot;:&quot;&quot;,&quot;left&quot;:&quot;&quot;,&quot;isLinked&quot;:true},&quot;caption_padding_tablet&quot;:{&quot;unit&quot;:&quot;px&quot;,&quot;top&quot;:&quot;&quot;,&quot;right&quot;:&quot;&quot;,&quot;bottom&quot;:&quot;&quot;,&quot;left&quot;:&quot;&quot;,&quot;isLinked&quot;:true},&quot;caption_padding_mobile&quot;:{&quot;unit&quot;:&quot;px&quot;,&quot;top&quot;:&quot;&quot;,&quot;right&quot;:&quot;&quot;,&quot;bottom&quot;:&quot;&quot;,&quot;left&quot;:&quot;&quot;,&quot;isLinked&quot;:true},&quot;caption_space&quot;:{&quot;unit&quot;:&quot;px&quot;,&quot;size&quot;:0,&quot;sizes&quot;:[]},&quot;caption_space_tablet&quot;:{&quot;unit&quot;:&quot;px&quot;,&quot;size&quot;:&quot;&quot;,&quot;sizes&quot;:[]},&quot;caption_space_mobile&quot;:{&quot;unit&quot;:&quot;px&quot;,&quot;size&quot;:&quot;&quot;,&quot;sizes&quot;:[]}}\" data-widget_type=\"site-logo.default\">\n\t\t\t\t<div class=\"elementor-widget-container\">\n\t\t\t\t\t\t\t<div class=\"hfe-site-logo\">\n\t\t\t\t\t\t\t\t\t\t\t\t\t<a data-elementor-open-lightbox=\"\"  class='elementor-clickable' href=\"https:\/\/www.escom.edu.co\">\n\t\t\t\t\t\t\t<div class=\"hfe-site-logo-set\">           \n\t\t\t\t<div class=\"hfe-site-logo-container\">\n\t\t\t\t\t\t\t\t\t<img decoding=\"async\" src=\"https:\/\/www.escom.edu.co\/wp-content\/uploads\/2024\/07\/logos-1-300x300.png\" alt=\"default-logo\" class=\"hfe-site-logo-img elementor-animation-\" width=\"300\" height=\"300\" \/>\n\t\t\t\t<\/div>\n\t\t\t<\/div>\n\t\t\t\t\t\t\t<\/a>\n\t\t\t\t\t\t<\/div>  \n\t\t\t\t\t\t\t<\/div>\n\t\t\t\t<\/div>\n\t\t\t\t<div class=\"elementor-element elementor-element-348310d elementor-widget__width-auto elementor-widget elementor-widget-text-editor\" data-id=\"348310d\" data-element_type=\"widget\" data-e-type=\"widget\" data-widget_type=\"text-editor.default\">\n\t\t\t\t<div class=\"elementor-widget-container\">\n\t\t\t\t\t\t\t\t\t<p style=\"text-align: left;\">Calle 5 No. 15 \u2013 00<span style=\"color: var( --e-global-color-text ); letter-spacing: 0px; background-color: var( --e-global-color-c696dce );\">, Barrio Dos Caminos<\/span><\/p>\n<p style=\"text-align: left;\">Cant\u00f3n Militar de Comunicaciones<\/p>\n<p style=\"text-align: left;\">C\u00f3digo postal: 253051<\/p>\n<p>Email: <a href=\"mailto:admisiones.escom@cedoc.edu.co\">admisiones.escom@cedoc.edu.co<\/a><\/p>\n<p>Contacto: 3133003799<\/p>\n<p>Facatativ\u00e1 &#8211; Cundinamarca<\/p>\t\t\t\t\t\t\t\t<\/div>\n\t\t\t\t<\/div>\n\t\t\t\t\t<\/div>\n\t\t\t\t<\/div>\n\t\t\t\t<\/div>\n\t\t","protected":false},"excerpt":{"rendered":"<p>Bolet\u00edn de Prensa No. 009 Fecha 07 de Agosto del 2025 7 de agosto: La batalla que cambi\u00f3 la historia de Colombia Un d\u00eda de gloria nacional que marc\u00f3 el fin del dominio espa\u00f1ol y el nacimiento de una rep\u00fablica libre El 7 de agosto de 1819 se libr\u00f3 la Batalla de Boyac\u00e1, una confrontaci\u00f3n [&hellip;]<\/p>\n","protected":false},"author":1,"featured_media":0,"parent":0,"menu_order":0,"comment_status":"closed","ping_status":"closed","template":"","meta":{"footnotes":""},"class_list":["post-3736","page","type-page","status-publish","hentry"],"_links":{"self":[{"href":"https:\/\/www.escom.edu.co\/index.php?rest_route=\/wp\/v2\/pages\/3736","targetHints":{"allow":["GET"]}}],"collection":[{"href":"https:\/\/www.escom.edu.co\/index.php?rest_route=\/wp\/v2\/pages"}],"about":[{"href":"https:\/\/www.escom.edu.co\/index.php?rest_route=\/wp\/v2\/types\/page"}],"author":[{"embeddable":true,"href":"https:\/\/www.escom.edu.co\/index.php?rest_route=\/wp\/v2\/users\/1"}],"replies":[{"embeddable":true,"href":"https:\/\/www.escom.edu.co\/index.php?rest_route=%2Fwp%2Fv2%2Fcomments&post=3736"}],"version-history":[{"count":13,"href":"https:\/\/www.escom.edu.co\/index.php?rest_route=\/wp\/v2\/pages\/3736\/revisions"}],"predecessor-version":[{"id":3751,"href":"https:\/\/www.escom.edu.co\/index.php?rest_route=\/wp\/v2\/pages\/3736\/revisions\/3751"}],"wp:attachment":[{"href":"https:\/\/www.escom.edu.co\/index.php?rest_route=%2Fwp%2Fv2%2Fmedia&parent=3736"}],"curies":[{"name":"wp","href":"https:\/\/api.w.org\/{rel}","templated":true}]}}