{"id":3565,"date":"2025-06-29T18:24:11","date_gmt":"2025-06-29T23:24:11","guid":{"rendered":"https:\/\/www.escom.edu.co\/?page_id=3565"},"modified":"2025-06-29T19:01:00","modified_gmt":"2025-06-30T00:01:00","slug":"boletin-no-005-revista-tecnoescom","status":"publish","type":"page","link":"https:\/\/www.escom.edu.co\/?page_id=3565","title":{"rendered":"005 Boletin Revista TECNOESCOM"},"content":{"rendered":"\t\t<div data-elementor-type=\"wp-page\" data-elementor-id=\"3565\" class=\"elementor elementor-3565\">\n\t\t\t\t<div class=\"elementor-element elementor-element-0411d55 e-flex e-con-boxed e-con e-parent\" data-id=\"0411d55\" data-element_type=\"container\" data-e-type=\"container\">\n\t\t\t\t\t<div class=\"e-con-inner\">\n\t\t<div class=\"elementor-element elementor-element-bf5642e e-con-full e-flex e-con e-child\" data-id=\"bf5642e\" data-element_type=\"container\" data-e-type=\"container\">\n\t\t\t\t<div class=\"elementor-element elementor-element-e74478b elementor-widget elementor-widget-heading\" data-id=\"e74478b\" data-element_type=\"widget\" data-e-type=\"widget\" data-widget_type=\"heading.default\">\n\t\t\t\t<div class=\"elementor-widget-container\">\n\t\t\t\t\t<h2 class=\"elementor-heading-title elementor-size-default\">Bolet\u00edn de Prensa <br> No. 005 <br> Fecha 20 de Junio del 2025<\/h2>\t\t\t\t<\/div>\n\t\t\t\t<\/div>\n\t\t\t\t<\/div>\n\t\t\t\t\t<\/div>\n\t\t\t\t<\/div>\n\t\t<div class=\"elementor-element elementor-element-e3b0003 e-flex e-con-boxed e-con e-parent\" data-id=\"e3b0003\" data-element_type=\"container\" data-e-type=\"container\">\n\t\t\t\t\t<div class=\"e-con-inner\">\n\t\t\t\t<div class=\"elementor-element elementor-element-7ae3950 elementor-widget elementor-widget-heading\" data-id=\"7ae3950\" data-element_type=\"widget\" data-e-type=\"widget\" data-widget_type=\"heading.default\">\n\t\t\t\t<div class=\"elementor-widget-container\">\n\t\t\t\t\t<h2 class=\"elementor-heading-title elementor-size-default\">Escuela de Comunicaciones Militares <br>fortalece la investigaci\u00f3n con su revista cient\u00edfica TECNOESCOM<\/h2>\t\t\t\t<\/div>\n\t\t\t\t<\/div>\n\t\t\t\t\t<\/div>\n\t\t\t\t<\/div>\n\t\t<div class=\"elementor-element elementor-element-9621333 e-flex e-con-boxed e-con e-parent\" data-id=\"9621333\" data-element_type=\"container\" data-e-type=\"container\">\n\t\t\t\t\t<div class=\"e-con-inner\">\n\t\t<div class=\"elementor-element elementor-element-0c69b9d e-con-full e-flex e-con e-child\" data-id=\"0c69b9d\" data-element_type=\"container\" data-e-type=\"container\">\n\t\t\t\t<div class=\"elementor-element elementor-element-ebc898e elementor-pagination-position-outside elementor-widget elementor-widget-image-carousel\" data-id=\"ebc898e\" data-element_type=\"widget\" data-e-type=\"widget\" data-settings=\"{&quot;navigation&quot;:&quot;dots&quot;,&quot;autoplay&quot;:&quot;yes&quot;,&quot;pause_on_hover&quot;:&quot;yes&quot;,&quot;pause_on_interaction&quot;:&quot;yes&quot;,&quot;autoplay_speed&quot;:5000,&quot;infinite&quot;:&quot;yes&quot;,&quot;speed&quot;:500,&quot;image_spacing_custom&quot;:{&quot;unit&quot;:&quot;px&quot;,&quot;size&quot;:20,&quot;sizes&quot;:[]},&quot;image_spacing_custom_tablet&quot;:{&quot;unit&quot;:&quot;px&quot;,&quot;size&quot;:&quot;&quot;,&quot;sizes&quot;:[]},&quot;image_spacing_custom_mobile&quot;:{&quot;unit&quot;:&quot;px&quot;,&quot;size&quot;:&quot;&quot;,&quot;sizes&quot;:[]}}\" data-widget_type=\"image-carousel.default\">\n\t\t\t\t<div class=\"elementor-widget-container\">\n\t\t\t\t\t\t\t<div class=\"elementor-image-carousel-wrapper swiper\" role=\"region\" aria-roledescription=\"carousel\" aria-label=\"Carrusel de im\u00e1genes\" dir=\"ltr\">\n\t\t\t<div class=\"elementor-image-carousel swiper-wrapper\" aria-live=\"off\">\n\t\t\t\t\t\t\t\t<div class=\"swiper-slide\" role=\"group\" aria-roledescription=\"slide\" aria-label=\"1 de 4\"><figure class=\"swiper-slide-inner\"><img fetchpriority=\"high\" decoding=\"async\" src=\"https:\/\/www.escom.edu.co\/wp-content\/uploads\/2025\/06\/tec4-1024x768.jpeg\" alt=\"tec4\" class=\"swiper-slide-image\" width=\"1024\" height=\"768\" \/><\/figure><\/div><div class=\"swiper-slide\" role=\"group\" aria-roledescription=\"slide\" aria-label=\"2 de 4\"><figure class=\"swiper-slide-inner\"><img decoding=\"async\" src=\"https:\/\/www.escom.edu.co\/wp-content\/uploads\/2025\/06\/tec3-1024x768.jpeg\" alt=\"tec3\" class=\"swiper-slide-image\" width=\"1024\" height=\"768\" \/><\/figure><\/div><div class=\"swiper-slide\" role=\"group\" aria-roledescription=\"slide\" aria-label=\"3 de 4\"><figure class=\"swiper-slide-inner\"><img decoding=\"async\" src=\"https:\/\/www.escom.edu.co\/wp-content\/uploads\/2025\/06\/tec2-1024x768.jpeg\" alt=\"tec2\" class=\"swiper-slide-image\" width=\"1024\" height=\"768\" \/><\/figure><\/div><div class=\"swiper-slide\" role=\"group\" aria-roledescription=\"slide\" aria-label=\"4 de 4\"><figure class=\"swiper-slide-inner\"><img loading=\"lazy\" decoding=\"async\" src=\"https:\/\/www.escom.edu.co\/wp-content\/uploads\/2025\/06\/tec1-1024x768.jpeg\" alt=\"tec1\" class=\"swiper-slide-image\" width=\"1024\" height=\"768\" \/><\/figure><\/div>\t\t\t<\/div>\n\t\t\t\t\t\t\t\n\t\t\t\t\t\t\t\t\t<div class=\"swiper-pagination\"><\/div>\n\t\t\t\t\t\t\t\t\t<\/div>\n\t\t\t\t\t\t<\/div>\n\t\t\t\t<\/div>\n\t\t\t\t<\/div>\n\t\t\t\t\t<\/div>\n\t\t\t\t<\/div>\n\t\t<div class=\"elementor-element elementor-element-445cd70 e-flex e-con-boxed e-con e-parent\" data-id=\"445cd70\" data-element_type=\"container\" data-e-type=\"container\">\n\t\t\t\t\t<div class=\"e-con-inner\">\n\t\t<div class=\"elementor-element elementor-element-39a3a2a e-con-full e-flex e-con e-child\" data-id=\"39a3a2a\" data-element_type=\"container\" data-e-type=\"container\">\n\t\t\t\t<div class=\"elementor-element elementor-element-958307d elementor-widget elementor-widget-text-editor\" data-id=\"958307d\" data-element_type=\"widget\" data-e-type=\"widget\" data-widget_type=\"text-editor.default\">\n\t\t\t\t<div class=\"elementor-widget-container\">\n\t\t\t\t\t\t\t\t\t<p>Este a\u00f1o se publica el s\u00e9ptimo volumen, consolid\u00e1ndose como una vitrina acad\u00e9mica y tecnol\u00f3gica de impacto nacional.<\/p><p>La Escuela de Comunicaciones Militares lanzar\u00e1 el s\u00e9ptimo volumen de su revista cient\u00edfica TECNOESCOM, durante el Foro de Comunicaciones 2025, que se realizar\u00e1 en el Club Militar las Mercedes en Melgar, los d\u00edas 22 y 23 de agosto de este a\u00f1o.<\/p><p>Est\u00e1 publicaci\u00f3n anual en formato digital re\u00fane art\u00edculos de investigaci\u00f3n, revisi\u00f3n bibliogr\u00e1fica y trabajos de semilleros desarrollados por estudiantes, docentes e investigadores de sus programas de pregrado y posgrado.<\/p><p>Con el ISSN 2711-0761, TECNOESCOM se proyecta como un canal estrat\u00e9gico de divulgaci\u00f3n del conocimiento, facilitando el acceso a los avances cient\u00edficos y tecnol\u00f3gicos en \u00e1reas como Ingenier\u00eda Electr\u00f3nica, Telecomunicaciones y Ciberseguridad; su objetivo es hacer comprensibles conceptos complejos, estimular la innovaci\u00f3n y promover el pensamiento investigativo en la comunidad acad\u00e9mica de la Escuela.<\/p><p>Actualmente, la revista cuenta con seis vol\u00famenes publicados en la p\u00e1gina web ABICEINV y se encuentra en constante evoluci\u00f3n, aumentando progresivamente su rigurosidad cient\u00edfica.<\/p><p>Es de resaltar que, la transici\u00f3n al formato digital, avalada por la Biblioteca Nacional de Colombia, ha permitido ampliar su cobertura y cumplir con las pol\u00edticas de \u201ccero papel\u201d en la administraci\u00f3n p\u00fablica.<\/p><p><strong>Prensa ESCOM<\/strong><\/p>\t\t\t\t\t\t\t\t<\/div>\n\t\t\t\t<\/div>\n\t\t\t\t<\/div>\n\t\t\t\t\t<\/div>\n\t\t\t\t<\/div>\n\t\t<div class=\"elementor-element elementor-element-6627e80 e-grid e-con-boxed e-con e-parent\" data-id=\"6627e80\" data-element_type=\"container\" data-e-type=\"container\">\n\t\t\t\t\t<div class=\"e-con-inner\">\n\t\t\t\t<div class=\"elementor-element elementor-element-248b8d6 elementor-widget elementor-widget-site-logo\" data-id=\"248b8d6\" data-element_type=\"widget\" data-e-type=\"widget\" data-settings=\"{&quot;align&quot;:&quot;center&quot;,&quot;width&quot;:{&quot;unit&quot;:&quot;%&quot;,&quot;size&quot;:&quot;&quot;,&quot;sizes&quot;:[]},&quot;width_tablet&quot;:{&quot;unit&quot;:&quot;%&quot;,&quot;size&quot;:&quot;&quot;,&quot;sizes&quot;:[]},&quot;width_mobile&quot;:{&quot;unit&quot;:&quot;%&quot;,&quot;size&quot;:&quot;&quot;,&quot;sizes&quot;:[]},&quot;space&quot;:{&quot;unit&quot;:&quot;%&quot;,&quot;size&quot;:&quot;&quot;,&quot;sizes&quot;:[]},&quot;space_tablet&quot;:{&quot;unit&quot;:&quot;%&quot;,&quot;size&quot;:&quot;&quot;,&quot;sizes&quot;:[]},&quot;space_mobile&quot;:{&quot;unit&quot;:&quot;%&quot;,&quot;size&quot;:&quot;&quot;,&quot;sizes&quot;:[]},&quot;image_border_radius&quot;:{&quot;unit&quot;:&quot;px&quot;,&quot;top&quot;:&quot;&quot;,&quot;right&quot;:&quot;&quot;,&quot;bottom&quot;:&quot;&quot;,&quot;left&quot;:&quot;&quot;,&quot;isLinked&quot;:true},&quot;image_border_radius_tablet&quot;:{&quot;unit&quot;:&quot;px&quot;,&quot;top&quot;:&quot;&quot;,&quot;right&quot;:&quot;&quot;,&quot;bottom&quot;:&quot;&quot;,&quot;left&quot;:&quot;&quot;,&quot;isLinked&quot;:true},&quot;image_border_radius_mobile&quot;:{&quot;unit&quot;:&quot;px&quot;,&quot;top&quot;:&quot;&quot;,&quot;right&quot;:&quot;&quot;,&quot;bottom&quot;:&quot;&quot;,&quot;left&quot;:&quot;&quot;,&quot;isLinked&quot;:true},&quot;caption_padding&quot;:{&quot;unit&quot;:&quot;px&quot;,&quot;top&quot;:&quot;&quot;,&quot;right&quot;:&quot;&quot;,&quot;bottom&quot;:&quot;&quot;,&quot;left&quot;:&quot;&quot;,&quot;isLinked&quot;:true},&quot;caption_padding_tablet&quot;:{&quot;unit&quot;:&quot;px&quot;,&quot;top&quot;:&quot;&quot;,&quot;right&quot;:&quot;&quot;,&quot;bottom&quot;:&quot;&quot;,&quot;left&quot;:&quot;&quot;,&quot;isLinked&quot;:true},&quot;caption_padding_mobile&quot;:{&quot;unit&quot;:&quot;px&quot;,&quot;top&quot;:&quot;&quot;,&quot;right&quot;:&quot;&quot;,&quot;bottom&quot;:&quot;&quot;,&quot;left&quot;:&quot;&quot;,&quot;isLinked&quot;:true},&quot;caption_space&quot;:{&quot;unit&quot;:&quot;px&quot;,&quot;size&quot;:0,&quot;sizes&quot;:[]},&quot;caption_space_tablet&quot;:{&quot;unit&quot;:&quot;px&quot;,&quot;size&quot;:&quot;&quot;,&quot;sizes&quot;:[]},&quot;caption_space_mobile&quot;:{&quot;unit&quot;:&quot;px&quot;,&quot;size&quot;:&quot;&quot;,&quot;sizes&quot;:[]}}\" data-widget_type=\"site-logo.default\">\n\t\t\t\t<div class=\"elementor-widget-container\">\n\t\t\t\t\t\t\t<div class=\"hfe-site-logo\">\n\t\t\t\t\t\t\t\t\t\t\t\t\t<a data-elementor-open-lightbox=\"\"  class='elementor-clickable' href=\"https:\/\/www.escom.edu.co\">\n\t\t\t\t\t\t\t<div class=\"hfe-site-logo-set\">           \n\t\t\t\t<div class=\"hfe-site-logo-container\">\n\t\t\t\t\t\t\t\t\t<img loading=\"lazy\" decoding=\"async\" src=\"https:\/\/www.escom.edu.co\/wp-content\/uploads\/2024\/07\/logos-1-300x300.png\" alt=\"default-logo\" class=\"hfe-site-logo-img elementor-animation-\" width=\"300\" height=\"300\" \/>\n\t\t\t\t<\/div>\n\t\t\t<\/div>\n\t\t\t\t\t\t\t<\/a>\n\t\t\t\t\t\t<\/div>  \n\t\t\t\t\t\t\t<\/div>\n\t\t\t\t<\/div>\n\t\t\t\t<div class=\"elementor-element elementor-element-8c24499 elementor-widget__width-auto elementor-widget elementor-widget-text-editor\" data-id=\"8c24499\" data-element_type=\"widget\" data-e-type=\"widget\" data-widget_type=\"text-editor.default\">\n\t\t\t\t<div class=\"elementor-widget-container\">\n\t\t\t\t\t\t\t\t\t<p style=\"text-align: left;\">Calle 5 No. 15 \u2013 00<span style=\"color: var( --e-global-color-text ); letter-spacing: 0px; background-color: var( --e-global-color-c696dce );\">, Barrio Dos Caminos<\/span><\/p>\n<p style=\"text-align: left;\">Cant\u00f3n Militar de Comunicaciones<\/p>\n<p style=\"text-align: left;\">C\u00f3digo postal: 253051<\/p>\n<p>Email: <a href=\"mailto:admisiones.escom@cedoc.edu.co\">admisiones.escom@cedoc.edu.co<\/a><\/p>\n<p>Contacto: 3133003799<\/p>\n<p>Facatativ\u00e1 &#8211; Cundinamarca<\/p>\t\t\t\t\t\t\t\t<\/div>\n\t\t\t\t<\/div>\n\t\t\t\t\t<\/div>\n\t\t\t\t<\/div>\n\t\t\t\t<\/div>\n\t\t","protected":false},"excerpt":{"rendered":"<p>Bolet\u00edn de Prensa No. 005 Fecha 20 de Junio del 2025 Escuela de Comunicaciones Militares fortalece la investigaci\u00f3n con su revista cient\u00edfica TECNOESCOM Este a\u00f1o se publica el s\u00e9ptimo volumen, consolid\u00e1ndose como una vitrina acad\u00e9mica y tecnol\u00f3gica de impacto nacional. La Escuela de Comunicaciones Militares lanzar\u00e1 el s\u00e9ptimo volumen de su revista cient\u00edfica TECNOESCOM, durante [&hellip;]<\/p>\n","protected":false},"author":1,"featured_media":0,"parent":0,"menu_order":0,"comment_status":"closed","ping_status":"closed","template":"","meta":{"footnotes":""},"class_list":["post-3565","page","type-page","status-publish","hentry"],"_links":{"self":[{"href":"https:\/\/www.escom.edu.co\/index.php?rest_route=\/wp\/v2\/pages\/3565","targetHints":{"allow":["GET"]}}],"collection":[{"href":"https:\/\/www.escom.edu.co\/index.php?rest_route=\/wp\/v2\/pages"}],"about":[{"href":"https:\/\/www.escom.edu.co\/index.php?rest_route=\/wp\/v2\/types\/page"}],"author":[{"embeddable":true,"href":"https:\/\/www.escom.edu.co\/index.php?rest_route=\/wp\/v2\/users\/1"}],"replies":[{"embeddable":true,"href":"https:\/\/www.escom.edu.co\/index.php?rest_route=%2Fwp%2Fv2%2Fcomments&post=3565"}],"version-history":[{"count":8,"href":"https:\/\/www.escom.edu.co\/index.php?rest_route=\/wp\/v2\/pages\/3565\/revisions"}],"predecessor-version":[{"id":3581,"href":"https:\/\/www.escom.edu.co\/index.php?rest_route=\/wp\/v2\/pages\/3565\/revisions\/3581"}],"wp:attachment":[{"href":"https:\/\/www.escom.edu.co\/index.php?rest_route=%2Fwp%2Fv2%2Fmedia&parent=3565"}],"curies":[{"name":"wp","href":"https:\/\/api.w.org\/{rel}","templated":true}]}}