{"id":2813,"date":"2025-05-08T22:05:42","date_gmt":"2025-05-09T03:05:42","guid":{"rendered":"https:\/\/www.escom.edu.co\/?page_id=2813"},"modified":"2025-06-29T19:08:30","modified_gmt":"2025-06-30T00:08:30","slug":"boletin-de-prensa-no-001-05-de-mayo-del-2025","status":"publish","type":"page","link":"https:\/\/www.escom.edu.co\/?page_id=2813","title":{"rendered":"001 Boletin MILIBOTS 2025"},"content":{"rendered":"\t\t<div data-elementor-type=\"wp-page\" data-elementor-id=\"2813\" class=\"elementor elementor-2813\">\n\t\t\t\t<div class=\"elementor-element elementor-element-af739ce e-flex e-con-boxed e-con e-parent\" data-id=\"af739ce\" data-element_type=\"container\" data-e-type=\"container\">\n\t\t\t\t\t<div class=\"e-con-inner\">\n\t\t<div class=\"elementor-element elementor-element-98ba162 e-con-full e-flex e-con e-child\" data-id=\"98ba162\" data-element_type=\"container\" data-e-type=\"container\">\n\t\t\t\t<div class=\"elementor-element elementor-element-3ed47d6 elementor-widget elementor-widget-heading\" data-id=\"3ed47d6\" data-element_type=\"widget\" data-e-type=\"widget\" data-widget_type=\"heading.default\">\n\t\t\t\t<div class=\"elementor-widget-container\">\n\t\t\t\t\t<h2 class=\"elementor-heading-title elementor-size-default\">Bolet\u00edn de Prensa <br> No. 001  <br> Fecha 05 de Mayo del 2025<\/h2>\t\t\t\t<\/div>\n\t\t\t\t<\/div>\n\t\t\t\t<\/div>\n\t\t\t\t\t<\/div>\n\t\t\t\t<\/div>\n\t\t<div class=\"elementor-element elementor-element-ee8a37c e-flex e-con-boxed e-con e-parent\" data-id=\"ee8a37c\" data-element_type=\"container\" data-e-type=\"container\">\n\t\t\t\t\t<div class=\"e-con-inner\">\n\t\t\t\t<div class=\"elementor-element elementor-element-50cf18e elementor-widget elementor-widget-heading\" data-id=\"50cf18e\" data-element_type=\"widget\" data-e-type=\"widget\" data-widget_type=\"heading.default\">\n\t\t\t\t<div class=\"elementor-widget-container\">\n\t\t\t\t\t<h2 class=\"elementor-heading-title elementor-size-default\">Escuela de Comunicaciones Militares <br>ocupa primer y segundo puesto en MILIBOTS 2025<\/h2>\t\t\t\t<\/div>\n\t\t\t\t<\/div>\n\t\t\t\t\t<\/div>\n\t\t\t\t<\/div>\n\t\t<div class=\"elementor-element elementor-element-2a5eba8 e-flex e-con-boxed e-con e-parent\" data-id=\"2a5eba8\" data-element_type=\"container\" data-e-type=\"container\">\n\t\t\t\t\t<div class=\"e-con-inner\">\n\t\t<div class=\"elementor-element elementor-element-b2ccba1 e-con-full e-flex e-con e-child\" data-id=\"b2ccba1\" data-element_type=\"container\" data-e-type=\"container\">\n\t\t\t\t<div class=\"elementor-element elementor-element-bb52683 elementor-widget elementor-widget-image\" data-id=\"bb52683\" data-element_type=\"widget\" data-e-type=\"widget\" data-widget_type=\"image.default\">\n\t\t\t\t<div class=\"elementor-widget-container\">\n\t\t\t\t\t\t\t\t\t\t\t\t\t\t\t<img fetchpriority=\"high\" decoding=\"async\" width=\"800\" height=\"600\" src=\"https:\/\/www.escom.edu.co\/wp-content\/uploads\/2025\/05\/33-1024x768.png\" class=\"attachment-large size-large wp-image-2652\" alt=\"\" srcset=\"https:\/\/www.escom.edu.co\/wp-content\/uploads\/2025\/05\/33-1024x768.png 1024w, https:\/\/www.escom.edu.co\/wp-content\/uploads\/2025\/05\/33-300x225.png 300w, https:\/\/www.escom.edu.co\/wp-content\/uploads\/2025\/05\/33-768x576.png 768w, https:\/\/www.escom.edu.co\/wp-content\/uploads\/2025\/05\/33.png 1080w\" sizes=\"(max-width: 800px) 100vw, 800px\" \/>\t\t\t\t\t\t\t\t\t\t\t\t\t\t\t<\/div>\n\t\t\t\t<\/div>\n\t\t\t\t<\/div>\n\t\t<div class=\"elementor-element elementor-element-41b5f48 e-con-full e-flex e-con e-child\" data-id=\"41b5f48\" data-element_type=\"container\" data-e-type=\"container\">\n\t\t\t\t<div class=\"elementor-element elementor-element-2c9d2c2 elementor-widget elementor-widget-image\" data-id=\"2c9d2c2\" data-element_type=\"widget\" data-e-type=\"widget\" data-widget_type=\"image.default\">\n\t\t\t\t<div class=\"elementor-widget-container\">\n\t\t\t\t\t\t\t\t\t\t\t\t\t\t\t<img decoding=\"async\" width=\"800\" height=\"600\" src=\"https:\/\/www.escom.edu.co\/wp-content\/uploads\/2025\/05\/rob2-1024x768.jpeg\" class=\"attachment-large size-large wp-image-2584\" alt=\"\" srcset=\"https:\/\/www.escom.edu.co\/wp-content\/uploads\/2025\/05\/rob2-1024x768.jpeg 1024w, https:\/\/www.escom.edu.co\/wp-content\/uploads\/2025\/05\/rob2-300x225.jpeg 300w, https:\/\/www.escom.edu.co\/wp-content\/uploads\/2025\/05\/rob2-768x576.jpeg 768w, https:\/\/www.escom.edu.co\/wp-content\/uploads\/2025\/05\/rob2.jpeg 1280w\" sizes=\"(max-width: 800px) 100vw, 800px\" \/>\t\t\t\t\t\t\t\t\t\t\t\t\t\t\t<\/div>\n\t\t\t\t<\/div>\n\t\t\t\t<\/div>\n\t\t\t\t\t<\/div>\n\t\t\t\t<\/div>\n\t\t<div class=\"elementor-element elementor-element-c6648da e-flex e-con-boxed e-con e-parent\" data-id=\"c6648da\" data-element_type=\"container\" data-e-type=\"container\">\n\t\t\t\t\t<div class=\"e-con-inner\">\n\t\t<div class=\"elementor-element elementor-element-84703b7 e-con-full e-flex e-con e-child\" data-id=\"84703b7\" data-element_type=\"container\" data-e-type=\"container\">\n\t\t\t\t<div class=\"elementor-element elementor-element-38b56cb elementor-widget elementor-widget-text-editor\" data-id=\"38b56cb\" data-element_type=\"widget\" data-e-type=\"widget\" data-widget_type=\"text-editor.default\">\n\t\t\t\t<div class=\"elementor-widget-container\">\n\t\t\t\t\t\t\t\t\t<p>Se contin\u00faa incentivando la innovaci\u00f3n tecnol\u00f3gica<\/p><p>En el marco de este evento acad\u00e9mico, organizado por la Universidad Militar Nueva Granada, delegaci\u00f3n de la Escuela de Comunicaciones Militares (ESCOM) demostr\u00f3 su profesionalismo, en el desarrollo de nuevas tecnolog\u00edas relacionadas con la rob\u00f3tica.<\/p><p>En esta oportunidad, el equipo de la ESCOM particip\u00f3 en tres categor\u00edas del torneo, obteniendo el primer lugar en MiniSumo radiocontrolado y el segundo lugar en la categor\u00eda de robot velocista, logros que reflejan la excelencia t\u00e9cnica, la disciplina y el compromiso de los docentes, oficiales, suboficiales y personal civil que la integran. Este tipo de competencias fortalecen las capacidades t\u00e9cnicas de los estudiantes, quienes tuvieron una preparaci\u00f3n en el semillero WTE.3 durante m\u00e1s de un a\u00f1o de estudio e investigaci\u00f3n acad\u00e9mica.<\/p><p>Vale la pena mencionar que, desde Facatativ\u00e1, la Escuela ofrece un espacio de formaci\u00f3n profesional que trasciende el \u00e1mbito militar; su impacto educativo se extiende a la comunidad del municipio, ofreciendo oportunidades para que los j\u00f3venes puedan acercarse a \u00e1reas como la rob\u00f3tica, la electr\u00f3nica y las tecnolog\u00edas de la informaci\u00f3n y las comunicaciones.<\/p><p>Finalmente, la Escuela de Comunicaciones Militares reafirma su compromiso con el crecimiento acad\u00e9mico de la regi\u00f3n y con la formaci\u00f3n de l\u00edderes capaces de transformar el entorno mediante el conocimiento y la disciplina.<\/p><p><strong>Prensa ESCOM<\/strong><\/p>\t\t\t\t\t\t\t\t<\/div>\n\t\t\t\t<\/div>\n\t\t\t\t<\/div>\n\t\t\t\t\t<\/div>\n\t\t\t\t<\/div>\n\t\t<div class=\"elementor-element elementor-element-fd9832e e-grid e-con-boxed e-con e-parent\" data-id=\"fd9832e\" data-element_type=\"container\" data-e-type=\"container\">\n\t\t\t\t\t<div class=\"e-con-inner\">\n\t\t\t\t<div class=\"elementor-element elementor-element-9714963 elementor-widget elementor-widget-site-logo\" data-id=\"9714963\" data-element_type=\"widget\" data-e-type=\"widget\" data-settings=\"{&quot;align&quot;:&quot;center&quot;,&quot;width&quot;:{&quot;unit&quot;:&quot;%&quot;,&quot;size&quot;:&quot;&quot;,&quot;sizes&quot;:[]},&quot;width_tablet&quot;:{&quot;unit&quot;:&quot;%&quot;,&quot;size&quot;:&quot;&quot;,&quot;sizes&quot;:[]},&quot;width_mobile&quot;:{&quot;unit&quot;:&quot;%&quot;,&quot;size&quot;:&quot;&quot;,&quot;sizes&quot;:[]},&quot;space&quot;:{&quot;unit&quot;:&quot;%&quot;,&quot;size&quot;:&quot;&quot;,&quot;sizes&quot;:[]},&quot;space_tablet&quot;:{&quot;unit&quot;:&quot;%&quot;,&quot;size&quot;:&quot;&quot;,&quot;sizes&quot;:[]},&quot;space_mobile&quot;:{&quot;unit&quot;:&quot;%&quot;,&quot;size&quot;:&quot;&quot;,&quot;sizes&quot;:[]},&quot;image_border_radius&quot;:{&quot;unit&quot;:&quot;px&quot;,&quot;top&quot;:&quot;&quot;,&quot;right&quot;:&quot;&quot;,&quot;bottom&quot;:&quot;&quot;,&quot;left&quot;:&quot;&quot;,&quot;isLinked&quot;:true},&quot;image_border_radius_tablet&quot;:{&quot;unit&quot;:&quot;px&quot;,&quot;top&quot;:&quot;&quot;,&quot;right&quot;:&quot;&quot;,&quot;bottom&quot;:&quot;&quot;,&quot;left&quot;:&quot;&quot;,&quot;isLinked&quot;:true},&quot;image_border_radius_mobile&quot;:{&quot;unit&quot;:&quot;px&quot;,&quot;top&quot;:&quot;&quot;,&quot;right&quot;:&quot;&quot;,&quot;bottom&quot;:&quot;&quot;,&quot;left&quot;:&quot;&quot;,&quot;isLinked&quot;:true},&quot;caption_padding&quot;:{&quot;unit&quot;:&quot;px&quot;,&quot;top&quot;:&quot;&quot;,&quot;right&quot;:&quot;&quot;,&quot;bottom&quot;:&quot;&quot;,&quot;left&quot;:&quot;&quot;,&quot;isLinked&quot;:true},&quot;caption_padding_tablet&quot;:{&quot;unit&quot;:&quot;px&quot;,&quot;top&quot;:&quot;&quot;,&quot;right&quot;:&quot;&quot;,&quot;bottom&quot;:&quot;&quot;,&quot;left&quot;:&quot;&quot;,&quot;isLinked&quot;:true},&quot;caption_padding_mobile&quot;:{&quot;unit&quot;:&quot;px&quot;,&quot;top&quot;:&quot;&quot;,&quot;right&quot;:&quot;&quot;,&quot;bottom&quot;:&quot;&quot;,&quot;left&quot;:&quot;&quot;,&quot;isLinked&quot;:true},&quot;caption_space&quot;:{&quot;unit&quot;:&quot;px&quot;,&quot;size&quot;:0,&quot;sizes&quot;:[]},&quot;caption_space_tablet&quot;:{&quot;unit&quot;:&quot;px&quot;,&quot;size&quot;:&quot;&quot;,&quot;sizes&quot;:[]},&quot;caption_space_mobile&quot;:{&quot;unit&quot;:&quot;px&quot;,&quot;size&quot;:&quot;&quot;,&quot;sizes&quot;:[]}}\" data-widget_type=\"site-logo.default\">\n\t\t\t\t<div class=\"elementor-widget-container\">\n\t\t\t\t\t\t\t<div class=\"hfe-site-logo\">\n\t\t\t\t\t\t\t\t\t\t\t\t\t<a data-elementor-open-lightbox=\"\"  class='elementor-clickable' href=\"https:\/\/www.escom.edu.co\">\n\t\t\t\t\t\t\t<div class=\"hfe-site-logo-set\">           \n\t\t\t\t<div class=\"hfe-site-logo-container\">\n\t\t\t\t\t\t\t\t\t<img decoding=\"async\" src=\"https:\/\/www.escom.edu.co\/wp-content\/uploads\/2024\/07\/logos-1-300x300.png\" alt=\"default-logo\" class=\"hfe-site-logo-img elementor-animation-\" width=\"300\" height=\"300\" \/>\n\t\t\t\t<\/div>\n\t\t\t<\/div>\n\t\t\t\t\t\t\t<\/a>\n\t\t\t\t\t\t<\/div>  \n\t\t\t\t\t\t\t<\/div>\n\t\t\t\t<\/div>\n\t\t\t\t<div class=\"elementor-element elementor-element-77c9e23 elementor-widget__width-auto elementor-widget elementor-widget-text-editor\" data-id=\"77c9e23\" data-element_type=\"widget\" data-e-type=\"widget\" data-widget_type=\"text-editor.default\">\n\t\t\t\t<div class=\"elementor-widget-container\">\n\t\t\t\t\t\t\t\t\t<p style=\"text-align: left;\">Calle 5 No. 15 \u2013 00<span style=\"color: var( --e-global-color-text ); letter-spacing: 0px; background-color: var( --e-global-color-c696dce );\">, Barrio Dos Caminos<\/span><\/p>\n<p style=\"text-align: left;\">Cant\u00f3n Militar de Comunicaciones<\/p>\n<p style=\"text-align: left;\">C\u00f3digo postal: 253051<\/p>\n<p>Email: <a href=\"mailto:admisiones.escom@cedoc.edu.co\">admisiones.escom@cedoc.edu.co<\/a><\/p>\n<p>Contacto: 3133003799<\/p>\n<p>Facatativ\u00e1 &#8211; Cundinamarca<\/p>\t\t\t\t\t\t\t\t<\/div>\n\t\t\t\t<\/div>\n\t\t\t\t\t<\/div>\n\t\t\t\t<\/div>\n\t\t\t\t<\/div>\n\t\t","protected":false},"excerpt":{"rendered":"<p>Bolet\u00edn de Prensa No. 001 Fecha 05 de Mayo del 2025 Escuela de Comunicaciones Militares ocupa primer y segundo puesto en MILIBOTS 2025 Se contin\u00faa incentivando la innovaci\u00f3n tecnol\u00f3gica En el marco de este evento acad\u00e9mico, organizado por la Universidad Militar Nueva Granada, delegaci\u00f3n de la Escuela de Comunicaciones Militares (ESCOM) demostr\u00f3 su profesionalismo, en [&hellip;]<\/p>\n","protected":false},"author":1,"featured_media":0,"parent":0,"menu_order":0,"comment_status":"closed","ping_status":"closed","template":"","meta":{"footnotes":""},"class_list":["post-2813","page","type-page","status-publish","hentry"],"_links":{"self":[{"href":"https:\/\/www.escom.edu.co\/index.php?rest_route=\/wp\/v2\/pages\/2813","targetHints":{"allow":["GET"]}}],"collection":[{"href":"https:\/\/www.escom.edu.co\/index.php?rest_route=\/wp\/v2\/pages"}],"about":[{"href":"https:\/\/www.escom.edu.co\/index.php?rest_route=\/wp\/v2\/types\/page"}],"author":[{"embeddable":true,"href":"https:\/\/www.escom.edu.co\/index.php?rest_route=\/wp\/v2\/users\/1"}],"replies":[{"embeddable":true,"href":"https:\/\/www.escom.edu.co\/index.php?rest_route=%2Fwp%2Fv2%2Fcomments&post=2813"}],"version-history":[{"count":27,"href":"https:\/\/www.escom.edu.co\/index.php?rest_route=\/wp\/v2\/pages\/2813\/revisions"}],"predecessor-version":[{"id":3596,"href":"https:\/\/www.escom.edu.co\/index.php?rest_route=\/wp\/v2\/pages\/2813\/revisions\/3596"}],"wp:attachment":[{"href":"https:\/\/www.escom.edu.co\/index.php?rest_route=%2Fwp%2Fv2%2Fmedia&parent=2813"}],"curies":[{"name":"wp","href":"https:\/\/api.w.org\/{rel}","templated":true}]}}