{"id":1920,"date":"2025-02-05T09:12:48","date_gmt":"2025-02-05T14:12:48","guid":{"rendered":"https:\/\/www.escom.edu.co\/?page_id=1920"},"modified":"2026-02-14T10:56:46","modified_gmt":"2026-02-14T15:56:46","slug":"diplomados","status":"publish","type":"page","link":"https:\/\/www.escom.edu.co\/?page_id=1920","title":{"rendered":"Educaci\u00f3n Continuada"},"content":{"rendered":"\t\t<div data-elementor-type=\"wp-page\" data-elementor-id=\"1920\" class=\"elementor elementor-1920\">\n\t\t\t\t<div class=\"elementor-element elementor-element-9cf39c4 e-flex e-con-boxed e-con e-parent\" data-id=\"9cf39c4\" data-element_type=\"container\" data-e-type=\"container\">\n\t\t\t\t\t<div class=\"e-con-inner\">\n\t\t\t\t<div class=\"elementor-element elementor-element-45ed7fe elementor-widget elementor-widget-heading\" data-id=\"45ed7fe\" data-element_type=\"widget\" data-e-type=\"widget\" data-widget_type=\"heading.default\">\n\t\t\t\t<div class=\"elementor-widget-container\">\n\t\t\t\t\t<h2 class=\"elementor-heading-title elementor-size-default\">Diplomados<\/h2>\t\t\t\t<\/div>\n\t\t\t\t<\/div>\n\t\t\t\t\t<\/div>\n\t\t\t\t<\/div>\n\t\t<div class=\"elementor-element elementor-element-e724d82 e-flex e-con-boxed e-con e-parent\" data-id=\"e724d82\" data-element_type=\"container\" data-e-type=\"container\">\n\t\t\t\t\t<div class=\"e-con-inner\">\n\t\t<div class=\"elementor-element elementor-element-853e7dd e-con-full e-flex e-con e-child\" data-id=\"853e7dd\" data-element_type=\"container\" data-e-type=\"container\">\n\t\t\t\t<div class=\"elementor-element elementor-element-94ebb5e elementor-widget elementor-widget-text-editor\" data-id=\"94ebb5e\" data-element_type=\"widget\" data-e-type=\"widget\" data-widget_type=\"text-editor.default\">\n\t\t\t\t<div class=\"elementor-widget-container\">\n\t\t\t\t\t\t\t\t\t<p style=\"text-align: center;\"><strong>Diplomado en Ciberseguridad<\/strong><\/p>\t\t\t\t\t\t\t\t<\/div>\n\t\t\t\t<\/div>\n\t\t\t\t<div class=\"elementor-element elementor-element-5612be8 elementor-widget elementor-widget-text-editor\" data-id=\"5612be8\" data-element_type=\"widget\" data-e-type=\"widget\" data-widget_type=\"text-editor.default\">\n\t\t\t\t<div class=\"elementor-widget-container\">\n\t\t\t\t\t\t\t\t\t<p><b>Modalidad: <\/b>Virtual<\/p><p><b>Duraci\u00f3n: <\/b>2 meses<\/p><p><b>Inversi\u00f3n: <\/b>$ 2.318.400<\/p><p><b>Facilidad de pago: <\/b>Cancele en dos cuotas el valor total del programa; 50% al inicial y el 50% al finalizar.<\/p><p><b>Objetivo: <\/b>Capacitar a cualquier persona para que aporten al \u00e1mbito militar, empresarial y social, en el dise\u00f1o e implementaci\u00f3n de soluciones optimas en materia de ciberseguridad que permitan reducir los riesgos de los activos inform\u00e1ticos en el ciberespacio.<\/p>\t\t\t\t\t\t\t\t<\/div>\n\t\t\t\t<\/div>\n\t\t\t\t<div class=\"elementor-element elementor-element-e7dce04 elementor-widget elementor-widget-button\" data-id=\"e7dce04\" data-element_type=\"widget\" data-e-type=\"widget\" data-widget_type=\"button.default\">\n\t\t\t\t<div class=\"elementor-widget-container\">\n\t\t\t\t\t\t\t\t\t<div class=\"elementor-button-wrapper\">\n\t\t\t\t\t<a class=\"elementor-button elementor-button-link elementor-size-sm\" href=\"https:\/\/www.escom.edu.co\/wp-content\/uploads\/2026\/02\/broshure-diplomado-ciber-2026.pdf\" target=\"_blank\">\n\t\t\t\t\t\t<span class=\"elementor-button-content-wrapper\">\n\t\t\t\t\t\t\t\t\t<span class=\"elementor-button-text\">Ver m\u00e1s...<\/span>\n\t\t\t\t\t<\/span>\n\t\t\t\t\t<\/a>\n\t\t\t\t<\/div>\n\t\t\t\t\t\t\t\t<\/div>\n\t\t\t\t<\/div>\n\t\t\t\t<\/div>\n\t\t<div class=\"elementor-element elementor-element-c25168e e-con-full e-flex e-con e-child\" data-id=\"c25168e\" data-element_type=\"container\" data-e-type=\"container\">\n\t\t\t\t<div class=\"elementor-element elementor-element-bd73453 elementor-widget elementor-widget-image\" data-id=\"bd73453\" data-element_type=\"widget\" data-e-type=\"widget\" data-widget_type=\"image.default\">\n\t\t\t\t<div class=\"elementor-widget-container\">\n\t\t\t\t\t\t\t\t\t\t\t\t\t\t\t\t<a href=\"https:\/\/www.escom.edu.co\/wp-content\/uploads\/2026\/01\/diplomados-CIBER-scaled.jpeg\" data-elementor-open-lightbox=\"yes\" data-elementor-lightbox-title=\"diplomados CIBER\" data-e-action-hash=\"#elementor-action%3Aaction%3Dlightbox%26settings%3DeyJpZCI6NTU5MywidXJsIjoiaHR0cHM6XC9cL3d3dy5lc2NvbS5lZHUuY29cL3dwLWNvbnRlbnRcL3VwbG9hZHNcLzIwMjZcLzAxXC9kaXBsb21hZG9zLUNJQkVSLXNjYWxlZC5qcGVnIn0%3D\">\n\t\t\t\t\t\t\t<img fetchpriority=\"high\" decoding=\"async\" width=\"2127\" height=\"2560\" src=\"https:\/\/www.escom.edu.co\/wp-content\/uploads\/2026\/01\/diplomados-CIBER-scaled.jpeg\" class=\"attachment-full size-full wp-image-5593\" alt=\"\" srcset=\"https:\/\/www.escom.edu.co\/wp-content\/uploads\/2026\/01\/diplomados-CIBER-scaled.jpeg 2127w, https:\/\/www.escom.edu.co\/wp-content\/uploads\/2026\/01\/diplomados-CIBER-249x300.jpeg 249w, https:\/\/www.escom.edu.co\/wp-content\/uploads\/2026\/01\/diplomados-CIBER-851x1024.jpeg 851w, https:\/\/www.escom.edu.co\/wp-content\/uploads\/2026\/01\/diplomados-CIBER-768x925.jpeg 768w, https:\/\/www.escom.edu.co\/wp-content\/uploads\/2026\/01\/diplomados-CIBER-1276x1536.jpeg 1276w, https:\/\/www.escom.edu.co\/wp-content\/uploads\/2026\/01\/diplomados-CIBER-1701x2048.jpeg 1701w\" sizes=\"(max-width: 2127px) 100vw, 2127px\" \/>\t\t\t\t\t\t\t\t<\/a>\n\t\t\t\t\t\t\t\t\t\t\t\t\t\t\t<\/div>\n\t\t\t\t<\/div>\n\t\t\t\t<\/div>\n\t\t\t\t\t<\/div>\n\t\t\t\t<\/div>\n\t\t<div class=\"elementor-element elementor-element-6f2dd49 e-flex e-con-boxed e-con e-parent\" data-id=\"6f2dd49\" data-element_type=\"container\" data-e-type=\"container\">\n\t\t\t\t\t<div class=\"e-con-inner\">\n\t\t<div class=\"elementor-element elementor-element-c23d0c6 e-con-full e-flex e-con e-child\" data-id=\"c23d0c6\" data-element_type=\"container\" data-e-type=\"container\">\n\t\t\t\t<div class=\"elementor-element elementor-element-2e63a70 elementor-widget elementor-widget-text-editor\" data-id=\"2e63a70\" data-element_type=\"widget\" data-e-type=\"widget\" data-widget_type=\"text-editor.default\">\n\t\t\t\t<div class=\"elementor-widget-container\">\n\t\t\t\t\t\t\t\t\t<p style=\"text-align: center;\"><strong>Diplomado en Inteligencia Artificial<\/strong><\/p>\t\t\t\t\t\t\t\t<\/div>\n\t\t\t\t<\/div>\n\t\t\t\t<div class=\"elementor-element elementor-element-6a36110 elementor-widget elementor-widget-text-editor\" data-id=\"6a36110\" data-element_type=\"widget\" data-e-type=\"widget\" data-widget_type=\"text-editor.default\">\n\t\t\t\t<div class=\"elementor-widget-container\">\n\t\t\t\t\t\t\t\t\t<p><b>Modalidad: <\/b>Virtual<\/p><p><b>Duraci\u00f3n: <\/b>2 meses<\/p><p><b>Modalidad de estudio: <\/b>Virtual sincr\u00f3nico o presencial virtual.<\/p><p><b>Facilidad de pago: <\/b>Cancele en dos cuotas el valor total del programa; 50% al inicial y el 50% al finalizar.<\/p><p><b>Objetivo: <\/b>Capacitar oficiales, suboficiales y civiles en el uso estrat\u00e9gico de la IA para impulsar innovaci\u00f3n y automatizaci\u00f3n en organizaciones p\u00fablicas y privadas.<\/p>\t\t\t\t\t\t\t\t<\/div>\n\t\t\t\t<\/div>\n\t\t\t\t<div class=\"elementor-element elementor-element-81d23d8 elementor-widget elementor-widget-button\" data-id=\"81d23d8\" data-element_type=\"widget\" data-e-type=\"widget\" data-widget_type=\"button.default\">\n\t\t\t\t<div class=\"elementor-widget-container\">\n\t\t\t\t\t\t\t\t\t<div class=\"elementor-button-wrapper\">\n\t\t\t\t\t<a class=\"elementor-button elementor-button-link elementor-size-sm\" href=\"https:\/\/www.escom.edu.co\/wp-content\/uploads\/2025\/04\/DIPLOMADO-EN-INTELIGENCIA-ARTIFICIAL.pdf\" target=\"_blank\">\n\t\t\t\t\t\t<span class=\"elementor-button-content-wrapper\">\n\t\t\t\t\t\t\t\t\t<span class=\"elementor-button-text\">Ver m\u00e1s...<\/span>\n\t\t\t\t\t<\/span>\n\t\t\t\t\t<\/a>\n\t\t\t\t<\/div>\n\t\t\t\t\t\t\t\t<\/div>\n\t\t\t\t<\/div>\n\t\t\t\t<\/div>\n\t\t<div class=\"elementor-element elementor-element-d28d6e7 e-con-full e-flex e-con e-child\" data-id=\"d28d6e7\" data-element_type=\"container\" data-e-type=\"container\">\n\t\t\t\t<div class=\"elementor-element elementor-element-966cd18 elementor-widget elementor-widget-image\" data-id=\"966cd18\" data-element_type=\"widget\" data-e-type=\"widget\" data-widget_type=\"image.default\">\n\t\t\t\t<div class=\"elementor-widget-container\">\n\t\t\t\t\t\t\t\t\t\t\t\t\t\t\t\t<a href=\"https:\/\/www.escom.edu.co\/wp-content\/uploads\/2026\/01\/diplomados-IA-scaled.jpeg\" data-elementor-open-lightbox=\"yes\" data-elementor-lightbox-title=\"diplomados IA\" data-e-action-hash=\"#elementor-action%3Aaction%3Dlightbox%26settings%3DeyJpZCI6NTU5MiwidXJsIjoiaHR0cHM6XC9cL3d3dy5lc2NvbS5lZHUuY29cL3dwLWNvbnRlbnRcL3VwbG9hZHNcLzIwMjZcLzAxXC9kaXBsb21hZG9zLUlBLXNjYWxlZC5qcGVnIn0%3D\">\n\t\t\t\t\t\t\t<img decoding=\"async\" width=\"2127\" height=\"2560\" src=\"https:\/\/www.escom.edu.co\/wp-content\/uploads\/2026\/01\/diplomados-IA-scaled.jpeg\" class=\"attachment-full size-full wp-image-5592\" alt=\"\" srcset=\"https:\/\/www.escom.edu.co\/wp-content\/uploads\/2026\/01\/diplomados-IA-scaled.jpeg 2127w, https:\/\/www.escom.edu.co\/wp-content\/uploads\/2026\/01\/diplomados-IA-249x300.jpeg 249w, https:\/\/www.escom.edu.co\/wp-content\/uploads\/2026\/01\/diplomados-IA-851x1024.jpeg 851w, https:\/\/www.escom.edu.co\/wp-content\/uploads\/2026\/01\/diplomados-IA-768x925.jpeg 768w, https:\/\/www.escom.edu.co\/wp-content\/uploads\/2026\/01\/diplomados-IA-1276x1536.jpeg 1276w, https:\/\/www.escom.edu.co\/wp-content\/uploads\/2026\/01\/diplomados-IA-1701x2048.jpeg 1701w\" sizes=\"(max-width: 2127px) 100vw, 2127px\" \/>\t\t\t\t\t\t\t\t<\/a>\n\t\t\t\t\t\t\t\t\t\t\t\t\t\t\t<\/div>\n\t\t\t\t<\/div>\n\t\t\t\t<\/div>\n\t\t\t\t\t<\/div>\n\t\t\t\t<\/div>\n\t\t\t\t<section class=\"elementor-section elementor-top-section elementor-element elementor-element-12265c9 elementor-section-boxed elementor-section-height-default elementor-section-height-default\" data-id=\"12265c9\" data-element_type=\"section\" data-e-type=\"section\">\n\t\t\t\t\t\t<div class=\"elementor-container elementor-column-gap-default\">\n\t\t\t\t\t<div class=\"elementor-column elementor-col-100 elementor-top-column elementor-element elementor-element-3385500\" data-id=\"3385500\" data-element_type=\"column\" data-e-type=\"column\">\n\t\t\t<div class=\"elementor-widget-wrap elementor-element-populated\">\n\t\t\t\t\t\t<div class=\"elementor-element elementor-element-f7e18da elementor-widget elementor-widget-heading\" data-id=\"f7e18da\" data-element_type=\"widget\" data-e-type=\"widget\" data-widget_type=\"heading.default\">\n\t\t\t\t<div class=\"elementor-widget-container\">\n\t\t\t\t\t<h2 class=\"elementor-heading-title elementor-size-default\">\u00a1No te conformes con menos!<\/h2>\t\t\t\t<\/div>\n\t\t\t\t<\/div>\n\t\t\t\t<div class=\"elementor-element elementor-element-c73cea0 elementor-widget elementor-widget-text-editor\" data-id=\"c73cea0\" data-element_type=\"widget\" data-e-type=\"widget\" data-widget_type=\"text-editor.default\">\n\t\t\t\t<div class=\"elementor-widget-container\">\n\t\t\t\t\t\t\t\t\t<p>Comun\u00edcate con nosotros ahora mismo y te ayudaremos a alcanzar tus metas de manera r\u00e1pida y efectiva.<\/p>\t\t\t\t\t\t\t\t<\/div>\n\t\t\t\t<\/div>\n\t\t\t\t<div class=\"elementor-element elementor-element-e3179ba elementor-align-center elementor-invisible elementor-widget elementor-widget-button\" data-id=\"e3179ba\" data-element_type=\"widget\" data-e-type=\"widget\" data-settings=\"{&quot;_animation&quot;:&quot;fadeInDown&quot;}\" data-widget_type=\"button.default\">\n\t\t\t\t<div class=\"elementor-widget-container\">\n\t\t\t\t\t\t\t\t\t<div class=\"elementor-button-wrapper\">\n\t\t\t\t\t<a class=\"elementor-button elementor-button-link elementor-size-sm\" href=\"https:\/\/www.escom.edu.co\/?page_id=10\" target=\"_blank\">\n\t\t\t\t\t\t<span class=\"elementor-button-content-wrapper\">\n\t\t\t\t\t\t\t\t\t<span class=\"elementor-button-text\">Cont\u00e1ctanos<\/span>\n\t\t\t\t\t<\/span>\n\t\t\t\t\t<\/a>\n\t\t\t\t<\/div>\n\t\t\t\t\t\t\t\t<\/div>\n\t\t\t\t<\/div>\n\t\t\t\t\t<\/div>\n\t\t<\/div>\n\t\t\t\t\t<\/div>\n\t\t<\/section>\n\t\t<div class=\"elementor-element elementor-element-8d83f68 e-grid e-con-boxed e-con e-parent\" data-id=\"8d83f68\" data-element_type=\"container\" data-e-type=\"container\">\n\t\t\t\t\t<div class=\"e-con-inner\">\n\t\t\t\t<div class=\"elementor-element elementor-element-f0aa36a elementor-widget elementor-widget-site-logo\" data-id=\"f0aa36a\" data-element_type=\"widget\" data-e-type=\"widget\" data-settings=\"{&quot;align&quot;:&quot;center&quot;,&quot;width&quot;:{&quot;unit&quot;:&quot;%&quot;,&quot;size&quot;:&quot;&quot;,&quot;sizes&quot;:[]},&quot;width_tablet&quot;:{&quot;unit&quot;:&quot;%&quot;,&quot;size&quot;:&quot;&quot;,&quot;sizes&quot;:[]},&quot;width_mobile&quot;:{&quot;unit&quot;:&quot;%&quot;,&quot;size&quot;:&quot;&quot;,&quot;sizes&quot;:[]},&quot;space&quot;:{&quot;unit&quot;:&quot;%&quot;,&quot;size&quot;:&quot;&quot;,&quot;sizes&quot;:[]},&quot;space_tablet&quot;:{&quot;unit&quot;:&quot;%&quot;,&quot;size&quot;:&quot;&quot;,&quot;sizes&quot;:[]},&quot;space_mobile&quot;:{&quot;unit&quot;:&quot;%&quot;,&quot;size&quot;:&quot;&quot;,&quot;sizes&quot;:[]},&quot;image_border_radius&quot;:{&quot;unit&quot;:&quot;px&quot;,&quot;top&quot;:&quot;&quot;,&quot;right&quot;:&quot;&quot;,&quot;bottom&quot;:&quot;&quot;,&quot;left&quot;:&quot;&quot;,&quot;isLinked&quot;:true},&quot;image_border_radius_tablet&quot;:{&quot;unit&quot;:&quot;px&quot;,&quot;top&quot;:&quot;&quot;,&quot;right&quot;:&quot;&quot;,&quot;bottom&quot;:&quot;&quot;,&quot;left&quot;:&quot;&quot;,&quot;isLinked&quot;:true},&quot;image_border_radius_mobile&quot;:{&quot;unit&quot;:&quot;px&quot;,&quot;top&quot;:&quot;&quot;,&quot;right&quot;:&quot;&quot;,&quot;bottom&quot;:&quot;&quot;,&quot;left&quot;:&quot;&quot;,&quot;isLinked&quot;:true},&quot;caption_padding&quot;:{&quot;unit&quot;:&quot;px&quot;,&quot;top&quot;:&quot;&quot;,&quot;right&quot;:&quot;&quot;,&quot;bottom&quot;:&quot;&quot;,&quot;left&quot;:&quot;&quot;,&quot;isLinked&quot;:true},&quot;caption_padding_tablet&quot;:{&quot;unit&quot;:&quot;px&quot;,&quot;top&quot;:&quot;&quot;,&quot;right&quot;:&quot;&quot;,&quot;bottom&quot;:&quot;&quot;,&quot;left&quot;:&quot;&quot;,&quot;isLinked&quot;:true},&quot;caption_padding_mobile&quot;:{&quot;unit&quot;:&quot;px&quot;,&quot;top&quot;:&quot;&quot;,&quot;right&quot;:&quot;&quot;,&quot;bottom&quot;:&quot;&quot;,&quot;left&quot;:&quot;&quot;,&quot;isLinked&quot;:true},&quot;caption_space&quot;:{&quot;unit&quot;:&quot;px&quot;,&quot;size&quot;:0,&quot;sizes&quot;:[]},&quot;caption_space_tablet&quot;:{&quot;unit&quot;:&quot;px&quot;,&quot;size&quot;:&quot;&quot;,&quot;sizes&quot;:[]},&quot;caption_space_mobile&quot;:{&quot;unit&quot;:&quot;px&quot;,&quot;size&quot;:&quot;&quot;,&quot;sizes&quot;:[]}}\" data-widget_type=\"site-logo.default\">\n\t\t\t\t<div class=\"elementor-widget-container\">\n\t\t\t\t\t\t\t<div class=\"hfe-site-logo\">\n\t\t\t\t\t\t\t\t\t\t\t\t\t<a data-elementor-open-lightbox=\"\"  class='elementor-clickable' href=\"https:\/\/www.escom.edu.co\">\n\t\t\t\t\t\t\t<div class=\"hfe-site-logo-set\">           \n\t\t\t\t<div class=\"hfe-site-logo-container\">\n\t\t\t\t\t\t\t\t\t<img decoding=\"async\" src=\"https:\/\/www.escom.edu.co\/wp-content\/uploads\/2024\/07\/logos-1-300x300.png\" alt=\"default-logo\" class=\"hfe-site-logo-img elementor-animation-\" width=\"300\" height=\"300\" \/>\n\t\t\t\t<\/div>\n\t\t\t<\/div>\n\t\t\t\t\t\t\t<\/a>\n\t\t\t\t\t\t<\/div>  \n\t\t\t\t\t\t\t<\/div>\n\t\t\t\t<\/div>\n\t\t\t\t<div class=\"elementor-element elementor-element-940701d elementor-widget__width-auto elementor-widget elementor-widget-text-editor\" data-id=\"940701d\" data-element_type=\"widget\" data-e-type=\"widget\" data-widget_type=\"text-editor.default\">\n\t\t\t\t<div class=\"elementor-widget-container\">\n\t\t\t\t\t\t\t\t\t<p style=\"text-align: left;\">Calle 5 No. 15 \u2013 00<span style=\"color: var( --e-global-color-text ); letter-spacing: 0px; background-color: var( --e-global-color-c696dce );\">, Barrio Dos Caminos<\/span><\/p><p style=\"text-align: left;\">Cant\u00f3n Militar de Comunicaciones<\/p><p style=\"text-align: left;\">C\u00f3digo postal: 253051<\/p><p>Email: <a href=\"mailto:admisiones.escom@cedoc.edu.co\">admisiones.escom@cedoc.edu.co<\/a><\/p><p>Contacto: 3133003799<\/p><p>Facatativ\u00e1 &#8211; Cundinamarca<\/p>\t\t\t\t\t\t\t\t<\/div>\n\t\t\t\t<\/div>\n\t\t\t\t\t<\/div>\n\t\t\t\t<\/div>\n\t\t\t\t<\/div>\n\t\t","protected":false},"excerpt":{"rendered":"<p>Diplomados Diplomado en Ciberseguridad Modalidad: Virtual Duraci\u00f3n: 2 meses Inversi\u00f3n: $ 2.318.400 Facilidad de pago: Cancele en dos cuotas el valor total del programa; 50% al inicial y el 50% al finalizar. Objetivo: Capacitar a cualquier persona para que aporten al \u00e1mbito militar, empresarial y social, en el dise\u00f1o e implementaci\u00f3n de soluciones optimas en [&hellip;]<\/p>\n","protected":false},"author":1,"featured_media":0,"parent":0,"menu_order":0,"comment_status":"closed","ping_status":"closed","template":"","meta":{"footnotes":""},"class_list":["post-1920","page","type-page","status-publish","hentry"],"_links":{"self":[{"href":"https:\/\/www.escom.edu.co\/index.php?rest_route=\/wp\/v2\/pages\/1920","targetHints":{"allow":["GET"]}}],"collection":[{"href":"https:\/\/www.escom.edu.co\/index.php?rest_route=\/wp\/v2\/pages"}],"about":[{"href":"https:\/\/www.escom.edu.co\/index.php?rest_route=\/wp\/v2\/types\/page"}],"author":[{"embeddable":true,"href":"https:\/\/www.escom.edu.co\/index.php?rest_route=\/wp\/v2\/users\/1"}],"replies":[{"embeddable":true,"href":"https:\/\/www.escom.edu.co\/index.php?rest_route=%2Fwp%2Fv2%2Fcomments&post=1920"}],"version-history":[{"count":29,"href":"https:\/\/www.escom.edu.co\/index.php?rest_route=\/wp\/v2\/pages\/1920\/revisions"}],"predecessor-version":[{"id":5758,"href":"https:\/\/www.escom.edu.co\/index.php?rest_route=\/wp\/v2\/pages\/1920\/revisions\/5758"}],"wp:attachment":[{"href":"https:\/\/www.escom.edu.co\/index.php?rest_route=%2Fwp%2Fv2%2Fmedia&parent=1920"}],"curies":[{"name":"wp","href":"https:\/\/api.w.org\/{rel}","templated":true}]}}