{"id":158,"date":"2024-07-06T03:54:49","date_gmt":"2024-07-06T03:54:49","guid":{"rendered":"https:\/\/www.escom.edu.co\/?page_id=158"},"modified":"2026-03-09T10:00:02","modified_gmt":"2026-03-09T15:00:02","slug":"pregrados","status":"publish","type":"page","link":"https:\/\/www.escom.edu.co\/?page_id=158","title":{"rendered":"Pregrados"},"content":{"rendered":"\t\t<div data-elementor-type=\"wp-page\" data-elementor-id=\"158\" class=\"elementor elementor-158\">\n\t\t\t\t<div class=\"elementor-element elementor-element-2f29052 e-flex e-con-boxed e-con e-parent\" data-id=\"2f29052\" data-element_type=\"container\" data-e-type=\"container\">\n\t\t\t\t\t<div class=\"e-con-inner\">\n\t\t\t\t<div class=\"elementor-element elementor-element-10be855 elementor-widget elementor-widget-heading\" data-id=\"10be855\" data-element_type=\"widget\" data-e-type=\"widget\" data-widget_type=\"heading.default\">\n\t\t\t\t<div class=\"elementor-widget-container\">\n\t\t\t\t\t<h2 class=\"elementor-heading-title elementor-size-default\">Pregrados<\/h2>\t\t\t\t<\/div>\n\t\t\t\t<\/div>\n\t\t\t\t\t<\/div>\n\t\t\t\t<\/div>\n\t\t<div class=\"elementor-element elementor-element-81cb628 e-flex e-con-boxed e-con e-parent\" data-id=\"81cb628\" data-element_type=\"container\" data-e-type=\"container\">\n\t\t\t\t\t<div class=\"e-con-inner\">\n\t\t<div class=\"elementor-element elementor-element-628ce46 e-con-full e-flex e-con e-child\" data-id=\"628ce46\" data-element_type=\"container\" data-e-type=\"container\">\n\t\t\t\t<div class=\"elementor-element elementor-element-26f9158 elementor-widget elementor-widget-text-editor\" data-id=\"26f9158\" data-element_type=\"widget\" data-e-type=\"widget\" data-widget_type=\"text-editor.default\">\n\t\t\t\t<div class=\"elementor-widget-container\">\n\t\t\t\t\t\t\t\t\t<p style=\"text-align: center;\"><strong>Ingenier\u00eda Electr\u00f3nica y Telecomunicaciones<\/strong><\/p>\t\t\t\t\t\t\t\t<\/div>\n\t\t\t\t<\/div>\n\t\t\t\t<div class=\"elementor-element elementor-element-b258ebe elementor-widget elementor-widget-text-editor\" data-id=\"b258ebe\" data-element_type=\"widget\" data-e-type=\"widget\" data-widget_type=\"text-editor.default\">\n\t\t\t\t<div class=\"elementor-widget-container\">\n\t\t\t\t\t\t\t\t\t<p><span style=\"font-weight: bolder;\">Duraci\u00f3n:<\/span>&nbsp;5 A\u00f1os \u2013 10 semestres.<\/p>\n<p><span style=\"font-weight: bolder;\">Valor semestre:<\/span>&nbsp;$ 4.611.700 tarifa 2026 (inversi\u00f3n total aproximada $ 46.117.000). Sujeto a incrementos anuales por el IPC.<\/p>\n<p><span style=\"font-weight: bolder;\">Dirigido a:<\/span>&nbsp;A bachilleres que hayan presentado las pruebas saber 11 o ICFES.<\/p>\n<p>El programa Ingenier\u00eda Electr\u00f3nica y Telecomunicaciones cuenta con el reconocimiento del Ministerio de Educaci\u00f3n con&nbsp;<a style=\"text-decoration-line: none;\" href=\"https:\/\/www.escom.edu.co\/wp-content\/uploads\/2024\/08\/R_ING.pdf\" target=\"_blank\" rel=\"noopener\">Registro Calificado<\/a>&nbsp;activo seg\u00fan Resoluci\u00f3n 014737 del 29 de agosto de 2023 e identificaci\u00f3n en el SNIES 109447.<\/p>\n<p>Esta instituci\u00f3n se encuentra a inspecci\u00f3n y vigilancia del Ministerio de Educaci\u00f3n Nacional.<\/p>\t\t\t\t\t\t\t\t<\/div>\n\t\t\t\t<\/div>\n\t\t\t\t<div class=\"elementor-element elementor-element-78dacaf elementor-widget elementor-widget-button\" data-id=\"78dacaf\" data-element_type=\"widget\" data-e-type=\"widget\" data-widget_type=\"button.default\">\n\t\t\t\t<div class=\"elementor-widget-container\">\n\t\t\t\t\t\t\t\t\t<div class=\"elementor-button-wrapper\">\n\t\t\t\t\t<a class=\"elementor-button elementor-button-link elementor-size-sm\" href=\"https:\/\/www.escom.edu.co\/wp-content\/uploads\/2026\/03\/broshure-INGENIERIA.pdf\" target=\"_blank\">\n\t\t\t\t\t\t<span class=\"elementor-button-content-wrapper\">\n\t\t\t\t\t\t\t\t\t<span class=\"elementor-button-text\">Ver m\u00e1s...<\/span>\n\t\t\t\t\t<\/span>\n\t\t\t\t\t<\/a>\n\t\t\t\t<\/div>\n\t\t\t\t\t\t\t\t<\/div>\n\t\t\t\t<\/div>\n\t\t\t\t<\/div>\n\t\t<div class=\"elementor-element elementor-element-2aaa6b8 e-con-full e-flex e-con e-child\" data-id=\"2aaa6b8\" data-element_type=\"container\" data-e-type=\"container\">\n\t\t\t\t<div class=\"elementor-element elementor-element-e2f25ac elementor-widget elementor-widget-image\" data-id=\"e2f25ac\" data-element_type=\"widget\" data-e-type=\"widget\" data-widget_type=\"image.default\">\n\t\t\t\t<div class=\"elementor-widget-container\">\n\t\t\t\t\t\t\t\t\t\t\t\t\t\t\t\t<a href=\"https:\/\/www.escom.edu.co\/wp-content\/uploads\/2026\/01\/PREGRADO-ING-scaled.jpeg\" data-elementor-open-lightbox=\"yes\" data-elementor-lightbox-title=\"PREGRADO ING\" data-e-action-hash=\"#elementor-action%3Aaction%3Dlightbox%26settings%3DeyJpZCI6NTU5MCwidXJsIjoiaHR0cHM6XC9cL3d3dy5lc2NvbS5lZHUuY29cL3dwLWNvbnRlbnRcL3VwbG9hZHNcLzIwMjZcLzAxXC9QUkVHUkFETy1JTkctc2NhbGVkLmpwZWcifQ%3D%3D\">\n\t\t\t\t\t\t\t<img fetchpriority=\"high\" decoding=\"async\" width=\"2127\" height=\"2560\" src=\"https:\/\/www.escom.edu.co\/wp-content\/uploads\/2026\/01\/PREGRADO-ING-scaled.jpeg\" class=\"attachment-full size-full wp-image-5590\" alt=\"\" srcset=\"https:\/\/www.escom.edu.co\/wp-content\/uploads\/2026\/01\/PREGRADO-ING-scaled.jpeg 2127w, https:\/\/www.escom.edu.co\/wp-content\/uploads\/2026\/01\/PREGRADO-ING-249x300.jpeg 249w, https:\/\/www.escom.edu.co\/wp-content\/uploads\/2026\/01\/PREGRADO-ING-851x1024.jpeg 851w, https:\/\/www.escom.edu.co\/wp-content\/uploads\/2026\/01\/PREGRADO-ING-768x925.jpeg 768w, https:\/\/www.escom.edu.co\/wp-content\/uploads\/2026\/01\/PREGRADO-ING-1276x1536.jpeg 1276w, https:\/\/www.escom.edu.co\/wp-content\/uploads\/2026\/01\/PREGRADO-ING-1701x2048.jpeg 1701w\" sizes=\"(max-width: 2127px) 100vw, 2127px\" \/>\t\t\t\t\t\t\t\t<\/a>\n\t\t\t\t\t\t\t\t\t\t\t\t\t\t\t<\/div>\n\t\t\t\t<\/div>\n\t\t\t\t<\/div>\n\t\t\t\t\t<\/div>\n\t\t\t\t<\/div>\n\t\t\t\t<section class=\"elementor-section elementor-top-section elementor-element elementor-element-2b4d711 elementor-section-boxed elementor-section-height-default elementor-section-height-default\" data-id=\"2b4d711\" data-element_type=\"section\" data-e-type=\"section\">\n\t\t\t\t\t\t<div class=\"elementor-container elementor-column-gap-default\">\n\t\t\t\t\t<div class=\"elementor-column elementor-col-100 elementor-top-column elementor-element elementor-element-34dc995\" data-id=\"34dc995\" data-element_type=\"column\" data-e-type=\"column\">\n\t\t\t<div class=\"elementor-widget-wrap elementor-element-populated\">\n\t\t\t\t\t\t<div class=\"elementor-element elementor-element-d2790b9 elementor-widget elementor-widget-heading\" data-id=\"d2790b9\" data-element_type=\"widget\" data-e-type=\"widget\" data-widget_type=\"heading.default\">\n\t\t\t\t<div class=\"elementor-widget-container\">\n\t\t\t\t\t<h2 class=\"elementor-heading-title elementor-size-default\">\u00a1No te conformes con menos!<\/h2>\t\t\t\t<\/div>\n\t\t\t\t<\/div>\n\t\t\t\t<div class=\"elementor-element elementor-element-4522154 elementor-widget elementor-widget-text-editor\" data-id=\"4522154\" data-element_type=\"widget\" data-e-type=\"widget\" data-widget_type=\"text-editor.default\">\n\t\t\t\t<div class=\"elementor-widget-container\">\n\t\t\t\t\t\t\t\t\t<p>Comun\u00edcate con nosotros ahora mismo y te ayudaremos a alcanzar tus metas de manera r\u00e1pida y efectiva.<\/p>\t\t\t\t\t\t\t\t<\/div>\n\t\t\t\t<\/div>\n\t\t\t\t<div class=\"elementor-element elementor-element-0ff5973 elementor-align-center elementor-invisible elementor-widget elementor-widget-button\" data-id=\"0ff5973\" data-element_type=\"widget\" data-e-type=\"widget\" data-settings=\"{&quot;_animation&quot;:&quot;fadeInDown&quot;}\" data-widget_type=\"button.default\">\n\t\t\t\t<div class=\"elementor-widget-container\">\n\t\t\t\t\t\t\t\t\t<div class=\"elementor-button-wrapper\">\n\t\t\t\t\t<a class=\"elementor-button elementor-button-link elementor-size-sm\" href=\"https:\/\/www.escom.edu.co\/?page_id=10\" target=\"_blank\">\n\t\t\t\t\t\t<span class=\"elementor-button-content-wrapper\">\n\t\t\t\t\t\t\t\t\t<span class=\"elementor-button-text\">Cont\u00e1ctanos<\/span>\n\t\t\t\t\t<\/span>\n\t\t\t\t\t<\/a>\n\t\t\t\t<\/div>\n\t\t\t\t\t\t\t\t<\/div>\n\t\t\t\t<\/div>\n\t\t\t\t\t<\/div>\n\t\t<\/div>\n\t\t\t\t\t<\/div>\n\t\t<\/section>\n\t\t<div class=\"elementor-element elementor-element-065b1f0 e-grid e-con-boxed e-con e-parent\" data-id=\"065b1f0\" data-element_type=\"container\" data-e-type=\"container\">\n\t\t\t\t\t<div class=\"e-con-inner\">\n\t\t\t\t<div class=\"elementor-element elementor-element-7bccae5 elementor-widget elementor-widget-site-logo\" data-id=\"7bccae5\" data-element_type=\"widget\" data-e-type=\"widget\" data-settings=\"{&quot;align&quot;:&quot;center&quot;,&quot;width&quot;:{&quot;unit&quot;:&quot;%&quot;,&quot;size&quot;:&quot;&quot;,&quot;sizes&quot;:[]},&quot;width_tablet&quot;:{&quot;unit&quot;:&quot;%&quot;,&quot;size&quot;:&quot;&quot;,&quot;sizes&quot;:[]},&quot;width_mobile&quot;:{&quot;unit&quot;:&quot;%&quot;,&quot;size&quot;:&quot;&quot;,&quot;sizes&quot;:[]},&quot;space&quot;:{&quot;unit&quot;:&quot;%&quot;,&quot;size&quot;:&quot;&quot;,&quot;sizes&quot;:[]},&quot;space_tablet&quot;:{&quot;unit&quot;:&quot;%&quot;,&quot;size&quot;:&quot;&quot;,&quot;sizes&quot;:[]},&quot;space_mobile&quot;:{&quot;unit&quot;:&quot;%&quot;,&quot;size&quot;:&quot;&quot;,&quot;sizes&quot;:[]},&quot;image_border_radius&quot;:{&quot;unit&quot;:&quot;px&quot;,&quot;top&quot;:&quot;&quot;,&quot;right&quot;:&quot;&quot;,&quot;bottom&quot;:&quot;&quot;,&quot;left&quot;:&quot;&quot;,&quot;isLinked&quot;:true},&quot;image_border_radius_tablet&quot;:{&quot;unit&quot;:&quot;px&quot;,&quot;top&quot;:&quot;&quot;,&quot;right&quot;:&quot;&quot;,&quot;bottom&quot;:&quot;&quot;,&quot;left&quot;:&quot;&quot;,&quot;isLinked&quot;:true},&quot;image_border_radius_mobile&quot;:{&quot;unit&quot;:&quot;px&quot;,&quot;top&quot;:&quot;&quot;,&quot;right&quot;:&quot;&quot;,&quot;bottom&quot;:&quot;&quot;,&quot;left&quot;:&quot;&quot;,&quot;isLinked&quot;:true},&quot;caption_padding&quot;:{&quot;unit&quot;:&quot;px&quot;,&quot;top&quot;:&quot;&quot;,&quot;right&quot;:&quot;&quot;,&quot;bottom&quot;:&quot;&quot;,&quot;left&quot;:&quot;&quot;,&quot;isLinked&quot;:true},&quot;caption_padding_tablet&quot;:{&quot;unit&quot;:&quot;px&quot;,&quot;top&quot;:&quot;&quot;,&quot;right&quot;:&quot;&quot;,&quot;bottom&quot;:&quot;&quot;,&quot;left&quot;:&quot;&quot;,&quot;isLinked&quot;:true},&quot;caption_padding_mobile&quot;:{&quot;unit&quot;:&quot;px&quot;,&quot;top&quot;:&quot;&quot;,&quot;right&quot;:&quot;&quot;,&quot;bottom&quot;:&quot;&quot;,&quot;left&quot;:&quot;&quot;,&quot;isLinked&quot;:true},&quot;caption_space&quot;:{&quot;unit&quot;:&quot;px&quot;,&quot;size&quot;:0,&quot;sizes&quot;:[]},&quot;caption_space_tablet&quot;:{&quot;unit&quot;:&quot;px&quot;,&quot;size&quot;:&quot;&quot;,&quot;sizes&quot;:[]},&quot;caption_space_mobile&quot;:{&quot;unit&quot;:&quot;px&quot;,&quot;size&quot;:&quot;&quot;,&quot;sizes&quot;:[]}}\" data-widget_type=\"site-logo.default\">\n\t\t\t\t<div class=\"elementor-widget-container\">\n\t\t\t\t\t\t\t<div class=\"hfe-site-logo\">\n\t\t\t\t\t\t\t\t\t\t\t\t\t<a data-elementor-open-lightbox=\"\"  class='elementor-clickable' href=\"https:\/\/www.escom.edu.co\">\n\t\t\t\t\t\t\t<div class=\"hfe-site-logo-set\">           \n\t\t\t\t<div class=\"hfe-site-logo-container\">\n\t\t\t\t\t\t\t\t\t<img decoding=\"async\" src=\"https:\/\/www.escom.edu.co\/wp-content\/uploads\/2024\/07\/logos-1-300x300.png\" alt=\"default-logo\" class=\"hfe-site-logo-img elementor-animation-\" width=\"300\" height=\"300\" \/>\n\t\t\t\t<\/div>\n\t\t\t<\/div>\n\t\t\t\t\t\t\t<\/a>\n\t\t\t\t\t\t<\/div>  \n\t\t\t\t\t\t\t<\/div>\n\t\t\t\t<\/div>\n\t\t\t\t<div class=\"elementor-element elementor-element-f96bb70 elementor-widget__width-auto elementor-widget elementor-widget-text-editor\" data-id=\"f96bb70\" data-element_type=\"widget\" data-e-type=\"widget\" data-widget_type=\"text-editor.default\">\n\t\t\t\t<div class=\"elementor-widget-container\">\n\t\t\t\t\t\t\t\t\t<p style=\"text-align: left;\">Calle 5 No. 15 \u2013 00<span style=\"color: var( --e-global-color-text ); letter-spacing: 0px; background-color: var( --e-global-color-c696dce );\">, Barrio Dos Caminos<\/span><\/p><p style=\"text-align: left;\">Cant\u00f3n Militar de Comunicaciones<\/p><p style=\"text-align: left;\">C\u00f3digo postal: 253051<\/p><p>Email: <a href=\"mailto:admisiones.escom@cedoc.edu.co\">admisiones.escom@cedoc.edu.co<\/a><\/p><p>Contacto: 3133003799<\/p><p>Facatativ\u00e1 &#8211; Cundinamarca<\/p>\t\t\t\t\t\t\t\t<\/div>\n\t\t\t\t<\/div>\n\t\t\t\t\t<\/div>\n\t\t\t\t<\/div>\n\t\t\t\t<\/div>\n\t\t","protected":false},"excerpt":{"rendered":"<p>Pregrados Ingenier\u00eda Electr\u00f3nica y Telecomunicaciones Duraci\u00f3n:&nbsp;5 A\u00f1os \u2013 10 semestres. Valor semestre:&nbsp;$ 4.611.700 tarifa 2026 (inversi\u00f3n total aproximada $ 46.117.000). Sujeto a incrementos anuales por el IPC. Dirigido a:&nbsp;A bachilleres que hayan presentado las pruebas saber 11 o ICFES. El programa Ingenier\u00eda Electr\u00f3nica y Telecomunicaciones cuenta con el reconocimiento del Ministerio de Educaci\u00f3n con&nbsp;Registro Calificado&nbsp;activo [&hellip;]<\/p>\n","protected":false},"author":1,"featured_media":0,"parent":0,"menu_order":0,"comment_status":"closed","ping_status":"closed","template":"","meta":{"footnotes":""},"class_list":["post-158","page","type-page","status-publish","hentry"],"_links":{"self":[{"href":"https:\/\/www.escom.edu.co\/index.php?rest_route=\/wp\/v2\/pages\/158","targetHints":{"allow":["GET"]}}],"collection":[{"href":"https:\/\/www.escom.edu.co\/index.php?rest_route=\/wp\/v2\/pages"}],"about":[{"href":"https:\/\/www.escom.edu.co\/index.php?rest_route=\/wp\/v2\/types\/page"}],"author":[{"embeddable":true,"href":"https:\/\/www.escom.edu.co\/index.php?rest_route=\/wp\/v2\/users\/1"}],"replies":[{"embeddable":true,"href":"https:\/\/www.escom.edu.co\/index.php?rest_route=%2Fwp%2Fv2%2Fcomments&post=158"}],"version-history":[{"count":127,"href":"https:\/\/www.escom.edu.co\/index.php?rest_route=\/wp\/v2\/pages\/158\/revisions"}],"predecessor-version":[{"id":5881,"href":"https:\/\/www.escom.edu.co\/index.php?rest_route=\/wp\/v2\/pages\/158\/revisions\/5881"}],"wp:attachment":[{"href":"https:\/\/www.escom.edu.co\/index.php?rest_route=%2Fwp%2Fv2%2Fmedia&parent=158"}],"curies":[{"name":"wp","href":"https:\/\/api.w.org\/{rel}","templated":true}]}}