{"id":152,"date":"2024-07-06T03:53:18","date_gmt":"2024-07-06T03:53:18","guid":{"rendered":"https:\/\/www.escom.edu.co\/?page_id=152"},"modified":"2024-07-25T20:56:36","modified_gmt":"2024-07-25T20:56:36","slug":"resena-historica","status":"publish","type":"page","link":"https:\/\/www.escom.edu.co\/?page_id=152","title":{"rendered":"Rese\u00f1a Hist\u00f3rica"},"content":{"rendered":"\t\t<div data-elementor-type=\"wp-page\" data-elementor-id=\"152\" class=\"elementor elementor-152\">\n\t\t\t\t\t\t<section class=\"elementor-section elementor-top-section elementor-element elementor-element-03edffa elementor-section-boxed elementor-section-height-default elementor-section-height-default\" data-id=\"03edffa\" data-element_type=\"section\" data-e-type=\"section\">\n\t\t\t\t\t\t\t<div class=\"elementor-background-overlay\"><\/div>\n\t\t\t\t\t\t\t<div class=\"elementor-container elementor-column-gap-default\">\n\t\t\t\t\t<div class=\"elementor-column elementor-col-100 elementor-top-column elementor-element elementor-element-21e6ef0\" data-id=\"21e6ef0\" data-element_type=\"column\" data-e-type=\"column\">\n\t\t\t<div class=\"elementor-widget-wrap elementor-element-populated\">\n\t\t\t\t\t\t<div class=\"elementor-element elementor-element-7329dca elementor-widget elementor-widget-heading\" data-id=\"7329dca\" data-element_type=\"widget\" data-e-type=\"widget\" data-widget_type=\"heading.default\">\n\t\t\t\t<div class=\"elementor-widget-container\">\n\t\t\t\t\t<h2 class=\"elementor-heading-title elementor-size-default\">Rese\u00f1a Hist\u00f3rica<\/h2>\t\t\t\t<\/div>\n\t\t\t\t<\/div>\n\t\t\t\t\t<\/div>\n\t\t<\/div>\n\t\t\t\t\t<\/div>\n\t\t<\/section>\n\t\t<div class=\"elementor-element elementor-element-994969c e-flex e-con-boxed e-con e-parent\" data-id=\"994969c\" data-element_type=\"container\" data-e-type=\"container\">\n\t\t\t\t\t<div class=\"e-con-inner\">\n\t\t\t\t<div class=\"elementor-element elementor-element-3010b14 elementor-widget elementor-widget-text-editor\" data-id=\"3010b14\" data-element_type=\"widget\" data-e-type=\"widget\" data-widget_type=\"text-editor.default\">\n\t\t\t\t<div class=\"elementor-widget-container\">\n\t\t\t\t\t\t\t\t\t<ul>\n<li>Mediante Decreto No. 1937 de 1944 fue creada la Escuela de Transmisiones como Unidad perteneciente a la Brigada de Institutos Militares con guarnici\u00f3n en el municipio de Facatativ\u00e1, nombrando como Comandante al se\u00f1or CT. EUSEBIO CORTES FORNIGUERA, firmado por el se\u00f1or Ministro de Guerra Alfonso Lopez<\/li>\n<li>Mediante Decreto No. 580 de fecha de 17 de febrero de 1948 se traslada la Escuela de Transmisiones a la ciudad de Ibagu\u00e9 \u2013 Tolima.<\/li>\n<li>Mediante Decreto No. 2029 del 17 de julio de 1948 designa la ciudad de Bogot\u00e1 como nueva guarnici\u00f3n de la Escuela de Transmisiones.<\/li>\n<li>El 15 de Noviembre de 1959 se traslada la Escuela de Transmisiones a las instalaciones del Batall\u00f3n de Ingenieros Caldas ubicada en Puente Aranda.<\/li>\n<li>&nbsp;Mediante resoluci\u00f3n 13 del 11 de mayo de 1962, adopta y aprueba el estandarte, el escudo y el himno de la Escuela de Transmisiones. en la que el Comandante del Ej\u00e9rcito en sus facultades legales y de conformidad con la Resoluci\u00f3n Ministerial No. 2473 de 1951 y en consideraci\u00f3n a que la Escuela de Transmisiones carece de s\u00edmbolos e insignias que la distinguen:<\/li>\n<\/ul>\n<p><br><\/p><p>Estandarte: ser\u00e1 de color oro quemado, representativo de las transmisiones en todo el mundo, su tama\u00f1o y forma estar\u00e1n acorde con lo instituido en el Reglamento de Protocolo Ceremonial Militar.<\/p>\n<p>Escudo: de forma espa\u00f1ola, lleva en campo de gales dos rayos, el globo terr\u00e1queo en plata con el hemisferio americano oro sable.<\/p>\n<p>El campo de gales, color fuego del fuego y de la sangre que corriere a los h\u00e9roes de la guerra es her\u00e1ldicamente s\u00edmbolo de la energ\u00eda significatoria.<\/p>\n<p>El rayo, personifica en la mitolog\u00eda por J\u00fapiter, es s\u00edmbolo de la rapidez que caracteriza las transmisiones.<\/p>\n<p>El oro, significa juicio, inteligencia, madurez de esp\u00edritu, nobleza, magnimidad, riquezas, poder y sabidur\u00eda.<\/p>\n<p>El Globo terr\u00e1queo, mostrando el hemisferio americano, significa la unidad lograda por las transmisiones combinado con los rayos significa la t\u00e9cnica traducida en rapidez para servir los nobles intereses del mando cualesquiera sean las distancias. La combinaci\u00f3n de plata y sable indica obediencia y firmeza de car\u00e1cter.<\/p>\n<p><strong>INDEPENDIZACION DEL LA ESCUELA DE COMUICACIONES<\/strong><\/p>\n<p>De acuerdo a la resoluci\u00f3n Ministerial No. 2400 de 1983 el se\u00f1or General Ministro de Defensa Fernando Landaz\u00e1bal Reyes aprob\u00f3 las Disposiciones No. 00018 y 0019 con las cuales activa el Batall\u00f3n Escuela de Comunicaciones org\u00e1nico de la BR-13.<\/p>\n<p><strong>INDEPENDIZACION DEL BATALLON DE COMUNICACIONES No1 Y DE LA ESCUELA DE COMUICACIONES<\/strong><\/p>\n<p>El 01 de Diciembre de 1996 gloriosamente en las instalaciones, siendo comandante el se\u00f1or TC LUIS GUSTAVO RODR\u00cdGUEZ MACHUCA, en donde opera el sistema acad\u00e9mico y el sistema t\u00e1ctico como Batall\u00f3n Escuela de comunicaciones org\u00e1nica de la D\u00e9cima Quinta Brigada<\/p>\n<p>Ante los objetivos propuestos por el mando militar de independizar a todas las Escuelas de formaci\u00f3n y capacitaci\u00f3n de la situaci\u00f3n operativa para darle inter\u00e9s necesario y profesional a la instituci\u00f3n; la Escuela de Comunicaciones reorganiza en cumplimiento de su misi\u00f3n, reorganiza su estructura funcional y las tablas de organizaci\u00f3n y equipo TOE, quedando funcionando con siete departamentos as\u00ed:<\/p>\n<ul>\n<li>Departamento de evoluci\u00f3n y apoyo acad\u00e9mico<\/li>\n<li>Departamento de investigaci\u00f3n y doctrina<\/li>\n<li>Departamento de t\u00e9cnico<\/li>\n<li>Departamento t\u00e1ctico<\/li>\n<li>Departamento de guerra electr\u00f3nica<\/li>\n<li>Departamento human\u00edstico y complementario<\/li>\n<li>Departamento de educaci\u00f3n superior<\/li>\n<\/ul>\n<p><strong>&nbsp;<\/strong><\/p>\n<p><strong>RECONCIMIENTO COMO ARMA DE COMBATE<\/strong><\/p>\n<p>Esta hist\u00f3rica realizaci\u00f3n llego a feliz t\u00e9rmino con el decidi\u00f3 apoyo y especial inter\u00e9s del entonces Comandante General de las Fuerza Militares <strong>GENERAL HAROLD BEDOYA PIZARRO, <\/strong>Comandante del Ejercito<strong>&nbsp; SE\u00d1OR GENERAL MANUEL JOSE BONETT LOCARDO, <\/strong>Jefe de Estado Mayor Conjunto<strong> Mayor General NORBERTO ADRADA CORDOBA <\/strong>y quienes en compa\u00f1\u00eda de Se\u00f1or <strong>SENADOR GUILERMO MARTINEZ GUERRA, <\/strong>presentaron el proyecto de ley ante el senado de la rep\u00fablica para el correspondiente estudio por parte de la comisi\u00f3n segunda y una vez aprobada la reuni\u00f3n plenaria pasar\u00eda a la c\u00e1mara de representantes tambi\u00e9n para su aprobaci\u00f3n y posterior envi\u00f3 al presidente de la rep\u00fablica para su sanci\u00f3n como Directo Ley<\/p>\n<p>El 22 de octubre de 1996 la secretaria general tramitaci\u00f3n de Leyes del senado de la rep\u00fablica se dirige&nbsp; al se\u00f1or presidente de la rep\u00fablica con el fin de que se proceda a repartir el proyecto de ley <strong>POR LA CUAL SE CREA EL ARMA DE COMUNICACIONES COMO ESPECIALIDAD ORGANICA DEL EJERCITO NACIONAL<\/strong>, La cual fue firmada por el presidente honorable del senado de la rep\u00fablica <strong>LUIS LONDO\u00d1O CAPURRO<\/strong>, el secretario General <strong>PEDRO PUMAREJO VEGA<\/strong>, el presidente honorable de la c\u00e1mara de representantes <strong>GIOVANNI LAMBOGLIA MAZZILLI<\/strong> y el secretario General de la honorable c\u00e1mara de representantes <strong>DIEGO VIVAS TAFUR<\/strong><\/p>\n<p>El 26 de Agosto de 1997 el se\u00f1or Presidente de la rep\u00fablica Doctor <strong>ERNESTO SAMPER PIZANO<\/strong>, dirige unas palabras con motivo de la sanci\u00f3n de ley que crea el arma de \u201c<strong>LAS COMUNICACIONES MILITARES<\/strong>\u201d<\/p>\n<p>Este logro institucional no solo incremento poderosamente la m\u00edstica y esp\u00edritu de cuerpo de los cuadros y soldados del arma de comunicaciones, sino que fortaleci\u00f3 la organizaci\u00f3n de la Fuerza, contribuyendo a su modernizaci\u00f3n y creo mecanismos que conduc\u00edan a la tecnificaci\u00f3n de los sistemas de mando, direcci\u00f3n y control que permitir\u00edan con \u00e9xito los factores generales de violencia que afronta el pa\u00eds.<\/p>\n<p>El 13 de Julio de 1998 se crea la Medalla \u201c<strong>ARCANGEL SAN GABRIEL<\/strong> \u201c nombre&nbsp; que se le da en honor al patrono de las comunicaciones por haber sido el primer comunicador de la gran noticia de la llegada del hijo de Dios, como un estimulo y reconocimiento al personal que se destaca en labores t\u00e9cnicos y t\u00e1cticos de la especialidad sobresaliendo por engrandecer el buen nombre del arma, as\u00ed mismo ser\u00e1 otorgada aquellas instituciones naturales y jur\u00eddicas que presten sus servicios en beneficio de las comunicaciones Militares.<\/p>\n<p><strong>LA ESCUELA<\/strong><strong> DE<\/strong><strong> COMUNICACIONES COMO ISTITUCION UNIVERSITARIA<\/strong><\/p>\n<p>siendo el mayor objetivo de la Escuela de Comunicaciones el de capacitar especializar y profesionalizar al personal de Oficiales Y Suboficiales de la Fuerza emprende en 1998 el proceso ante el instituto colombiano para el Fomento de la Educaci\u00f3n Superior (ICFES) y el Ministerio de Educaci\u00f3n Nacional, la sustentaci\u00f3n para la aprobaci\u00f3n como instituci\u00f3n Universitaria, logrando cumplir esta meta un a\u00f1o m\u00e1s tarde, obteniendo dicho reconocimiento mediante registro ICFES 2903 CON LA inscripci\u00f3n de dos carrera de pregrado y dos programas de postrados en la especialidad.<\/p>\n<p>As\u00ed mismo la Escuela Comunicaciones, como instituto de educaci\u00f3n superior, mantiene v\u00ednculos permanentes con los centros universitarios de Bogot\u00e1, mediante la realizaci\u00f3n de convenios e intercambio educativos, los cuales han permitido incrementar si nivel acad\u00e9mico y colocarla a la proyecci\u00f3n de convertirse en la primer instituci\u00f3n Universitaria del ejercito nacionales la formaci\u00f3n de profesionales y tecn\u00f3logos en el \u00e1rea de la electr\u00f3nica y las telecomunicaciones, ofreciendo el desarrollo de los programas de pregrado y postgrados acordes con el permanente avance ce la ciencia y la tecnolog\u00eda.<\/p>\n<p><strong>PREGRADOS<\/strong><\/p>\n<p>As\u00ed el 11 de julio de 2000 el ICFES autoriza a la Escuela de Comunicaciones para que realice el programa de <strong>tecnolog\u00eda en electr\u00f3nica y comunicaciones<\/strong> la cual fue incorporada al sistema nacional de informaci\u00f3n de la educaron superior&nbsp; SNIES el d\u00eda 11 de julio de 2000 con el c\u00f3digo 290326213842526913400<\/p>\n<p>El 19 de julio de 2000 el ICFES autoriza a la escuela de Comunicaciones otro programa llamado <strong>profesional en telecomunicaciones<\/strong> la cual fue incorporada al sistema nacional de informaci\u00f3n de la educaci\u00f3n superior SNIES el 19 de julio de 2000 con el c\u00f3digo 290343840002526913400<\/p>\n<p><strong>POSGRADOS<\/strong><\/p>\n<p>El 06 de marzo de 2001 el ICFES autoriza a la escuela de&nbsp; Comunicaciones el programa de especializaci\u00f3n llamado <strong>gerencia integral de las telecomunicaciones<\/strong> la cual fue incorporada al sistema nacional de informaci\u00f3n de la educaci\u00f3n superior SNIES el o6 de marzo de 2001 con el c\u00f3digo 290353840002526913400<\/p>\n<p>&nbsp;As\u00ed mismo el ICFES autoriza a la escuela de comunicaciones el programa de especializaci\u00f3n llamado<strong> seguridad f\u00edsica y de la informaci\u00f3n <\/strong>la cual fue incorporada al sistema nacional de informaci\u00f3n de la educaci\u00f3n superior SNIES el 06 de marzo del 2001 con el c\u00f3digo 290353630102526913400<\/p>\n<p>Mediante alianzas estrat\u00e9gicas con el SENA se realizo el convenio de formaci\u00f3n y capacitaci\u00f3n en telecomunicaciones y desarrollo del talento humano, con el fin de contribuir a la capacitaci\u00f3n y especializaci\u00f3n de los programas de pregrados y postgrados que se desarrollan en&nbsp; Escuela.<\/p>\n<p><strong>TRASLADO DEL LABORATORIO DE&nbsp; MANTENIMIENTO AL CANTON DE DE LAS&nbsp; COMUNICACIONES DEL BATALLON DE MANTENIMIENTO \u201c<\/strong><\/p>\n<p><strong>JOSE MARIA ROSILLO\u201d&nbsp; QUEDANDO BAJO EL CONTROL Y DIRECCION DE LA ESCUELA DE COMUICACIONES<\/strong><\/p>\n<p>Con el prop\u00f3sito de crear el Batall\u00f3n de Mantenimiento de Comunicaciones del Ejercito, el de permitir una mayor producci\u00f3n en la reparaci\u00f3n de los equipos y el de capacitar al personal de alumnos que adelantan las diferentes especializaciones en el mantenimiento de los sistemas de comunicaciones se traslado el 01 de septiembre de 2001 el laboratorio de mantenimiento que se encontraba en el Batall\u00f3n de Mantenimiento ubicado en el 20 de julio al Cant\u00f3n de las Comunicaciones bajo la direcci\u00f3n del SM JOSE MALDONADO GALLEGO ADRUBAL , como una iniciativa del se\u00f1or BG. COM. FRANCISCO BARON VELASCO&nbsp; Jefe log\u00edstico del Ejercito, del se\u00f1or CR LUI GUSTAVO RODRIGUES MACHUCA Comandante de la brigada log\u00edstica, del se\u00f1or CR JORJE ELIECER CORTES RIA\u00d1O Director de Comunicaciones de Ejercito y TC.&nbsp;<span style=\"background-color: transparent; color: var( --e-global-color-text ); letter-spacing: 0px;\">ALVAO VIVEROS CASTELLANOS del Director de la Escuela de Comunicaciones.<\/span><\/p>\n<p><strong style=\"color: var( --e-global-color-text ); letter-spacing: 0px; background-color: var( --e-global-color-c696dce );\">ACTIVACION DEL MUSEO MILITAR DE ESCUELA DE COMUNICACIONES<\/strong><\/p>\n<p>En la&nbsp; b\u00fasqueda de resguardar&nbsp; y conservar un legado de todos los equipos y sistemas de comunicaci\u00f3n militares que han hecho parte de la historia de nuestro ej\u00e9rcito, se inauguro el 01 de septiembre de 2001 el <strong>museo militar de las comunicaciones \u201cTC. JORGE EDGARDO MARIN GOMEZ\u201d bajo la direcci\u00f3n del se\u00f1or TC. ALVARO VIVEROS CASTELLANOIS Director de la Escuela de Comunicaciones, <\/strong>implement\u00e1ndose y ambient\u00e1ndose con equipos que aun estando en funcionamiento son considerados obsoletos ya que la tecnolog\u00eda digital los reemplazo<strong>.<\/strong><\/p>\n<p><strong style=\"color: var( --e-global-color-text ); letter-spacing: 0px; background-color: var( --e-global-color-c696dce );\">APROBACI\u00d3N MANUALES DE COMUNICACIONES<\/strong><\/p>\n<p>Luego de un proceso de investigaci\u00f3n y de recolecci\u00f3n de informaci\u00f3n que inicia en el a\u00f1o 2000; el 08 de noviembre de 2002&nbsp; mediante acta No. 000691 registrado al folio No. 100 se efectu\u00f3 la reuni\u00f3n del Comit\u00e9 t\u00e9cnico doctrinario del Ejercito, Director de la Escuela de Militar de Cadetes, el Jefe del Departamento de Instrucci\u00f3n y Entrenamiento y Directores de las unidades de la JEDOC, aprob\u00e1ndose los manuales de COMUINCACIONES EN guerra irregular&nbsp; y Manual de guerra electr\u00f3nica los cuales fueron enviados a revisi\u00f3n jur\u00eddica para posteriormente constituirse en doctrina del arma a nivel Ejercito, contribuyendo a dar identidad a las Comunicaciones Militares.<\/p>\n<p>&nbsp;El 21 de febrero de 2003&nbsp; mediante resoluci\u00f3n No 000123 de 2003, se APRUEBA EL Manual de guerra electr\u00f3nica (MANUAL EJC 4-14 ESTRINGIDO&nbsp; PRIMERA EDICION) aprobada y firmada por el se\u00f1or General CARLOS ALBERTO OSPINA OVALLE, Comandante del Ej\u00e9rcito Nacional.<\/p>\n<p>04 de abril de 2005 construcci\u00f3n de la tienda del alumno bajo&nbsp; la direcci\u00f3n del se\u00f1or TC. Oscar Hern\u00e1n Ruiz machado el<\/p>\n<p>El laboratorio de manteniendo de comunicaciones pasa hacer del batall\u00f3n de comunicaciones no1 ordenado por la jefatura de operaciones del ejercito<\/p>\n<p>La&nbsp; banderola&nbsp; centro de esparcimiento<\/p>\n<p>04 de octubre de 2007&nbsp; remodelaci\u00f3n de la que era la sed\u00e9 del dispensario para convertirse en sede habitacional de los oficiales que ingresan a la escuela para desarrollar&nbsp; los diferentes cursos que ofrece la escuela de comunicaciones el bajo la Direcci\u00f3n del se\u00f1or TC Oscar Alberto Quintero Gonz\u00e1lez<\/p>\n<p>El 04 de octubre de 2007 bajo remodelaci\u00f3n del alojamiento ala derecha para convertirse en sede habitacional de los&nbsp; suboficiales que ingresan a la escuela para desarrollar&nbsp; los diferentes cursos que ofrece la escuela de comunicaciones la Direcci\u00f3n del se\u00f1or TC Oscar Alberto Quintero Gonz\u00e1lez<\/p>\n<p>El 01 de septiembre de 2008 remodelaci\u00f3n de los laboratorios de electr\u00f3nica b\u00e1sica, electr\u00f3nica digital&nbsp; bajo la Direcci\u00f3n el se\u00f1or TC. Carlos Arturo Rueda V\u00e1squez<\/p>\n<p>04 de marzo del 2009 construcci\u00f3n de la biblioteca bajo la Direcci\u00f3n el se\u00f1or TC. Carlos Arturo Rueda V\u00e1squez<\/p>\n<p>El 01 de junio de 2009 se traslada del almac\u00e9n de comunicaciones&nbsp; para los dep\u00f3sitos principales del cant\u00f3n para construir un aula<\/p>\n<p>Bajo la Direcci\u00f3n el se\u00f1or TC. Carlos Arturo Rueda V\u00e1squez<\/p>\n<p><strong>ARCANGEL SAN GABRIEL :<\/strong><\/p>\n<p>Arc\u00e1ngel San Gabriel, patr\u00f3n celeste de las telecomunicaciones<\/p>\n<p>Pio XII, Breve apost\u00f3lico del 12 de enero de 1951 \u201cconstituimos para siempre y declaramos a San Gabriel Arc\u00e1ngel Patrono celeste ante dios de las comunicaciones, de sus especialistas y de todos los empleados, concediendo a San Gabriel todos los honores y privilegios que corresponden a los patronos principales (Cfr. Carta apost\u00f3lica \u201cQuandoquidem\u201d del 9 de diciembre de 1972)<\/p>\n<p>Se designo a San Gabriel Arc\u00e1ngel como patrono de las comunicaciones de la fuerza Armadas de Colombia, pues el car\u00e1cter b\u00edblico lo honra con haber cumplido la misi\u00f3n de \u201ccomunicar \u201ca la Sant\u00edsima Virgen Mar\u00eda, que Dios la hab\u00eda elegido como madre del Redentor del Mundo.<\/p>\n<p>\u201ctodo don excelente, toda, gracia perfecta desciende de lo alto, del padre de las luces, por eso hay que admirar la sabidur\u00eda Divina que ha permitido a los hombres, gracias a las numerosas inversiones nacidas del genio de nuestra \u00e9poca, poder, por medio de la electricidad, telegrafiar a los ausentes con una maravillosa rapidez, telefonear a distancias extraordinarias, enviar mensajes por las ondas a\u00e9reas y finalmente contemplar la visi\u00f3n de las cosas y de los hechos que se encuentran muy lejos de los lugares donde habitan.<\/p>\n<p>Esos, instrumentos, construidos seg\u00fan la regla del arte, pueden ser muy nocivos si son empleados con malas intenciones, pero por lo contrario, pueden ayudar poderosamente al desarrollo y a la reafirmaci\u00f3n de las relaciones fraternales entre los hombres, al progreso de la civilizaci\u00f3n, a la propagaci\u00f3n ilimitada de las artes y ciencia, e incluso a la ense\u00f1anza de los preceptos de la religi\u00f3n, a la trasmisi\u00f3n de la palabra del pastor supremo desde la sede de Pedro a todas las naciones y a la admirable uni\u00f3n de todos los corazones para dirigir hacia la Majestad Divina oraciones publicas hechas por ese medio en todo el universo.<\/p>\n<p>Por eso, nuestra madre la Santa iglesia, jam\u00e1s se ha opuesto al progreso de la civilizaci\u00f3n humana, pero tuvo y tiene el cuidado de sostenerlo, desarrollarlo y alentarlo en la mayor medida, dado que todo lo que se puede descubrir de nuevo debe ser considerado como un trazo de la inteligencia Divina asegurar a esas ciencias maravillosas y a aquellos que las ponen en obra o que las explotan, en beneficio de una protecci\u00f3n celeste.<\/p>\n<p>Frente al pedido hecho por muchas personas destacadas, que ejercen su actividad en este ramo, de darles a ellos y sus colegas. Como Patr\u00f3n Celeste, delante de Dios, al Arc\u00e1ngel San Gabriel que trajo el genero humano sumergido su salvaci\u00f3n, el anuncio largamente anunciado de la Redenci\u00f3n de los hombres, nos decidimos acoger favorablemente, vista su importancia y gravedad, este pedido que corresponde a nuestro propio pensamiento y a nuestros propios deseos. As\u00ed pues, usando de la plenitud el poder apost\u00f3lico, mediante esta carta y por siempre, constituimos y declaramos al Arc\u00e1ngel San Gabriel, patr\u00f3n celeste ante de Dios de esta profesi\u00f3n, de sus especialistas y empleados, atribuy\u00e9ndole todos los honores y privilegios lit\u00fargicos que pertenecen regularmente a los patrones principales.<\/p>\t\t\t\t\t\t\t\t<\/div>\n\t\t\t\t<\/div>\n\t\t\t\t\t<\/div>\n\t\t\t\t<\/div>\n\t\t<div class=\"elementor-element elementor-element-f57d540 e-grid e-con-boxed e-con e-parent\" data-id=\"f57d540\" data-element_type=\"container\" data-e-type=\"container\">\n\t\t\t\t\t<div class=\"e-con-inner\">\n\t\t\t\t<div class=\"elementor-element elementor-element-9ad4431 elementor-widget elementor-widget-site-logo\" data-id=\"9ad4431\" data-element_type=\"widget\" data-e-type=\"widget\" data-settings=\"{&quot;align&quot;:&quot;center&quot;,&quot;width&quot;:{&quot;unit&quot;:&quot;%&quot;,&quot;size&quot;:&quot;&quot;,&quot;sizes&quot;:[]},&quot;width_tablet&quot;:{&quot;unit&quot;:&quot;%&quot;,&quot;size&quot;:&quot;&quot;,&quot;sizes&quot;:[]},&quot;width_mobile&quot;:{&quot;unit&quot;:&quot;%&quot;,&quot;size&quot;:&quot;&quot;,&quot;sizes&quot;:[]},&quot;space&quot;:{&quot;unit&quot;:&quot;%&quot;,&quot;size&quot;:&quot;&quot;,&quot;sizes&quot;:[]},&quot;space_tablet&quot;:{&quot;unit&quot;:&quot;%&quot;,&quot;size&quot;:&quot;&quot;,&quot;sizes&quot;:[]},&quot;space_mobile&quot;:{&quot;unit&quot;:&quot;%&quot;,&quot;size&quot;:&quot;&quot;,&quot;sizes&quot;:[]},&quot;image_border_radius&quot;:{&quot;unit&quot;:&quot;px&quot;,&quot;top&quot;:&quot;&quot;,&quot;right&quot;:&quot;&quot;,&quot;bottom&quot;:&quot;&quot;,&quot;left&quot;:&quot;&quot;,&quot;isLinked&quot;:true},&quot;image_border_radius_tablet&quot;:{&quot;unit&quot;:&quot;px&quot;,&quot;top&quot;:&quot;&quot;,&quot;right&quot;:&quot;&quot;,&quot;bottom&quot;:&quot;&quot;,&quot;left&quot;:&quot;&quot;,&quot;isLinked&quot;:true},&quot;image_border_radius_mobile&quot;:{&quot;unit&quot;:&quot;px&quot;,&quot;top&quot;:&quot;&quot;,&quot;right&quot;:&quot;&quot;,&quot;bottom&quot;:&quot;&quot;,&quot;left&quot;:&quot;&quot;,&quot;isLinked&quot;:true},&quot;caption_padding&quot;:{&quot;unit&quot;:&quot;px&quot;,&quot;top&quot;:&quot;&quot;,&quot;right&quot;:&quot;&quot;,&quot;bottom&quot;:&quot;&quot;,&quot;left&quot;:&quot;&quot;,&quot;isLinked&quot;:true},&quot;caption_padding_tablet&quot;:{&quot;unit&quot;:&quot;px&quot;,&quot;top&quot;:&quot;&quot;,&quot;right&quot;:&quot;&quot;,&quot;bottom&quot;:&quot;&quot;,&quot;left&quot;:&quot;&quot;,&quot;isLinked&quot;:true},&quot;caption_padding_mobile&quot;:{&quot;unit&quot;:&quot;px&quot;,&quot;top&quot;:&quot;&quot;,&quot;right&quot;:&quot;&quot;,&quot;bottom&quot;:&quot;&quot;,&quot;left&quot;:&quot;&quot;,&quot;isLinked&quot;:true},&quot;caption_space&quot;:{&quot;unit&quot;:&quot;px&quot;,&quot;size&quot;:0,&quot;sizes&quot;:[]},&quot;caption_space_tablet&quot;:{&quot;unit&quot;:&quot;px&quot;,&quot;size&quot;:&quot;&quot;,&quot;sizes&quot;:[]},&quot;caption_space_mobile&quot;:{&quot;unit&quot;:&quot;px&quot;,&quot;size&quot;:&quot;&quot;,&quot;sizes&quot;:[]}}\" data-widget_type=\"site-logo.default\">\n\t\t\t\t<div class=\"elementor-widget-container\">\n\t\t\t\t\t\t\t<div class=\"hfe-site-logo\">\n\t\t\t\t\t\t\t\t\t\t\t\t\t<a data-elementor-open-lightbox=\"\"  class='elementor-clickable' href=\"https:\/\/www.escom.edu.co\">\n\t\t\t\t\t\t\t<div class=\"hfe-site-logo-set\">           \n\t\t\t\t<div class=\"hfe-site-logo-container\">\n\t\t\t\t\t\t\t\t\t<img fetchpriority=\"high\" decoding=\"async\" src=\"https:\/\/www.escom.edu.co\/wp-content\/uploads\/2024\/07\/logos-1-300x300.png\" alt=\"default-logo\" class=\"hfe-site-logo-img elementor-animation-\" width=\"300\" height=\"300\" \/>\n\t\t\t\t<\/div>\n\t\t\t<\/div>\n\t\t\t\t\t\t\t<\/a>\n\t\t\t\t\t\t<\/div>  \n\t\t\t\t\t\t\t<\/div>\n\t\t\t\t<\/div>\n\t\t\t\t<div class=\"elementor-element elementor-element-d2bd137 elementor-widget__width-auto elementor-widget elementor-widget-text-editor\" data-id=\"d2bd137\" data-element_type=\"widget\" data-e-type=\"widget\" data-widget_type=\"text-editor.default\">\n\t\t\t\t<div class=\"elementor-widget-container\">\n\t\t\t\t\t\t\t\t\t<p style=\"text-align: left;\">Calle 5 No. 15 \u2013 00<span style=\"color: var( --e-global-color-text ); letter-spacing: 0px; background-color: var( --e-global-color-c696dce );\">, Barrio Dos Caminos<\/span><\/p><p style=\"text-align: left;\">Cant\u00f3n Militar de Comunicaciones<\/p><p style=\"text-align: left;\">C\u00f3digo postal: 253051<\/p><p>Email: <a href=\"mailto:admisiones.escom@cedoc.edu.co\">admisiones.escom@cedoc.edu.co<\/a><\/p><p>Contacto: 3133003799<\/p><p>Facatativ\u00e1 &#8211; Cundinamarca<\/p>\t\t\t\t\t\t\t\t<\/div>\n\t\t\t\t<\/div>\n\t\t\t\t\t<\/div>\n\t\t\t\t<\/div>\n\t\t\t\t<\/div>\n\t\t","protected":false},"excerpt":{"rendered":"<p>Rese\u00f1a Hist\u00f3rica Mediante Decreto No. 1937 de 1944 fue creada la Escuela de Transmisiones como Unidad perteneciente a la Brigada de Institutos Militares con guarnici\u00f3n en el municipio de Facatativ\u00e1, nombrando como Comandante al se\u00f1or CT. EUSEBIO CORTES FORNIGUERA, firmado por el se\u00f1or Ministro de Guerra Alfonso Lopez Mediante Decreto No. 580 de fecha de [&hellip;]<\/p>\n","protected":false},"author":1,"featured_media":0,"parent":0,"menu_order":0,"comment_status":"closed","ping_status":"closed","template":"","meta":{"footnotes":""},"class_list":["post-152","page","type-page","status-publish","hentry"],"_links":{"self":[{"href":"https:\/\/www.escom.edu.co\/index.php?rest_route=\/wp\/v2\/pages\/152","targetHints":{"allow":["GET"]}}],"collection":[{"href":"https:\/\/www.escom.edu.co\/index.php?rest_route=\/wp\/v2\/pages"}],"about":[{"href":"https:\/\/www.escom.edu.co\/index.php?rest_route=\/wp\/v2\/types\/page"}],"author":[{"embeddable":true,"href":"https:\/\/www.escom.edu.co\/index.php?rest_route=\/wp\/v2\/users\/1"}],"replies":[{"embeddable":true,"href":"https:\/\/www.escom.edu.co\/index.php?rest_route=%2Fwp%2Fv2%2Fcomments&post=152"}],"version-history":[{"count":40,"href":"https:\/\/www.escom.edu.co\/index.php?rest_route=\/wp\/v2\/pages\/152\/revisions"}],"predecessor-version":[{"id":883,"href":"https:\/\/www.escom.edu.co\/index.php?rest_route=\/wp\/v2\/pages\/152\/revisions\/883"}],"wp:attachment":[{"href":"https:\/\/www.escom.edu.co\/index.php?rest_route=%2Fwp%2Fv2%2Fmedia&parent=152"}],"curies":[{"name":"wp","href":"https:\/\/api.w.org\/{rel}","templated":true}]}}